{"id":4864,"date":"2021-08-18T11:55:33","date_gmt":"2021-08-18T03:55:33","guid":{"rendered":"https:\/\/www.moneythor.com\/?page_id=4864"},"modified":"2021-08-18T11:55:33","modified_gmt":"2021-08-18T03:55:33","slug":"%e5%8f%8e%e7%a9%ab%e3%81%af%e3%82%bd%e3%83%aa%e3%83%a5%e3%83%bc%e3%82%b7%e3%83%a7%e3%83%b3%e3%82%92%e7%b5%b1%e5%90%88%e3%81%99%e3%82%8bmoneythor","status":"publish","type":"page","link":"https:\/\/www.moneythor.com\/jp\/%e5%8f%8e%e7%a9%ab%e3%81%af%e3%82%bd%e3%83%aa%e3%83%a5%e3%83%bc%e3%82%b7%e3%83%a7%e3%83%b3%e3%82%92%e7%b5%b1%e5%90%88%e3%81%99%e3%82%8bmoneythor\/","title":{"rendered":"Moneythor\u30bd\u30ea\u30e5\u30fc\u30b7\u30e7\u30f3\u306e\u5b8c\u5168\u306a\u53ce\u7a6b"},"content":{"rendered":"<h1>Moneythor\u30bd\u30ea\u30e5\u30fc\u30b7\u30e7\u30f3\u306e\u5b8c\u5168\u306a\u53ce\u7a6b<\/h1>\n<p><em>MoneyPitch \u30c7\u30b8\u30bf\u30eb \u30b5\u30fc\u30d3\u30b9\u304c\u63d0\u6848\u3059\u308b\u30a2\u30ab\u30a6\u30f3\u30c8\u96c6\u7d04\u3078\u306e\u9069\u5408\u6027\u3092\u9ad8\u3081\u308b\u305f\u3081\u306b\u3001Moneythor \u306e\u9769\u65b0\u7684\u306a\u30c6\u30af\u30ce\u30ed\u30b8\u30fc\u3092\u9078\u629e\u3057\u307e\u3057\u305f\u3002<\/em><\/p>\n<p>\u30d1\u30ea\u30012018 \u5e74 2 \u6708 18 \u65e5 \u2013 \u30aa\u30f3\u30e9\u30a4\u30f3\u91d1\u878d\u30b5\u30fc\u30d3\u30b9\u306e\u30d1\u30fc\u30bd\u30ca\u30e9\u30a4\u30ba\u3068\u5f37\u5316\u306b\u7279\u5316\u3057\u305f\u30bd\u30d5\u30c8\u30a6\u30a7\u30a2 \u30a8\u30c7\u30a3\u30bf\u30fc\u306e Moneythor \u304c\u3001\u9867\u5ba2\u30dd\u30fc\u30bf\u30eb \u30b5\u30fc\u30d3\u30b9\u306e\u5f37\u5316\u3092\u76ee\u7684\u3068\u3057\u305f\u91d1\u878d\u304a\u3088\u3073\u8cc7\u7523\u7ba1\u7406\u30b3\u30f3\u30b5\u30eb\u30c6\u30a3\u30f3\u30b0\u696d\u754c\u5411\u3051\u30c7\u30b8\u30bf\u30eb \u30bd\u30ea\u30e5\u30fc\u30b7\u30e7\u30f3 \u30a8\u30c7\u30a3\u30b7\u30e7\u30f3\u306e\u30d5\u30e9\u30f3\u30b9\u7b2c 1 \u4f4d\u306b\u9078\u3070\u308c\u305f Harvest \u306b\u9078\u51fa\u3055\u308c\u307e\u3057\u305f\u3002<\/p>\n<p>\u3053\u306e\u30c6\u30af\u30ce\u30ed\u30b8\u30d1\u30fc\u30c8\u30ca\u30fc\u30b7\u30c3\u30d7\u306b\u3088\u308a\u3001\u8cc7\u7523\u904b\u7528\u30d7\u30ed\u30d5\u30a7\u30c3\u30b7\u30e7\u30ca\u30eb\u3001\u9280\u884c\u3001\u4fdd\u967a\u4f1a\u793e\u5411\u3051\u306e\u65b0\u3057\u3044 BtoBtoC \u30bd\u30ea\u30e5\u30fc\u30b7\u30e7\u30f3\u3067\u3042\u308b MoneyPitch \u306e\u8cc7\u7523\u5206\u6790\u6a5f\u80fd\u306e\u5f37\u5316\u304c\u53ef\u80fd\u306b\u306a\u308a\u307e\u3059\u3002\u9867\u5ba2\u306e\u6700\u7d42\u7684\u306a\u8ca1\u52d9\u69cb\u9020\u3092\u6b63\u78ba\u306b\u7279\u5b9a\u3059\u308b\u3053\u3068\u3067\u3001Moneythor \u5206\u6790\u30a8\u30f3\u30b8\u30f3\u306f\u3001\u8cc7\u7523\u306e\u30c0\u30a4\u30ca\u30df\u30af\u30b9\u3092\u4e88\u6e2c\u3059\u308b\u305f\u3081\u306b\u3001\u9867\u5ba2\u306e\u30a2\u30ab\u30a6\u30f3\u30c8\u3068\u64cd\u4f5c\u306e\u8a73\u7d30\u306a\u30d3\u30e5\u30fc\u3092\u81ea\u52d5\u7684\u306b\u53ce\u96c6\u3059\u308b\u8a08\u7b97\u30a8\u30f3\u30b8\u30f3\u3068\u3057\u3066\u6a5f\u80fd\u3057\u307e\u3059\u3002<\/p>\n<p><img loading=\"lazy\" decoding=\"async\" class=\"wp-image-1456 size-full aligncenter\" src=\"\/wp-content\/uploads\/2018\/01\/moneypitch.jpg\" alt=\"\" width=\"525\" height=\"277\" srcset=\"https:\/\/www.moneythor.com\/wp-content\/uploads\/2018\/01\/moneypitch.jpg 525w, https:\/\/www.moneythor.com\/wp-content\/uploads\/2018\/01\/moneypitch-20x11.jpg 20w\" sizes=\"auto, (max-width: 525px) 100vw, 525px\" \/><br \/>\n\u300cPFM \u30b7\u30d5\u30c8\u306b\u95a2\u3059\u308b\u5f53\u793e\u306e\u30bd\u30ea\u30e5\u30fc\u30b7\u30e7\u30f3\u3068\u3001\u30ab\u30b9\u30bf\u30de\u30a4\u30ba\u3055\u308c\u305f\u30b3\u30f3\u30c6\u30ad\u30b9\u30c8\u3067\u306e\u63a8\u5968\u4e8b\u9805\u306b\u3088\u308a\u3001\u9069\u5207\u306a\u914d\u5206\u30b3\u30f3\u30b5\u30eb\u30c6\u30a3\u30f3\u30b0\u3092\u524d\u63d0\u3068\u3057\u3066\u3001\u9867\u5ba2\u306e\u8cc7\u7523\u306e\u4eba\u7684\u8cc7\u6e90\u306e\u8a73\u7d30\u306a\u5206\u6790\u304c\u53ef\u80fd\u306b\u306a\u308a\u307e\u3059\u3002 \u300cHarvest\u3068\u306e\u30d1\u30fc\u30c8\u30ca\u30fc\u30b7\u30c3\u30d7\u306f\u3001\u652f\u6255\u30b5\u30fc\u30d3\u30b9\u6307\u4ee4\uff08DSP2\uff09\u306e\u6539\u8a02\u306b\u4f34\u3046\u65b0\u305f\u306a\u9700\u8981\u306e\u6587\u8108\u306b\u304a\u3044\u3066\u3001\u30d5\u30e9\u30f3\u30b9\u5e02\u5834\u306b\u304a\u3051\u308b\u5f53\u793e\u306e\u5730\u4f4d\u3092\u5f37\u5316\u3059\u308b\u7d76\u597d\u306e\u6a5f\u4f1a\u3067\u3059\u300d\u3068\u3001Moneythor\u306e\u30e8\u30fc\u30ed\u30c3\u30d1\u62c5\u5f53\u30c7\u30a3\u30ec\u30af\u30bf\u30fc\u3001\u30b9\u30c6\u30d5\u30a1\u30f3\u30fb\u30cc\u30a4\u6c0f\u306f\u8ff0\u3079\u3066\u3044\u307e\u3059\u3002<\/p>\n<hr \/>\n<p><strong>Moneythor\u306b\u3064\u3044\u3066<\/strong><\/p>\n<p>\u30de\u30cb\u30fc\u30bd\u30fc\uff08<a href=\"https:\/\/www.moneythor.com\/jp\/\" target=\"_blank\" rel=\"noopener\">\u30de\u30cd\u30fc\u30bd\u30fc<\/a>\uff09\u306f\u3001\u5206\u6790\u304a\u3088\u3073\u30de\u30fc\u30b1\u30c6\u30a3\u30f3\u30b0\u306e\u512a\u308c\u305f\u80fd\u529b\u3092\u5099\u3048\u305f\u500b\u4eba\u304a\u3088\u3073\u4f01\u696d\u306e\u9867\u5ba2\u5411\u3051\u306b\u30aa\u30f3\u30e9\u30a4\u30f3\u3067\u30b5\u30fc\u30d3\u30b9\u3092\u63d0\u4f9b\u3059\u308b\u91d1\u878d\u6a5f\u95a2\u3092\u30b5\u30dd\u30fc\u30c8\u3059\u308b\u30d1\u30ea\u3068\u30b7\u30f3\u30ac\u30dd\u30fc\u30eb\u3092\u62e0\u70b9\u3068\u3059\u308b\u30bd\u30d5\u30c8\u30a6\u30a7\u30a2 \u30a8\u30c7\u30a3\u30bf\u30fc\u3067\u3059\u3002\u5f53\u793e\u306f\u3001P\u00f4le de Comp\u00e9titivit\u00e9 Mondial FINANCE INNOVATION \u304b\u3089 Projets Innovants \u30ec\u30fc\u30d9\u30eb\u306e\u5831\u916c\u3092\u53d7\u3051\u3066\u304a\u308a\u3001\u8907\u6570\u306e\u56fd\u969b\u9280\u884c\u304c\u540c\u793e\u306e\u9867\u5ba2\u3068\u306a\u3063\u3066\u3044\u307e\u3059\u3002<\/p>\n<p><strong>\u53ce\u7a6b\u306b\u3064\u3044\u3066<\/strong><\/p>\n<p>\u53ce\u7a6b \uff08<a href=\"https:\/\/www.harvest.fr\/\" target=\"_blank\" rel=\"noopener\">\u53ce\u7a6b.fr<\/a>\uff09\u306f\u3001\u91d1\u878d\u304a\u3088\u3073\u8ca1\u7523\u30b3\u30f3\u30b5\u30eb\u30c6\u30a3\u30f3\u30b0\u306e\u5206\u91ce\u306b\u7279\u5316\u3057\u305f\u30c7\u30b8\u30bf\u30eb\u30bd\u30ea\u30e5\u30fc\u30b7\u30e7\u30f3\u306e\u7de8\u96c6\u8005\u3067\u3059\u3002 25\u5e74\u4ee5\u4e0a\u306e\u7d4c\u9a13\u3092\u6301\u3064Harvest\u306f\u3001\u9280\u884c\u3001\u4fdd\u967a\u4f1a\u793e\u304a\u3088\u3073\u76f8\u4e92\u4f1a\u793e\u3001\u500b\u4eba\u9280\u884c\u3001CGPi\u3001\u5c02\u9580\u5bb6\u4f1a\u8a08\u58eb\u3001\u5f01\u8b77\u58eb\u306a\u3069\u306e\u5927\u898f\u6a21\u306a\u9867\u5ba2\u306e\u4fe1\u983c\u3092\u7372\u5f97\u3057\u307e\u3057\u305f\u3002 2005 \u5e74 6 \u6708 23 \u65e5\u3088\u308a\u3001Alternext d&#039;Euronext Paris \u306b\u3066\u3002<\/p>","protected":false},"excerpt":{"rendered":"<p>Harvest int\u00e8gre la solution Moneythor Harvest choisit la technologie innovante de Moneythor pour donner de la pertinence \u00e0 l\u2019agr\u00e9gation de comptes propos\u00e9e par son service digital MoneyPitch. Paris, le 18 F\u00e9vrier 2018 &#8211;\u00a0Moneythor, l&#8217;\u00e9diteur de logiciels sp\u00e9cialis\u00e9 dans la personnalisation et l\u2019enrichissement des services financiers en ligne, a \u00e9t\u00e9 choisi par Harvest, num\u00e9ro 1 fran\u00e7ais de l\u2019\u00e9dition de solutions digitales pour les m\u00e9tiers du conseil financier et patrimonial pour enrichir son offre de portail client. Ce partenariat technologique permet \u00e0 Harvest d\u2019enrichir les fonctionnalit\u00e9s d\u2019analyse patrimoniale de MoneyPitch, sa nouvelle solution BtoBtoC d\u00e9di\u00e9e aux professionnels du patrimoine, aux banques et compagnies d\u2019assurance. En identifiant pr\u00e9cis\u00e9ment la structure des finances personnelles [&#8230;]\n","protected":false},"author":4,"featured_media":0,"parent":0,"menu_order":0,"comment_status":"closed","ping_status":"closed","template":"page-right-sidebar.php","meta":{"inline_featured_image":false,"footnotes":""},"class_list":["post-4864","page","type-page","status-publish","hentry"],"yoast_head":"<!-- This site is optimized with the Yoast SEO plugin v26.8 - https:\/\/yoast.com\/product\/yoast-seo-wordpress\/ -->\n<title>Harvest int\u00e8gre la solution Moneythor | Moneythor<\/title>\n<meta name=\"robots\" content=\"index, follow, max-snippet:-1, max-image-preview:large, max-video-preview:-1\" \/>\n<link rel=\"canonical\" href=\"https:\/\/www.moneythor.com\/jp\/\u53ce\u7a6b\u306f\u30bd\u30ea\u30e5\u30fc\u30b7\u30e7\u30f3\u3092\u7d71\u5408\u3059\u308bmoneythor\/\" \/>\n<meta property=\"og:locale\" content=\"ja_JP\" \/>\n<meta property=\"og:type\" content=\"article\" \/>\n<meta property=\"og:title\" content=\"Harvest int\u00e8gre la solution Moneythor | Moneythor\" \/>\n<meta property=\"og:description\" content=\"Harvest int\u00e8gre la solution Moneythor Harvest choisit la technologie innovante de Moneythor pour donner de la pertinence \u00e0 l\u2019agr\u00e9gation de comptes propos\u00e9e par son service digital MoneyPitch. Paris, le 18 F\u00e9vrier 2018 &#8211;\u00a0Moneythor, l&#8217;\u00e9diteur de logiciels sp\u00e9cialis\u00e9 dans la personnalisation et l\u2019enrichissement des services financiers en ligne, a \u00e9t\u00e9 choisi par Harvest, num\u00e9ro 1 fran\u00e7ais de l\u2019\u00e9dition de solutions digitales pour les m\u00e9tiers du conseil financier et patrimonial pour enrichir son offre de portail client. Ce partenariat technologique permet \u00e0 Harvest d\u2019enrichir les fonctionnalit\u00e9s d\u2019analyse patrimoniale de MoneyPitch, sa nouvelle solution BtoBtoC d\u00e9di\u00e9e aux professionnels du patrimoine, aux banques et compagnies d\u2019assurance. En identifiant pr\u00e9cis\u00e9ment la structure des finances personnelles [...]\" \/>\n<meta property=\"og:url\" content=\"https:\/\/www.moneythor.com\/jp\/\u53ce\u7a6b\u306f\u30bd\u30ea\u30e5\u30fc\u30b7\u30e7\u30f3\u3092\u7d71\u5408\u3059\u308bmoneythor\/\" \/>\n<meta property=\"og:site_name\" content=\"Moneythor\" \/>\n<meta property=\"article:publisher\" content=\"https:\/\/www.facebook.com\/moneythorhq\" \/>\n<meta property=\"og:image\" content=\"https:\/\/www.moneythor.com\/wp-content\/uploads\/2024\/06\/Templates-for-Articles-NEW-BRANDING-2.png\" \/>\n\t<meta property=\"og:image:width\" content=\"1200\" \/>\n\t<meta property=\"og:image:height\" content=\"630\" \/>\n\t<meta property=\"og:image:type\" content=\"image\/png\" \/>\n<meta name=\"twitter:card\" content=\"summary_large_image\" \/>\n<meta name=\"twitter:site\" content=\"@moneythor\" \/>\n<meta name=\"twitter:label1\" content=\"\u63a8\u5b9a\u8aad\u307f\u53d6\u308a\u6642\u9593\" \/>\n\t<meta name=\"twitter:data1\" content=\"2\u5206\" \/>\n<script type=\"application\/ld+json\" class=\"yoast-schema-graph\">{\"@context\":\"https:\/\/schema.org\",\"@graph\":[{\"@type\":\"WebPage\",\"@id\":\"https:\/\/www.moneythor.com\/jp\/\u53ce\u7a6b\u306f\u30bd\u30ea\u30e5\u30fc\u30b7\u30e7\u30f3\u3092\u7d71\u5408\u3059\u308bmoneythor\/\",\"url\":\"https:\/\/www.moneythor.com\/jp\/\u53ce\u7a6b\u306f\u30bd\u30ea\u30e5\u30fc\u30b7\u30e7\u30f3\u3092\u7d71\u5408\u3059\u308bmoneythor\/\",\"name\":\"Harvest int\u00e8gre la solution Moneythor | Moneythor\",\"isPartOf\":{\"@id\":\"https:\/\/www.moneythor.com\/#website\"},\"datePublished\":\"2021-08-18T03:55:33+00:00\",\"breadcrumb\":{\"@id\":\"https:\/\/www.moneythor.com\/jp\/\u53ce\u7a6b\u306f\u30bd\u30ea\u30e5\u30fc\u30b7\u30e7\u30f3\u3092\u7d71\u5408\u3059\u308bmoneythor\/#breadcrumb\"},\"inLanguage\":\"ja\",\"potentialAction\":[{\"@type\":\"ReadAction\",\"target\":[\"https:\/\/www.moneythor.com\/jp\/\u53ce\u7a6b\u306f\u30bd\u30ea\u30e5\u30fc\u30b7\u30e7\u30f3\u3092\u7d71\u5408\u3059\u308bmoneythor\/\"]}]},{\"@type\":\"BreadcrumbList\",\"@id\":\"https:\/\/www.moneythor.com\/jp\/\u53ce\u7a6b\u306f\u30bd\u30ea\u30e5\u30fc\u30b7\u30e7\u30f3\u3092\u7d71\u5408\u3059\u308bmoneythor\/#breadcrumb\",\"itemListElement\":[{\"@type\":\"ListItem\",\"position\":1,\"name\":\"Home\",\"item\":\"https:\/\/www.moneythor.com\/\"},{\"@type\":\"ListItem\",\"position\":2,\"name\":\"Harvest int\u00e8gre la solution Moneythor\"}]},{\"@type\":\"WebSite\",\"@id\":\"https:\/\/www.moneythor.com\/#website\",\"url\":\"https:\/\/www.moneythor.com\/\",\"name\":\"Moneythor\",\"description\":\"All-in-one personalisation engine for financial services\",\"publisher\":{\"@id\":\"https:\/\/www.moneythor.com\/#organization\"},\"potentialAction\":[{\"@type\":\"SearchAction\",\"target\":{\"@type\":\"EntryPoint\",\"urlTemplate\":\"https:\/\/www.moneythor.com\/?s={search_term_string}\"},\"query-input\":{\"@type\":\"PropertyValueSpecification\",\"valueRequired\":true,\"valueName\":\"search_term_string\"}}],\"inLanguage\":\"ja\"},{\"@type\":\"Organization\",\"@id\":\"https:\/\/www.moneythor.com\/#organization\",\"name\":\"Moneythor\",\"url\":\"https:\/\/www.moneythor.com\/\",\"logo\":{\"@type\":\"ImageObject\",\"inLanguage\":\"ja\",\"@id\":\"https:\/\/www.moneythor.com\/#\/schema\/logo\/image\/\",\"url\":\"https:\/\/www.moneythor.com\/wp-content\/uploads\/2024\/06\/Templates-for-Articles-NEW-BRANDING-2.png\",\"contentUrl\":\"https:\/\/www.moneythor.com\/wp-content\/uploads\/2024\/06\/Templates-for-Articles-NEW-BRANDING-2.png\",\"width\":1200,\"height\":630,\"caption\":\"Moneythor\"},\"image\":{\"@id\":\"https:\/\/www.moneythor.com\/#\/schema\/logo\/image\/\"},\"sameAs\":[\"https:\/\/www.facebook.com\/moneythorhq\",\"https:\/\/x.com\/moneythor\",\"https:\/\/www.linkedin.com\/company\/moneythor\"]}]}<\/script>\n<!-- \/ Yoast SEO plugin. -->","yoast_head_json":{"title":"Moneythor \u30bd\u30ea\u30e5\u30fc\u30b7\u30e7\u30f3\u306e\u5b8c\u5168\u7248\u306e\u53d6\u5f97 | Moneythor","robots":{"index":"index","follow":"follow","max-snippet":"max-snippet:-1","max-image-preview":"max-image-preview:large","max-video-preview":"max-video-preview:-1"},"canonical":"https:\/\/www.moneythor.com\/jp\/\u53ce\u7a6b\u306f\u30bd\u30ea\u30e5\u30fc\u30b7\u30e7\u30f3\u3092\u7d71\u5408\u3059\u308bmoneythor\/","og_locale":"ja_JP","og_type":"article","og_title":"Harvest int\u00e8gre la solution Moneythor | Moneythor","og_description":"Harvest int\u00e8gre la solution Moneythor Harvest choisit la technologie innovante de Moneythor pour donner de la pertinence \u00e0 l\u2019agr\u00e9gation de comptes propos\u00e9e par son service digital MoneyPitch. Paris, le 18 F\u00e9vrier 2018 &#8211;\u00a0Moneythor, l&#8217;\u00e9diteur de logiciels sp\u00e9cialis\u00e9 dans la personnalisation et l\u2019enrichissement des services financiers en ligne, a \u00e9t\u00e9 choisi par Harvest, num\u00e9ro 1 fran\u00e7ais de l\u2019\u00e9dition de solutions digitales pour les m\u00e9tiers du conseil financier et patrimonial pour enrichir son offre de portail client. Ce partenariat technologique permet \u00e0 Harvest d\u2019enrichir les fonctionnalit\u00e9s d\u2019analyse patrimoniale de MoneyPitch, sa nouvelle solution BtoBtoC d\u00e9di\u00e9e aux professionnels du patrimoine, aux banques et compagnies d\u2019assurance. En identifiant pr\u00e9cis\u00e9ment la structure des finances personnelles [...]","og_url":"https:\/\/www.moneythor.com\/jp\/\u53ce\u7a6b\u306f\u30bd\u30ea\u30e5\u30fc\u30b7\u30e7\u30f3\u3092\u7d71\u5408\u3059\u308bmoneythor\/","og_site_name":"Moneythor","article_publisher":"https:\/\/www.facebook.com\/moneythorhq","og_image":[{"width":1200,"height":630,"url":"https:\/\/www.moneythor.com\/wp-content\/uploads\/2024\/06\/Templates-for-Articles-NEW-BRANDING-2.png","type":"image\/png"}],"twitter_card":"summary_large_image","twitter_site":"@moneythor","twitter_misc":{"\u63a8\u5b9a\u8aad\u307f\u53d6\u308a\u6642\u9593":"2\u5206"},"schema":{"@context":"https:\/\/schema.org","@graph":[{"@type":"WebPage","@id":"https:\/\/www.moneythor.com\/jp\/\u53ce\u7a6b\u306f\u30bd\u30ea\u30e5\u30fc\u30b7\u30e7\u30f3\u3092\u7d71\u5408\u3059\u308bmoneythor\/","url":"https:\/\/www.moneythor.com\/jp\/\u53ce\u7a6b\u306f\u30bd\u30ea\u30e5\u30fc\u30b7\u30e7\u30f3\u3092\u7d71\u5408\u3059\u308bmoneythor\/","name":"Moneythor \u30bd\u30ea\u30e5\u30fc\u30b7\u30e7\u30f3\u306e\u5b8c\u5168\u7248\u306e\u53d6\u5f97 | Moneythor","isPartOf":{"@id":"https:\/\/www.moneythor.com\/#website"},"datePublished":"2021-08-18T03:55:33+00:00","breadcrumb":{"@id":"https:\/\/www.moneythor.com\/jp\/\u53ce\u7a6b\u306f\u30bd\u30ea\u30e5\u30fc\u30b7\u30e7\u30f3\u3092\u7d71\u5408\u3059\u308bmoneythor\/#breadcrumb"},"inLanguage":"ja","potentialAction":[{"@type":"ReadAction","target":["https:\/\/www.moneythor.com\/jp\/\u53ce\u7a6b\u306f\u30bd\u30ea\u30e5\u30fc\u30b7\u30e7\u30f3\u3092\u7d71\u5408\u3059\u308bmoneythor\/"]}]},{"@type":"BreadcrumbList","@id":"https:\/\/www.moneythor.com\/jp\/\u53ce\u7a6b\u306f\u30bd\u30ea\u30e5\u30fc\u30b7\u30e7\u30f3\u3092\u7d71\u5408\u3059\u308bmoneythor\/#breadcrumb","itemListElement":[{"@type":"ListItem","position":1,"name":"Home","item":"https:\/\/www.moneythor.com\/"},{"@type":"ListItem","position":2,"name":"Harvest int\u00e8gre la solution Moneythor"}]},{"@type":"WebSite","@id":"https:\/\/www.moneythor.com\/#website","url":"https:\/\/www.moneythor.com\/","name":"\u30de\u30cd\u30fc\u30bd\u30fc\u306f","description":"\u91d1\u878d\u30b5\u30fc\u30d3\u30b9\u5411\u3051\u306e\u30aa\u30fc\u30eb\u30a4\u30f3\u30ef\u30f3\u306e\u30d1\u30fc\u30bd\u30ca\u30e9\u30a4\u30bc\u30fc\u30b7\u30e7\u30f3 \u30a8\u30f3\u30b8\u30f3","publisher":{"@id":"https:\/\/www.moneythor.com\/#organization"},"potentialAction":[{"@type":"SearchAction","target":{"@type":"EntryPoint","urlTemplate":"https:\/\/www.moneythor.com\/?s={search_term_string}"},"query-input":{"@type":"PropertyValueSpecification","valueRequired":true,"valueName":"search_term_string"}}],"inLanguage":"ja"},{"@type":"Organization","@id":"https:\/\/www.moneythor.com\/#organization","name":"\u30de\u30cd\u30fc\u30bd\u30fc\u306f","url":"https:\/\/www.moneythor.com\/","logo":{"@type":"ImageObject","inLanguage":"ja","@id":"https:\/\/www.moneythor.com\/#\/schema\/logo\/image\/","url":"https:\/\/www.moneythor.com\/wp-content\/uploads\/2024\/06\/Templates-for-Articles-NEW-BRANDING-2.png","contentUrl":"https:\/\/www.moneythor.com\/wp-content\/uploads\/2024\/06\/Templates-for-Articles-NEW-BRANDING-2.png","width":1200,"height":630,"caption":"Moneythor"},"image":{"@id":"https:\/\/www.moneythor.com\/#\/schema\/logo\/image\/"},"sameAs":["https:\/\/www.facebook.com\/moneythorhq","https:\/\/x.com\/moneythor","https:\/\/www.linkedin.com\/company\/moneythor"]}]}},"_links":{"self":[{"href":"https:\/\/www.moneythor.com\/jp\/wp-json\/wp\/v2\/pages\/4864","targetHints":{"allow":["GET"]}}],"collection":[{"href":"https:\/\/www.moneythor.com\/jp\/wp-json\/wp\/v2\/pages"}],"about":[{"href":"https:\/\/www.moneythor.com\/jp\/wp-json\/wp\/v2\/types\/page"}],"author":[{"embeddable":true,"href":"https:\/\/www.moneythor.com\/jp\/wp-json\/wp\/v2\/users\/4"}],"replies":[{"embeddable":true,"href":"https:\/\/www.moneythor.com\/jp\/wp-json\/wp\/v2\/comments?post=4864"}],"version-history":[{"count":0,"href":"https:\/\/www.moneythor.com\/jp\/wp-json\/wp\/v2\/pages\/4864\/revisions"}],"wp:attachment":[{"href":"https:\/\/www.moneythor.com\/jp\/wp-json\/wp\/v2\/media?parent=4864"}],"curies":[{"name":"wp","href":"https:\/\/api.w.org\/{rel}","templated":true}]}}