{"id":4862,"date":"2021-08-18T11:55:02","date_gmt":"2021-08-18T03:55:02","guid":{"rendered":"https:\/\/www.moneythor.com\/?page_id=4862"},"modified":"2021-08-18T11:55:02","modified_gmt":"2021-08-18T03:55:02","slug":"%e3%83%9e%e3%83%8d%e3%83%bc%e3%83%88%e3%83%bc%e3%83%ab%e3%82%bd%e3%83%aa%e3%83%a5%e3%83%bc%e3%82%b7%e3%83%a7%e3%83%b3%e3%81%ae%e6%9c%80%e5%a4%a7%e3%81%ae%e7%b5%b1%e5%90%88","status":"publish","type":"page","link":"https:\/\/www.moneythor.com\/jp\/%e3%83%9e%e3%83%8d%e3%83%bc%e3%83%88%e3%83%bc%e3%83%ab%e3%82%bd%e3%83%aa%e3%83%a5%e3%83%bc%e3%82%b7%e3%83%a7%e3%83%b3%e3%81%ae%e6%9c%80%e5%a4%a7%e3%81%ae%e7%b5%b1%e5%90%88\/","title":{"rendered":"\u30de\u30cd\u30fc\u30bd\u30fc\u30eb\u30bd\u30ea\u30e5\u30fc\u30b7\u30e7\u30f3\u306e\u6700\u5927\u7a4d\u5206"},"content":{"rendered":"<h1>\u30de\u30cd\u30fc\u30bd\u30fc\u30eb\u30bd\u30ea\u30e5\u30fc\u30b7\u30e7\u30f3\u306e\u6700\u5927\u7a4d\u5206<\/h1>\n<p>\u30d1\u30ea\u30012017\u5e746\u67089\u65e5 \u2013 \u30aa\u30f3\u30e9\u30a4\u30f3\u91d1\u878d\u30b5\u30fc\u30d3\u30b9\u306e\u30d1\u30fc\u30bd\u30ca\u30e9\u30a4\u30ba\u3068\u5f37\u5316\u306b\u7279\u5316\u3057\u305f\u30bd\u30d5\u30c8\u30a6\u30a7\u30a2 \u30a8\u30c7\u30a3\u30bf\u30fc\u306e Moneythor \u306f\u3001Nouvelle Vague \u306e\u8cb7\u53ce\u306b\u3088\u308a\u3001Cr\u00e9dit Mutuel Ark\u00e9a \u304c\u7acb\u3061\u4e0a\u3052\u305f\u30b9\u30bf\u30fc\u30c8\u30a2\u30c3\u30d7\u4f01\u696d\u3068\u306a\u308a\u3001\u65b0\u3057\u3044\u30a2\u30b7\u30b9\u30bf\u30f3\u30c8 \u30b9\u30bf\u30c3\u30d5\u306e\u80b2\u6210\u306b\u6ce8\u529b\u3057\u3066\u3044\u307e\u3059\u3002 <a href=\"https:\/\/www.aumax.fr\/\" target=\"_blank\" rel=\"noopener\">\u6700\u5927<\/a> 2017\u5e749\u6708\u304b\u3089\u5229\u7528\u53ef\u80fd\u306b\u306a\u308a\u307e\u3059\u3002<\/p>\n<p>Moneythor \u306e\u30bb\u30ec\u30af\u30b7\u30e7\u30f3\u306b\u3088\u308a\u3001\u9280\u884c\u304c\u6c42\u3081\u308b\u9280\u884c\u30b5\u30fc\u30d3\u30b9\u3092\u30e6\u30fc\u30b6\u30fc\u306b\u6700\u5927\u9650\u306b\u6700\u9069\u5316\u3057\u3001\u5f37\u529b\u306a\u4fa1\u5024\u3092\u6301\u3064\u30d1\u30fc\u30bd\u30ca\u30e9\u30a4\u30ba\u3055\u308c\u305f\u30b3\u30f3\u30b5\u30eb\u30c6\u30a3\u30f3\u30b0\u3092\u63d0\u4f9b\u3067\u304d\u308b\u3088\u3046\u306b\u306a\u308a\u307e\u3059\u3002\u30e6\u30fc\u30b6\u30fc\u306e\u4eba\u7684\u8cc7\u7523\u69cb\u9020\u3092\u6b63\u78ba\u306b\u7279\u5b9a\u3059\u308b\u3053\u3068\u3067\u3001Moneythor \u5206\u6790\u30a8\u30f3\u30b8\u30f3\u306f\u3001\u30b9\u30b1\u30fc\u30eb \u30c0\u30a4\u30ca\u30df\u30c3\u30af\u306a\u63a8\u5968\u4e8b\u9805\u306b\u57fa\u3065\u3044\u3066\u3001\u30a2\u30ab\u30a6\u30f3\u30c8\u3068\u64cd\u4f5c\u306e\u8a73\u7d30\u306a\u30d3\u30e5\u30fc\u3092\u81ea\u52d5\u7684\u306b\u63d0\u6848\u3067\u304d\u307e\u3059\u3002<\/p>\n<p><img loading=\"lazy\" decoding=\"async\" class=\"size-full wp-image-1476 aligncenter\" src=\"\/wp-content\/uploads\/2017\/06\/aumax.jpg\" alt=\"\" width=\"525\" height=\"277\" srcset=\"https:\/\/www.moneythor.com\/wp-content\/uploads\/2017\/06\/aumax.jpg 525w, https:\/\/www.moneythor.com\/wp-content\/uploads\/2017\/06\/aumax-20x11.jpg 20w\" sizes=\"auto, (max-width: 525px) 100vw, 525px\" \/><br \/>\n\u300cPFM \u306e\u5207\u65ad\u6642\u306e\u5f53\u793e\u306e\u30bd\u30ea\u30e5\u30fc\u30b7\u30e7\u30f3\u3068\u30ab\u30b9\u30bf\u30de\u30a4\u30ba\u3055\u308c\u305f\u30b3\u30f3\u30c6\u30ad\u30b9\u30c8\u306e\u63a8\u5968\u4e8b\u9805\u306f\u3001\u96fb\u8a71\u30a2\u30b7\u30b9\u30bf\u30f3\u30c8 \u30b9\u30bf\u30c3\u30d5\u3092\u69cb\u7bc9\u3059\u308b\u306e\u306b\u6700\u9069\u306a\u30bd\u30ea\u30e5\u30fc\u30b7\u30e7\u30f3\u3067\u3059\u3002\u300d\u79c1\u305f\u3061\u3082\u3001\u30de\u30c3\u30af\u30b9\u30fb\u30ab\u30fc\u3068\u306e\u30d1\u30fc\u30c8\u30ca\u30fc\u30b7\u30c3\u30d7\u306b\u8208\u596e\u3057\u3066\u304a\u308a\u3001\u5c06\u6765\u306e\u63d0\u6848\u306b\u7f72\u540d\u3059\u308b\u3059\u3079\u3066\u306e\u4eba\u304c\u30d5\u30e9\u30f3\u30b9\u5e02\u5834\u3067\u79c1\u305f\u3061\u306e\u7acb\u5834\u3092\u5f37\u5316\u3059\u308b\u3067\u3057\u3087\u3046\u3002 \u300c\u3053\u306e\u30b5\u30fc\u30d3\u30b9\u306f\u3001\u30d5\u30a3\u30f3\u30c6\u30c3\u30af \u30d1\u30fc\u30c8\u30ca\u30fc \u30a8\u30b3\u30b7\u30b9\u30c6\u30e0\u306b\u9069\u7528\u53ef\u80fd\u306a\u9769\u65b0\u7684\u306a\u6a5f\u80fd\u306b\u3088\u308a\u3001\u9280\u884c\u306b\u3068\u3063\u3066\u306e\u8ab2\u984c\u3092\u89e3\u6c7a\u3059\u308b\u3082\u306e\u3067\u3059\u300d\u3068\u3001Moneythor \u306e\u30e8\u30fc\u30ed\u30c3\u30d1\u62c5\u5f53\u30c7\u30a3\u30ec\u30af\u30bf\u30fc\u3001\u30b9\u30c6\u30d5\u30a1\u30f3\u30fb\u30cc\u30a4\u6c0f\u306f\u8ff0\u3079\u3066\u3044\u307e\u3059\u3002<\/p>\n<p>\u300cMoneythor \u3067\u50cd\u304f\u306e\u306f\u697d\u3057\u3044\u3067\u3059\u3002Max \u306e\u52b9\u7387\u6027\u3068\u5bcc\u306f\u3001\u30d5\u30a3\u30f3\u30c6\u30c3\u30af\u306e\u7d71\u5408\u306b\u3088\u3063\u3066\u751f\u307f\u51fa\u3055\u308c\u307e\u3059\u3002Moneythor \u306f\u3001\u9069\u5207\u306a\u63d0\u6848\u3068\u30a4\u30f3\u30bf\u30e9\u30af\u30b7\u30e7\u30f3\u306e\u4fca\u654f\u6027\u3092\u63d0\u4f9b\u3057\u307e\u3059\u300d\u3068\u3001Max \u30bc\u30cd\u30e9\u30eb \u30c7\u30a3\u30ec\u30af\u30bf\u30fc\u306e Didier Ardouin \u6c0f\u306f\u7d50\u8ad6\u4ed8\u3051\u3066\u3044\u307e\u3059\u3002<\/p>\n<hr \/>\n<p><em><strong>Moneythor\u306b\u3064\u3044\u3066<\/strong><\/em><\/p>\n<p><em>\u30de\u30cb\u30fc\u30bd\u30fc\uff08<a href=\"https:\/\/www.moneythor.com\/jp\/\" target=\"_blank\" rel=\"noopener\">www.moneythor.com<\/a>\uff09\u306f\u3001\u5206\u6790\u304a\u3088\u3073\u30de\u30fc\u30b1\u30c6\u30a3\u30f3\u30b0\u306e\u512a\u308c\u305f\u80fd\u529b\u3092\u5099\u3048\u305f\u500b\u4eba\u304a\u3088\u3073\u4f01\u696d\u306e\u9867\u5ba2\u5411\u3051\u306b\u30aa\u30f3\u30e9\u30a4\u30f3\u3067\u30b5\u30fc\u30d3\u30b9\u3092\u63d0\u4f9b\u3059\u308b\u91d1\u878d\u6a5f\u95a2\u3092\u30b5\u30dd\u30fc\u30c8\u3059\u308b\u30d1\u30ea\u3068\u30b7\u30f3\u30ac\u30dd\u30fc\u30eb\u3092\u62e0\u70b9\u3068\u3059\u308b\u30bd\u30d5\u30c8\u30a6\u30a7\u30a2 \u30a8\u30c7\u30a3\u30bf\u30fc\u3067\u3059\u3002\u5f53\u793e\u306f\u3001P\u00f4le de Comp\u00e9titivit\u00e9 Mondial FINANCE INNOVATION \u304b\u3089 Projets Innovants \u30ec\u30fc\u30d9\u30eb\u306e\u5831\u916c\u3092\u53d7\u3051\u3066\u304a\u308a\u3001\u8907\u6570\u306e\u56fd\u969b\u9280\u884c\u304c\u540c\u793e\u306e\u9867\u5ba2\u3068\u306a\u3063\u3066\u3044\u307e\u3059\u3002<\/em><\/p>\n<p><em><strong>\u6700\u5927\u306b\u3064\u3044\u3066 <\/strong><\/em><\/p>\n<p><em>\u6700\u5927\uff08<a href=\"https:\/\/www.aumax.fr\/\" target=\"_blank\" rel=\"noopener\">\u30aa\u30fc\u30de\u30c3\u30af\u30b9<\/a>\uff09\u306f\u30cc\u30fc\u30f4\u30a7\u30eb\u30f4\u30a1\u30fc\u30b0\u306e\u30a4\u30cb\u30b7\u30a2\u30c1\u30d6\u3067\u3042\u308a\u30012017\u5e743\u6708\u306b\u30af\u30ec\u30c7\u30a3\u30fb\u30df\u30e5\u30fc\u30c1\u30e5\u30a8\u30eb\u30fb\u30a2\u30eb\u30b1\u30a2\u306b\u3088\u3063\u3066\u5275\u8a2d\u3055\u308c\u3001\u30d5\u30e9\u30f3\u30b9\u306e\u305d\u306e\u4ed6\u306e\u90fd\u5e02\uff08\u30d1\u30ea\u3001\u30dc\u30eb\u30c9\u30fc\u3001\u30d6\u30ec\u30b9\u30c8\u3001\u30ec\u30f3\u30cc\u306a\u3069\uff09\u306b\u8a2d\u7acb\u3055\u308c\u305f\u30b9\u30bf\u30fc\u30c8\u30a2\u30c3\u30d7\u4f01\u696d\u3067\u3059\u3002\u305d\u306e\u76ee\u7684\u306f\u3001\u91d1\u878d\u30b5\u30fc\u30d3\u30b9\u4f1a\u793e\u304c\u63d0\u4f9b\u3059\u308b\u512a\u308c\u305f\u30b5\u30fc\u30d3\u30b9\u3092\u901a\u3058\u3066\u3001\u6d88\u8cbb\u8005\u306e\u65e5\u5e38\u751f\u6d3b\u306e\u8981\u6c42\u306b\u30b7\u30f3\u30d7\u30eb\u3067\u516c\u5e73\u304b\u3064\u52b9\u679c\u7684\u306b\u5bfe\u5fdc\u3059\u308b\u3053\u3068\u3067\u3059\u3002\u4eca\u65e5\u306e\u4f01\u696d\u30a2\u30ab\u30a6\u30f3\u30c8\u306b\u306f\u3001\u5354\u529b\u8005\u304c 1 \u4eba\u3044\u307e\u3059\u3002<\/em><\/p>","protected":false},"excerpt":{"rendered":"<p>max int\u00e8gre la solution Moneythor Paris, le 9 Juin 2017 &#8211; Moneythor, \u00e9diteur de logiciels sp\u00e9cialis\u00e9 dans la personnalisation et l\u2019enrichissement des services financiers en ligne, a \u00e9t\u00e9 choisi par Nouvelle Vague, start-up brestoise propuls\u00e9e par\u00a0le Cr\u00e9dit Mutuel Ark\u00e9a pour \u00eatre au c\u0153ur de son nouvel assistant personnel max disponible d\u00e8s Septembre 2017. La s\u00e9lection de Moneythor permet \u00e0 max d\u2019optimiser les services bancaires fournis \u00e0 ses utilisateurs, quelle que soit leur banque, en leur offrant des conseils personnalis\u00e9s \u00e0 forte valeur ajout\u00e9e. En identifiant pr\u00e9cis\u00e9ment la structure des finances personnelles de l\u2019utilisateur, le moteur analytique Moneythor permet de lui proposer automatiquement une vue enrichie de ses comptes et op\u00e9rations [&#8230;]\n","protected":false},"author":4,"featured_media":0,"parent":0,"menu_order":0,"comment_status":"closed","ping_status":"closed","template":"page-right-sidebar.php","meta":{"inline_featured_image":false,"footnotes":""},"class_list":["post-4862","page","type-page","status-publish","hentry"],"yoast_head":"<!-- This site is optimized with the Yoast SEO plugin v26.8 - https:\/\/yoast.com\/product\/yoast-seo-wordpress\/ -->\n<title>max int\u00e8gre la solution Moneythor | Moneythor<\/title>\n<meta name=\"robots\" content=\"index, follow, max-snippet:-1, max-image-preview:large, max-video-preview:-1\" \/>\n<link rel=\"canonical\" href=\"https:\/\/www.moneythor.com\/jp\/\u30de\u30cd\u30fc\u30c8\u30fc\u30eb\u30bd\u30ea\u30e5\u30fc\u30b7\u30e7\u30f3\u306e\u6700\u5927\u306e\u7d71\u5408\/\" \/>\n<meta property=\"og:locale\" content=\"ja_JP\" \/>\n<meta property=\"og:type\" content=\"article\" \/>\n<meta property=\"og:title\" content=\"max int\u00e8gre la solution Moneythor | Moneythor\" \/>\n<meta property=\"og:description\" content=\"max int\u00e8gre la solution Moneythor Paris, le 9 Juin 2017 &#8211; Moneythor, \u00e9diteur de logiciels sp\u00e9cialis\u00e9 dans la personnalisation et l\u2019enrichissement des services financiers en ligne, a \u00e9t\u00e9 choisi par Nouvelle Vague, start-up brestoise propuls\u00e9e par\u00a0le Cr\u00e9dit Mutuel Ark\u00e9a pour \u00eatre au c\u0153ur de son nouvel assistant personnel max disponible d\u00e8s Septembre 2017. La s\u00e9lection de Moneythor permet \u00e0 max d\u2019optimiser les services bancaires fournis \u00e0 ses utilisateurs, quelle que soit leur banque, en leur offrant des conseils personnalis\u00e9s \u00e0 forte valeur ajout\u00e9e. En identifiant pr\u00e9cis\u00e9ment la structure des finances personnelles de l\u2019utilisateur, le moteur analytique Moneythor permet de lui proposer automatiquement une vue enrichie de ses comptes et op\u00e9rations [...]\" \/>\n<meta property=\"og:url\" content=\"https:\/\/www.moneythor.com\/jp\/\u30de\u30cd\u30fc\u30c8\u30fc\u30eb\u30bd\u30ea\u30e5\u30fc\u30b7\u30e7\u30f3\u306e\u6700\u5927\u306e\u7d71\u5408\/\" \/>\n<meta property=\"og:site_name\" content=\"Moneythor\" \/>\n<meta property=\"article:publisher\" content=\"https:\/\/www.facebook.com\/moneythorhq\" \/>\n<meta property=\"og:image\" content=\"https:\/\/www.moneythor.com\/wp-content\/uploads\/2024\/06\/Templates-for-Articles-NEW-BRANDING-2.png\" \/>\n\t<meta property=\"og:image:width\" content=\"1200\" \/>\n\t<meta property=\"og:image:height\" content=\"630\" \/>\n\t<meta property=\"og:image:type\" content=\"image\/png\" \/>\n<meta name=\"twitter:card\" content=\"summary_large_image\" \/>\n<meta name=\"twitter:site\" content=\"@moneythor\" \/>\n<meta name=\"twitter:label1\" content=\"\u63a8\u5b9a\u8aad\u307f\u53d6\u308a\u6642\u9593\" \/>\n\t<meta name=\"twitter:data1\" content=\"2\u5206\" \/>\n<script type=\"application\/ld+json\" class=\"yoast-schema-graph\">{\"@context\":\"https:\/\/schema.org\",\"@graph\":[{\"@type\":\"WebPage\",\"@id\":\"https:\/\/www.moneythor.com\/max-integre-la-solution-moneythor\/\",\"url\":\"https:\/\/www.moneythor.com\/max-integre-la-solution-moneythor\/\",\"name\":\"max int\u00e8gre la solution Moneythor | Moneythor\",\"isPartOf\":{\"@id\":\"https:\/\/www.moneythor.com\/#website\"},\"datePublished\":\"2021-08-18T03:55:02+00:00\",\"breadcrumb\":{\"@id\":\"https:\/\/www.moneythor.com\/max-integre-la-solution-moneythor\/#breadcrumb\"},\"inLanguage\":\"ja\",\"potentialAction\":[{\"@type\":\"ReadAction\",\"target\":[\"https:\/\/www.moneythor.com\/max-integre-la-solution-moneythor\/\"]}]},{\"@type\":\"BreadcrumbList\",\"@id\":\"https:\/\/www.moneythor.com\/max-integre-la-solution-moneythor\/#breadcrumb\",\"itemListElement\":[{\"@type\":\"ListItem\",\"position\":1,\"name\":\"Home\",\"item\":\"https:\/\/www.moneythor.com\/\"},{\"@type\":\"ListItem\",\"position\":2,\"name\":\"max int\u00e8gre la solution Moneythor\"}]},{\"@type\":\"WebSite\",\"@id\":\"https:\/\/www.moneythor.com\/#website\",\"url\":\"https:\/\/www.moneythor.com\/\",\"name\":\"Moneythor\",\"description\":\"All-in-one personalisation engine for financial services\",\"publisher\":{\"@id\":\"https:\/\/www.moneythor.com\/#organization\"},\"potentialAction\":[{\"@type\":\"SearchAction\",\"target\":{\"@type\":\"EntryPoint\",\"urlTemplate\":\"https:\/\/www.moneythor.com\/?s={search_term_string}\"},\"query-input\":{\"@type\":\"PropertyValueSpecification\",\"valueRequired\":true,\"valueName\":\"search_term_string\"}}],\"inLanguage\":\"ja\"},{\"@type\":\"Organization\",\"@id\":\"https:\/\/www.moneythor.com\/#organization\",\"name\":\"Moneythor\",\"url\":\"https:\/\/www.moneythor.com\/\",\"logo\":{\"@type\":\"ImageObject\",\"inLanguage\":\"ja\",\"@id\":\"https:\/\/www.moneythor.com\/#\/schema\/logo\/image\/\",\"url\":\"https:\/\/www.moneythor.com\/wp-content\/uploads\/2024\/06\/Templates-for-Articles-NEW-BRANDING-2.png\",\"contentUrl\":\"https:\/\/www.moneythor.com\/wp-content\/uploads\/2024\/06\/Templates-for-Articles-NEW-BRANDING-2.png\",\"width\":1200,\"height\":630,\"caption\":\"Moneythor\"},\"image\":{\"@id\":\"https:\/\/www.moneythor.com\/#\/schema\/logo\/image\/\"},\"sameAs\":[\"https:\/\/www.facebook.com\/moneythorhq\",\"https:\/\/x.com\/moneythor\",\"https:\/\/www.linkedin.com\/company\/moneythor\"]}]}<\/script>\n<!-- \/ Yoast SEO plugin. -->","yoast_head_json":{"title":"Moneythor \u30bd\u30ea\u30e5\u30fc\u30b7\u30e7\u30f3\u306e\u6700\u5927\u7a4d\u5206 | Moneythor","robots":{"index":"index","follow":"follow","max-snippet":"max-snippet:-1","max-image-preview":"max-image-preview:large","max-video-preview":"max-video-preview:-1"},"canonical":"https:\/\/www.moneythor.com\/jp\/\u30de\u30cd\u30fc\u30c8\u30fc\u30eb\u30bd\u30ea\u30e5\u30fc\u30b7\u30e7\u30f3\u306e\u6700\u5927\u306e\u7d71\u5408\/","og_locale":"ja_JP","og_type":"article","og_title":"max int\u00e8gre la solution Moneythor | Moneythor","og_description":"max int\u00e8gre la solution Moneythor Paris, le 9 Juin 2017 &#8211; Moneythor, \u00e9diteur de logiciels sp\u00e9cialis\u00e9 dans la personnalisation et l\u2019enrichissement des services financiers en ligne, a \u00e9t\u00e9 choisi par Nouvelle Vague, start-up brestoise propuls\u00e9e par\u00a0le Cr\u00e9dit Mutuel Ark\u00e9a pour \u00eatre au c\u0153ur de son nouvel assistant personnel max disponible d\u00e8s Septembre 2017. La s\u00e9lection de Moneythor permet \u00e0 max d\u2019optimiser les services bancaires fournis \u00e0 ses utilisateurs, quelle que soit leur banque, en leur offrant des conseils personnalis\u00e9s \u00e0 forte valeur ajout\u00e9e. En identifiant pr\u00e9cis\u00e9ment la structure des finances personnelles de l\u2019utilisateur, le moteur analytique Moneythor permet de lui proposer automatiquement une vue enrichie de ses comptes et op\u00e9rations [...]","og_url":"https:\/\/www.moneythor.com\/jp\/\u30de\u30cd\u30fc\u30c8\u30fc\u30eb\u30bd\u30ea\u30e5\u30fc\u30b7\u30e7\u30f3\u306e\u6700\u5927\u306e\u7d71\u5408\/","og_site_name":"Moneythor","article_publisher":"https:\/\/www.facebook.com\/moneythorhq","og_image":[{"width":1200,"height":630,"url":"https:\/\/www.moneythor.com\/wp-content\/uploads\/2024\/06\/Templates-for-Articles-NEW-BRANDING-2.png","type":"image\/png"}],"twitter_card":"summary_large_image","twitter_site":"@moneythor","twitter_misc":{"\u63a8\u5b9a\u8aad\u307f\u53d6\u308a\u6642\u9593":"2\u5206"},"schema":{"@context":"https:\/\/schema.org","@graph":[{"@type":"WebPage","@id":"https:\/\/www.moneythor.com\/max-integre-la-solution-moneythor\/","url":"https:\/\/www.moneythor.com\/max-integre-la-solution-moneythor\/","name":"Moneythor \u30bd\u30ea\u30e5\u30fc\u30b7\u30e7\u30f3\u306e\u6700\u5927\u7a4d\u5206 | Moneythor","isPartOf":{"@id":"https:\/\/www.moneythor.com\/#website"},"datePublished":"2021-08-18T03:55:02+00:00","breadcrumb":{"@id":"https:\/\/www.moneythor.com\/max-integre-la-solution-moneythor\/#breadcrumb"},"inLanguage":"ja","potentialAction":[{"@type":"ReadAction","target":["https:\/\/www.moneythor.com\/max-integre-la-solution-moneythor\/"]}]},{"@type":"BreadcrumbList","@id":"https:\/\/www.moneythor.com\/max-integre-la-solution-moneythor\/#breadcrumb","itemListElement":[{"@type":"ListItem","position":1,"name":"Home","item":"https:\/\/www.moneythor.com\/"},{"@type":"ListItem","position":2,"name":"max int\u00e8gre la solution Moneythor"}]},{"@type":"WebSite","@id":"https:\/\/www.moneythor.com\/#website","url":"https:\/\/www.moneythor.com\/","name":"\u30de\u30cd\u30fc\u30bd\u30fc\u306f","description":"\u91d1\u878d\u30b5\u30fc\u30d3\u30b9\u5411\u3051\u306e\u30aa\u30fc\u30eb\u30a4\u30f3\u30ef\u30f3\u306e\u30d1\u30fc\u30bd\u30ca\u30e9\u30a4\u30bc\u30fc\u30b7\u30e7\u30f3 \u30a8\u30f3\u30b8\u30f3","publisher":{"@id":"https:\/\/www.moneythor.com\/#organization"},"potentialAction":[{"@type":"SearchAction","target":{"@type":"EntryPoint","urlTemplate":"https:\/\/www.moneythor.com\/?s={search_term_string}"},"query-input":{"@type":"PropertyValueSpecification","valueRequired":true,"valueName":"search_term_string"}}],"inLanguage":"ja"},{"@type":"Organization","@id":"https:\/\/www.moneythor.com\/#organization","name":"\u30de\u30cd\u30fc\u30bd\u30fc\u306f","url":"https:\/\/www.moneythor.com\/","logo":{"@type":"ImageObject","inLanguage":"ja","@id":"https:\/\/www.moneythor.com\/#\/schema\/logo\/image\/","url":"https:\/\/www.moneythor.com\/wp-content\/uploads\/2024\/06\/Templates-for-Articles-NEW-BRANDING-2.png","contentUrl":"https:\/\/www.moneythor.com\/wp-content\/uploads\/2024\/06\/Templates-for-Articles-NEW-BRANDING-2.png","width":1200,"height":630,"caption":"Moneythor"},"image":{"@id":"https:\/\/www.moneythor.com\/#\/schema\/logo\/image\/"},"sameAs":["https:\/\/www.facebook.com\/moneythorhq","https:\/\/x.com\/moneythor","https:\/\/www.linkedin.com\/company\/moneythor"]}]}},"_links":{"self":[{"href":"https:\/\/www.moneythor.com\/jp\/wp-json\/wp\/v2\/pages\/4862","targetHints":{"allow":["GET"]}}],"collection":[{"href":"https:\/\/www.moneythor.com\/jp\/wp-json\/wp\/v2\/pages"}],"about":[{"href":"https:\/\/www.moneythor.com\/jp\/wp-json\/wp\/v2\/types\/page"}],"author":[{"embeddable":true,"href":"https:\/\/www.moneythor.com\/jp\/wp-json\/wp\/v2\/users\/4"}],"replies":[{"embeddable":true,"href":"https:\/\/www.moneythor.com\/jp\/wp-json\/wp\/v2\/comments?post=4862"}],"version-history":[{"count":0,"href":"https:\/\/www.moneythor.com\/jp\/wp-json\/wp\/v2\/pages\/4862\/revisions"}],"wp:attachment":[{"href":"https:\/\/www.moneythor.com\/jp\/wp-json\/wp\/v2\/media?parent=4862"}],"curies":[{"name":"wp","href":"https:\/\/api.w.org\/{rel}","templated":true}]}}