{"id":4860,"date":"2021-08-18T11:53:40","date_gmt":"2021-08-18T03:53:40","guid":{"rendered":"https:\/\/www.moneythor.com\/?page_id=4860"},"modified":"2021-08-18T11:53:40","modified_gmt":"2021-08-18T03:53:40","slug":"%e3%82%aa%e3%83%ac%e3%83%b3%e3%82%b8%e9%8a%80%e8%a1%8c%e3%81%ae%e3%83%9e%e3%83%8d%e3%83%bc%e3%83%88%e3%83%bc%e3%83%ab%e5%b1%95%e9%96%8b","status":"publish","type":"page","link":"https:\/\/www.moneythor.com\/jp\/%e3%82%aa%e3%83%ac%e3%83%b3%e3%82%b8%e9%8a%80%e8%a1%8c%e3%81%ae%e3%83%9e%e3%83%8d%e3%83%bc%e3%83%88%e3%83%bc%e3%83%ab%e5%b1%95%e9%96%8b\/","title":{"rendered":"Orange Bank \u304c Moneythor \u3092\u5c0e\u5165"},"content":{"rendered":"<h1>Orange Bank \u304c Moneythor \u3092\u5c0e\u5165<\/h1>\n<p>\u30d1\u30ea\u30012017 \u5e74 12 \u6708 5 \u65e5 \u2013 \u30aa\u30f3\u30e9\u30a4\u30f3\u91d1\u878d\u30b5\u30fc\u30d3\u30b9\u306e\u30ab\u30b9\u30bf\u30de\u30a4\u30ba\u3068\u5f37\u5316\u306b\u7279\u5316\u3057\u305f\u30bd\u30d5\u30c8\u30a6\u30a7\u30a2 \u30a8\u30c7\u30a3\u30bf\u30fc\u306e Moneythor \u304c\u3001Orange Bank \u306b\u3088\u3063\u3066 100% \u30e2\u30d0\u30a4\u30eb\u9280\u884c\u306e\u65b0\u898f\u30b5\u30fc\u30d3\u30b9\u3068\u3057\u3066\u5c55\u958b\u3055\u308c\u307e\u3057\u305f\u3002<\/p>\n<p>\u4e16\u754c\u306e\u4e3b\u8981\u901a\u4fe1\u4e8b\u696d\u8005\u3067\u3042\u308b\u30aa\u30ec\u30f3\u30b8\u306f\u30012017 \u5e74 11 \u6708 2 \u65e5\u306b\u30d5\u30e9\u30f3\u30b9\u306e\u30aa\u30ec\u30f3\u30b8\u9280\u884c\u306b\u682a\u5f0f\u3092\u516c\u958b\u3057\u307e\u3057\u305f\u3002\u65b0\u3057\u3044\u9280\u884c 100% \u306f\u3001\u643a\u5e2f\u96fb\u8a71\u3067\u3059\u3079\u3066\u306e\u9280\u884c\u696d\u52d9\u3092\u5b9f\u884c\u3059\u308b\u9867\u5ba2\u3092\u30aa\u30f3\u30e9\u30a4\u30f3\u3067\u30b5\u30dd\u30fc\u30c8\u3057\u307e\u3059\u3002 Moneythor\u306f\u3001\u30a2\u30ab\u30a6\u30f3\u30c8\u3084\u30ab\u30fc\u30c9\u306e\u64cd\u4f5c\u3001\u7279\u306b\u30ea\u30a2\u30eb\u30bf\u30a4\u30e0\u3067\u306e\u9867\u5ba2\u3068\u306e\u3084\u308a\u53d6\u308a\u3092\u4fdd\u8a3c\u3059\u308b\u30c6\u30af\u30ce\u30ed\u30b8\u30fc\u30bd\u30ea\u30e5\u30fc\u30b7\u30e7\u30f3\u3092\u63d0\u4f9b\u3057\u307e\u3059\u3002<sup style=\"font-size: .7em;\">1<\/sup> \u4eba\u4e8b\u8ca1\u52d9\u7ba1\u7406 (PFM) \u6a5f\u80fd\u306f\u3001\u9280\u884c\u304c\u30c7\u30b8\u30bf\u30eb \u30d7\u30ed\u30bb\u30b9\u3092\u5b9f\u884c\u3059\u308b\u9593\u3001\u3059\u3079\u3066\u306e\u9280\u884c\u306e\u30a8\u30f3\u30c8\u30ea\u3068\u30a2\u30af\u30b7\u30e7\u30f3\u3092\u6700\u3082\u9069\u5207\u306b\u8ffd\u8de1\u3057\u307e\u3059\u3002<\/p>\n<p><img loading=\"lazy\" decoding=\"async\" class=\"size-full wp-image-1431 aligncenter\" src=\"\/wp-content\/uploads\/2017\/12\/orangebank_moneythor.jpg\" alt=\"\" width=\"525\" height=\"277\" srcset=\"https:\/\/www.moneythor.com\/wp-content\/uploads\/2017\/12\/orangebank_moneythor.jpg 525w, https:\/\/www.moneythor.com\/wp-content\/uploads\/2017\/12\/orangebank_moneythor-300x158.jpg 300w\" sizes=\"auto, (max-width: 525px) 100vw, 525px\" \/><br \/>\n\u300c\u79c1\u305f\u3061\u306f\u3001Orange Bank \u306e\u5236\u4f5c\u3067\u5f53\u793e\u306e\u30bd\u30ea\u30e5\u30fc\u30b7\u30e7\u30f3\u304c\u6210\u529f\u3057\u305f\u3053\u3068\u3092\u5b09\u3057\u304f\u601d\u3044\u307e\u3059\u3002 \u300c\u3053\u308c\u306f\u3001\u4e16\u754c\u4e2d\u306e\u65b0\u3057\u3044\u30c7\u30b8\u30bf\u30eb\u9280\u884c\u306e\u7acb\u3061\u4e0a\u3052\u3092\u652f\u63f4\u3057\u3001\u9867\u5ba2\u306b\u30d1\u30fc\u30bd\u30ca\u30e9\u30a4\u30ba\u3055\u308c\u305f\u30a8\u30af\u30b9\u30da\u30ea\u30a8\u30f3\u30b9\u3092\u7d99\u7d9a\u7684\u306b\u63d0\u4f9b\u3059\u308b\u3068\u3044\u3046\u5f53\u793e\u306e\u30b5\u30fc\u30d3\u30b9\u306e\u80fd\u529b\u306e\u65b0\u305f\u306a\u691c\u8a3c\u3067\u3059\u300d\u3068\u3001Moneythor\u306e\u30bc\u30cd\u30e9\u30eb\u30c7\u30a3\u30ec\u30af\u30bf\u30fc\u3001\u30aa\u30ea\u30d3\u30a8\u30fb\u30d9\u30eb\u30c6\u30a3\u30a8\u306f\u30b3\u30e1\u30f3\u30c8\u3057\u3066\u3044\u307e\u3059\u3002<\/p>\n<p>\u300c\u30aa\u30ec\u30f3\u30b8 \u30d0\u30f3\u30af\u306f\u3001\u8ca1\u52d9\u7ba1\u7406\u306b\u643a\u308f\u308b\u9867\u5ba2\u3092\u5e38\u306b\u5ff5\u982d\u306b\u7f6e\u304d\u306a\u304c\u3089\u3001\u5e02\u5834\u3067\u6700\u9ad8\u306e\u30a4\u30ce\u30d9\u30fc\u30b7\u30e7\u30f3\u3092\u7d50\u96c6\u3059\u308b\u4f01\u696d\u3068\u3057\u3066\u30b9\u30bf\u30fc\u30c8\u3092\u5207\u308a\u307e\u3057\u305f\u3002 \u300cMoneythor\u30bd\u30ea\u30e5\u30fc\u30b7\u30e7\u30f3\u306f\u3001\u3053\u306e2\u3064\u306e\u554f\u984c\u3078\u306e\u56de\u7b54\u306b\u5f79\u7acb\u3061\u3001\u30b5\u30fc\u30d3\u30b9\u69cb\u7bc9\u306e\u91cd\u8981\u306a\u8ca2\u732e\u8005\u3067\u3059\u300d\u3068\u3001Orange\u9280\u884c\u306e\u30bc\u30cd\u30e9\u30eb\u30c7\u30a3\u30ec\u30af\u30bf\u30fc\u3001\u30a2\u30f3\u30c9\u30ec\u30fb\u30b3\u30ef\u30cc\u6c0f\u306f\u8ff0\u3079\u307e\u3057\u305f\u3002<\/p>\n<hr \/>\n<p><sup style=\"font-size: .7em;\">1<\/sup><span style=\"font-size: .7em;\"> \u3059\u3050\u306b\u8ca9\u58f2\u3055\u308c\u3001\u4fa1\u683c\u306f\u8868\u793a\u4fa1\u683c\u3088\u308a\u9ad8\u304f\u306a\u308a\u307e\u3059\u3002\u5546\u53d6\u5f15\u306e\u7ba1\u7406\u6761\u4ef6\u3068\u624b\u7d9a\u304d\u306b\u95a2\u3059\u308b\u30c8\u30d4\u30c3\u30af\u3002<\/span><\/p>\n<p><strong>Moneythor\u306b\u3064\u3044\u3066 <\/strong><\/p>\n<p>\u30de\u30cb\u30fc\u30bd\u30fc\uff08<a href=\"https:\/\/www.moneythor.com\/jp\/\" target=\"_blank\" rel=\"noopener\">www.moneythor.com<\/a>\uff09\u306f\u3001\u5206\u6790\u304a\u3088\u3073\u30de\u30fc\u30b1\u30c6\u30a3\u30f3\u30b0\u306e\u512a\u308c\u305f\u80fd\u529b\u3092\u5099\u3048\u305f\u500b\u4eba\u304a\u3088\u3073\u4f01\u696d\u306e\u9867\u5ba2\u5411\u3051\u306b\u30aa\u30f3\u30e9\u30a4\u30f3\u3067\u30b5\u30fc\u30d3\u30b9\u3092\u63d0\u4f9b\u3059\u308b\u91d1\u878d\u6a5f\u95a2\u3092\u30b5\u30dd\u30fc\u30c8\u3059\u308b\u30d1\u30ea\u3068\u30b7\u30f3\u30ac\u30dd\u30fc\u30eb\u3092\u62e0\u70b9\u3068\u3059\u308b\u30bd\u30d5\u30c8\u30a6\u30a7\u30a2 \u30a8\u30c7\u30a3\u30bf\u30fc\u3067\u3059\u3002\u5f53\u793e\u306f\u3001P\u00f4le de Comp\u00e9titivit\u00e9 Mondial FINANCE INNOVATION \u304b\u3089 Projets Innovants \u30ec\u30fc\u30d9\u30eb\u306e\u5831\u916c\u3092\u53d7\u3051\u3066\u304a\u308a\u3001\u8907\u6570\u306e\u56fd\u969b\u9280\u884c\u304c\u540c\u793e\u306e\u9867\u5ba2\u3068\u306a\u3063\u3066\u3044\u307e\u3059\u3002<\/p>\n<p><strong>Orange Bank\u306b\u3064\u3044\u3066<\/strong><\/p>\n<p>\u30aa\u30ec\u30f3\u30b8\u9280\u884c\uff08<a href=\"https:\/\/www.orangebank.fr\" target=\"_blank\" rel=\"noopener\">\u30aa\u30ec\u30f3\u30b8\u30d0\u30f3\u30af<\/a>\uff09\u306f\u3001Orange \u3068 Groupama \u306e 2 \u4eba\u306e\u30d1\u30fc\u30c8\u30ca\u30fc\u3068\u3001\u5c02\u9580\u77e5\u8b58\u3092\u88dc\u5b8c\u3057\u5408\u3046\u30d1\u30fc\u30c8\u30ca\u30fc\u30b7\u30c3\u30d7\u3067\u3059\u3002 Orange \u306f\u3001Orange Bank et Groupama 35 % \u306e\u8cc7\u672c\u306b\u3088\u308a\u300165 % \u306b\u6240\u5728\u3057\u3066\u3044\u307e\u3059\u3002 Groupama \u306f\u3001Groupama Banque \u3092\u901a\u3058\u3066\u3001\u65e2\u5b58\u306e\u9280\u884c\u69cb\u9020\u3068\u9060\u9694\u9280\u884c\u696d\u52d9\u306e\u7d4c\u9a13\u3092\u6d3b\u304b\u3057\u3001\u9769\u65b0\u7684\u306a\u9280\u884c\u30b5\u30fc\u30d3\u30b9\u3068 100 % \u30e2\u30d0\u30a4\u30eb\u3092\u63d0\u4f9b\u3067\u304d\u308b\u3088\u3046\u306b\u306a\u308a\u307e\u3057\u305f\u3002<\/p>\n<p>Orange Bank \u2013 \u8cc7\u672c\u91d1 297,575,712 \u30e6\u30fc\u30ed\u306e SA \u2013 67 Rue Robespierre \u2013 93107 Montreuil Cedex \u2013 RCS Bobigny 572 043 800 \u2013 Orias No. 07 006 369 (www.orias.fr)\u3002<br \/>\n\u3053\u308c\u3089\u306e\u88fd\u54c1\u304a\u3088\u3073\u30b5\u30fc\u30d3\u30b9\u306f\u3001Orange Bank \u306e\u9280\u884c\u696d\u52d9\u304a\u3088\u3073\u652f\u6255\u3044\u30b5\u30fc\u30d3\u30b9\u306b\u304a\u3044\u3066\u72ec\u5360\u7684\u306b\u59d4\u8a17\u3055\u308c\u305f\u54c1\u8cea\u3067 Orange \u306b\u3088\u3063\u3066\u8ca9\u58f2\u3055\u308c\u308b\u53ef\u80fd\u6027\u304c\u3042\u308a\u307e\u3059\u3002<br \/>\nOrange \u2013 \u8cc7\u672c\u91d1 10,640,226,396 \u30e6\u30fc\u30ed\u306e SA \u2013 78 rue Olivier de Serres \u2013 75015 Paris \u2013 RCS Paris 380 129 866 \u2013 Orias n \u00b0 13 001 387\u3002<\/p>","protected":false},"excerpt":{"rendered":"<p>Orange Bank d\u00e9ploie Moneythor Paris, le 5 D\u00e9cembre 2017 &#8211; Moneythor, \u00e9diteur de logiciels sp\u00e9cialis\u00e9 dans la personnalisation et l\u2019enrichissement des services financiers en ligne, a \u00e9t\u00e9 d\u00e9ploy\u00e9 par Orange Bank pour sa nouvelle offre bancaire 100% mobile. Orange, l\u2019un des principaux op\u00e9rateurs de t\u00e9l\u00e9communications dans le monde, a lanc\u00e9 son offre Orange Bank le 2 Novembre 2017 en France. La nouvelle banque 100% en ligne permet aux clients d&#8217;effectuer toutes leurs op\u00e9rations bancaires sur leur t\u00e9l\u00e9phone mobile. Moneythor fournit la solution technologique assurant les interactions des clients avec les op\u00e9rations sur leurs comptes et cartes, en particulier l\u2019acc\u00e8s \u00e0 leur solde temps r\u00e9el1 et les fonctionnalit\u00e9s de gestion de [&#8230;]\n","protected":false},"author":4,"featured_media":0,"parent":0,"menu_order":0,"comment_status":"closed","ping_status":"closed","template":"page-right-sidebar.php","meta":{"inline_featured_image":false,"footnotes":""},"class_list":["post-4860","page","type-page","status-publish","hentry"],"yoast_head":"<!-- This site is optimized with the Yoast SEO plugin v26.8 - https:\/\/yoast.com\/product\/yoast-seo-wordpress\/ -->\n<title>Orange Bank d\u00e9ploie Moneythor | Moneythor<\/title>\n<meta name=\"robots\" content=\"index, follow, max-snippet:-1, max-image-preview:large, max-video-preview:-1\" \/>\n<link rel=\"canonical\" href=\"https:\/\/www.moneythor.com\/jp\/\u30aa\u30ec\u30f3\u30b8\u9280\u884c\u306e\u30de\u30cd\u30fc\u30c8\u30fc\u30eb\u5c55\u958b\/\" \/>\n<meta property=\"og:locale\" content=\"ja_JP\" \/>\n<meta property=\"og:type\" content=\"article\" \/>\n<meta property=\"og:title\" content=\"Orange Bank d\u00e9ploie Moneythor | Moneythor\" \/>\n<meta property=\"og:description\" content=\"Orange Bank d\u00e9ploie Moneythor Paris, le 5 D\u00e9cembre 2017 &#8211; Moneythor, \u00e9diteur de logiciels sp\u00e9cialis\u00e9 dans la personnalisation et l\u2019enrichissement des services financiers en ligne, a \u00e9t\u00e9 d\u00e9ploy\u00e9 par Orange Bank pour sa nouvelle offre bancaire 100% mobile. Orange, l\u2019un des principaux op\u00e9rateurs de t\u00e9l\u00e9communications dans le monde, a lanc\u00e9 son offre Orange Bank le 2 Novembre 2017 en France. La nouvelle banque 100% en ligne permet aux clients d&#8217;effectuer toutes leurs op\u00e9rations bancaires sur leur t\u00e9l\u00e9phone mobile. Moneythor fournit la solution technologique assurant les interactions des clients avec les op\u00e9rations sur leurs comptes et cartes, en particulier l\u2019acc\u00e8s \u00e0 leur solde temps r\u00e9el1 et les fonctionnalit\u00e9s de gestion de [...]\" \/>\n<meta property=\"og:url\" content=\"https:\/\/www.moneythor.com\/jp\/\u30aa\u30ec\u30f3\u30b8\u9280\u884c\u306e\u30de\u30cd\u30fc\u30c8\u30fc\u30eb\u5c55\u958b\/\" \/>\n<meta property=\"og:site_name\" content=\"Moneythor\" \/>\n<meta property=\"article:publisher\" content=\"https:\/\/www.facebook.com\/moneythorhq\" \/>\n<meta property=\"og:image\" content=\"https:\/\/www.moneythor.com\/wp-content\/uploads\/2024\/06\/Templates-for-Articles-NEW-BRANDING-2.png\" \/>\n\t<meta property=\"og:image:width\" content=\"1200\" \/>\n\t<meta property=\"og:image:height\" content=\"630\" \/>\n\t<meta property=\"og:image:type\" content=\"image\/png\" \/>\n<meta name=\"twitter:card\" content=\"summary_large_image\" \/>\n<meta name=\"twitter:site\" content=\"@moneythor\" \/>\n<meta name=\"twitter:label1\" content=\"\u63a8\u5b9a\u8aad\u307f\u53d6\u308a\u6642\u9593\" \/>\n\t<meta name=\"twitter:data1\" content=\"2\u5206\" \/>\n<script type=\"application\/ld+json\" class=\"yoast-schema-graph\">{\"@context\":\"https:\/\/schema.org\",\"@graph\":[{\"@type\":\"WebPage\",\"@id\":\"https:\/\/www.moneythor.com\/jp\/\u30aa\u30ec\u30f3\u30b8\u9280\u884c\u306e\u30de\u30cd\u30fc\u30c8\u30fc\u30eb\u5c55\u958b\/\",\"url\":\"https:\/\/www.moneythor.com\/jp\/\u30aa\u30ec\u30f3\u30b8\u9280\u884c\u306e\u30de\u30cd\u30fc\u30c8\u30fc\u30eb\u5c55\u958b\/\",\"name\":\"Orange Bank d\u00e9ploie Moneythor | Moneythor\",\"isPartOf\":{\"@id\":\"https:\/\/www.moneythor.com\/#website\"},\"datePublished\":\"2021-08-18T03:53:40+00:00\",\"breadcrumb\":{\"@id\":\"https:\/\/www.moneythor.com\/jp\/\u30aa\u30ec\u30f3\u30b8\u9280\u884c\u306e\u30de\u30cd\u30fc\u30c8\u30fc\u30eb\u5c55\u958b\/#breadcrumb\"},\"inLanguage\":\"ja\",\"potentialAction\":[{\"@type\":\"ReadAction\",\"target\":[\"https:\/\/www.moneythor.com\/jp\/\u30aa\u30ec\u30f3\u30b8\u9280\u884c\u306e\u30de\u30cd\u30fc\u30c8\u30fc\u30eb\u5c55\u958b\/\"]}]},{\"@type\":\"BreadcrumbList\",\"@id\":\"https:\/\/www.moneythor.com\/jp\/\u30aa\u30ec\u30f3\u30b8\u9280\u884c\u306e\u30de\u30cd\u30fc\u30c8\u30fc\u30eb\u5c55\u958b\/#breadcrumb\",\"itemListElement\":[{\"@type\":\"ListItem\",\"position\":1,\"name\":\"Home\",\"item\":\"https:\/\/www.moneythor.com\/\"},{\"@type\":\"ListItem\",\"position\":2,\"name\":\"Orange Bank d\u00e9ploie Moneythor\"}]},{\"@type\":\"WebSite\",\"@id\":\"https:\/\/www.moneythor.com\/#website\",\"url\":\"https:\/\/www.moneythor.com\/\",\"name\":\"Moneythor\",\"description\":\"All-in-one personalisation engine for financial services\",\"publisher\":{\"@id\":\"https:\/\/www.moneythor.com\/#organization\"},\"potentialAction\":[{\"@type\":\"SearchAction\",\"target\":{\"@type\":\"EntryPoint\",\"urlTemplate\":\"https:\/\/www.moneythor.com\/?s={search_term_string}\"},\"query-input\":{\"@type\":\"PropertyValueSpecification\",\"valueRequired\":true,\"valueName\":\"search_term_string\"}}],\"inLanguage\":\"ja\"},{\"@type\":\"Organization\",\"@id\":\"https:\/\/www.moneythor.com\/#organization\",\"name\":\"Moneythor\",\"url\":\"https:\/\/www.moneythor.com\/\",\"logo\":{\"@type\":\"ImageObject\",\"inLanguage\":\"ja\",\"@id\":\"https:\/\/www.moneythor.com\/#\/schema\/logo\/image\/\",\"url\":\"https:\/\/www.moneythor.com\/wp-content\/uploads\/2024\/06\/Templates-for-Articles-NEW-BRANDING-2.png\",\"contentUrl\":\"https:\/\/www.moneythor.com\/wp-content\/uploads\/2024\/06\/Templates-for-Articles-NEW-BRANDING-2.png\",\"width\":1200,\"height\":630,\"caption\":\"Moneythor\"},\"image\":{\"@id\":\"https:\/\/www.moneythor.com\/#\/schema\/logo\/image\/\"},\"sameAs\":[\"https:\/\/www.facebook.com\/moneythorhq\",\"https:\/\/x.com\/moneythor\",\"https:\/\/www.linkedin.com\/company\/moneythor\"]}]}<\/script>\n<!-- \/ Yoast SEO plugin. -->","yoast_head_json":{"title":"Orange Bank \u304c Moneythor \u3092\u5c0e\u5165 |\u30de\u30cd\u30fc\u30bd\u30fc","robots":{"index":"index","follow":"follow","max-snippet":"max-snippet:-1","max-image-preview":"max-image-preview:large","max-video-preview":"max-video-preview:-1"},"canonical":"https:\/\/www.moneythor.com\/jp\/\u30aa\u30ec\u30f3\u30b8\u9280\u884c\u306e\u30de\u30cd\u30fc\u30c8\u30fc\u30eb\u5c55\u958b\/","og_locale":"ja_JP","og_type":"article","og_title":"Orange Bank d\u00e9ploie Moneythor | Moneythor","og_description":"Orange Bank d\u00e9ploie Moneythor Paris, le 5 D\u00e9cembre 2017 &#8211; Moneythor, \u00e9diteur de logiciels sp\u00e9cialis\u00e9 dans la personnalisation et l\u2019enrichissement des services financiers en ligne, a \u00e9t\u00e9 d\u00e9ploy\u00e9 par Orange Bank pour sa nouvelle offre bancaire 100% mobile. Orange, l\u2019un des principaux op\u00e9rateurs de t\u00e9l\u00e9communications dans le monde, a lanc\u00e9 son offre Orange Bank le 2 Novembre 2017 en France. La nouvelle banque 100% en ligne permet aux clients d&#8217;effectuer toutes leurs op\u00e9rations bancaires sur leur t\u00e9l\u00e9phone mobile. Moneythor fournit la solution technologique assurant les interactions des clients avec les op\u00e9rations sur leurs comptes et cartes, en particulier l\u2019acc\u00e8s \u00e0 leur solde temps r\u00e9el1 et les fonctionnalit\u00e9s de gestion de [...]","og_url":"https:\/\/www.moneythor.com\/jp\/\u30aa\u30ec\u30f3\u30b8\u9280\u884c\u306e\u30de\u30cd\u30fc\u30c8\u30fc\u30eb\u5c55\u958b\/","og_site_name":"Moneythor","article_publisher":"https:\/\/www.facebook.com\/moneythorhq","og_image":[{"width":1200,"height":630,"url":"https:\/\/www.moneythor.com\/wp-content\/uploads\/2024\/06\/Templates-for-Articles-NEW-BRANDING-2.png","type":"image\/png"}],"twitter_card":"summary_large_image","twitter_site":"@moneythor","twitter_misc":{"\u63a8\u5b9a\u8aad\u307f\u53d6\u308a\u6642\u9593":"2\u5206"},"schema":{"@context":"https:\/\/schema.org","@graph":[{"@type":"WebPage","@id":"https:\/\/www.moneythor.com\/jp\/\u30aa\u30ec\u30f3\u30b8\u9280\u884c\u306e\u30de\u30cd\u30fc\u30c8\u30fc\u30eb\u5c55\u958b\/","url":"https:\/\/www.moneythor.com\/jp\/\u30aa\u30ec\u30f3\u30b8\u9280\u884c\u306e\u30de\u30cd\u30fc\u30c8\u30fc\u30eb\u5c55\u958b\/","name":"Orange Bank \u304c Moneythor \u3092\u5c0e\u5165 |\u30de\u30cd\u30fc\u30bd\u30fc","isPartOf":{"@id":"https:\/\/www.moneythor.com\/#website"},"datePublished":"2021-08-18T03:53:40+00:00","breadcrumb":{"@id":"https:\/\/www.moneythor.com\/jp\/\u30aa\u30ec\u30f3\u30b8\u9280\u884c\u306e\u30de\u30cd\u30fc\u30c8\u30fc\u30eb\u5c55\u958b\/#breadcrumb"},"inLanguage":"ja","potentialAction":[{"@type":"ReadAction","target":["https:\/\/www.moneythor.com\/jp\/\u30aa\u30ec\u30f3\u30b8\u9280\u884c\u306e\u30de\u30cd\u30fc\u30c8\u30fc\u30eb\u5c55\u958b\/"]}]},{"@type":"BreadcrumbList","@id":"https:\/\/www.moneythor.com\/jp\/\u30aa\u30ec\u30f3\u30b8\u9280\u884c\u306e\u30de\u30cd\u30fc\u30c8\u30fc\u30eb\u5c55\u958b\/#breadcrumb","itemListElement":[{"@type":"ListItem","position":1,"name":"Home","item":"https:\/\/www.moneythor.com\/"},{"@type":"ListItem","position":2,"name":"Orange Bank d\u00e9ploie Moneythor"}]},{"@type":"WebSite","@id":"https:\/\/www.moneythor.com\/#website","url":"https:\/\/www.moneythor.com\/","name":"\u30de\u30cd\u30fc\u30bd\u30fc\u306f","description":"\u91d1\u878d\u30b5\u30fc\u30d3\u30b9\u5411\u3051\u306e\u30aa\u30fc\u30eb\u30a4\u30f3\u30ef\u30f3\u306e\u30d1\u30fc\u30bd\u30ca\u30e9\u30a4\u30bc\u30fc\u30b7\u30e7\u30f3 \u30a8\u30f3\u30b8\u30f3","publisher":{"@id":"https:\/\/www.moneythor.com\/#organization"},"potentialAction":[{"@type":"SearchAction","target":{"@type":"EntryPoint","urlTemplate":"https:\/\/www.moneythor.com\/?s={search_term_string}"},"query-input":{"@type":"PropertyValueSpecification","valueRequired":true,"valueName":"search_term_string"}}],"inLanguage":"ja"},{"@type":"Organization","@id":"https:\/\/www.moneythor.com\/#organization","name":"\u30de\u30cd\u30fc\u30bd\u30fc\u306f","url":"https:\/\/www.moneythor.com\/","logo":{"@type":"ImageObject","inLanguage":"ja","@id":"https:\/\/www.moneythor.com\/#\/schema\/logo\/image\/","url":"https:\/\/www.moneythor.com\/wp-content\/uploads\/2024\/06\/Templates-for-Articles-NEW-BRANDING-2.png","contentUrl":"https:\/\/www.moneythor.com\/wp-content\/uploads\/2024\/06\/Templates-for-Articles-NEW-BRANDING-2.png","width":1200,"height":630,"caption":"Moneythor"},"image":{"@id":"https:\/\/www.moneythor.com\/#\/schema\/logo\/image\/"},"sameAs":["https:\/\/www.facebook.com\/moneythorhq","https:\/\/x.com\/moneythor","https:\/\/www.linkedin.com\/company\/moneythor"]}]}},"_links":{"self":[{"href":"https:\/\/www.moneythor.com\/jp\/wp-json\/wp\/v2\/pages\/4860","targetHints":{"allow":["GET"]}}],"collection":[{"href":"https:\/\/www.moneythor.com\/jp\/wp-json\/wp\/v2\/pages"}],"about":[{"href":"https:\/\/www.moneythor.com\/jp\/wp-json\/wp\/v2\/types\/page"}],"author":[{"embeddable":true,"href":"https:\/\/www.moneythor.com\/jp\/wp-json\/wp\/v2\/users\/4"}],"replies":[{"embeddable":true,"href":"https:\/\/www.moneythor.com\/jp\/wp-json\/wp\/v2\/comments?post=4860"}],"version-history":[{"count":0,"href":"https:\/\/www.moneythor.com\/jp\/wp-json\/wp\/v2\/pages\/4860\/revisions"}],"wp:attachment":[{"href":"https:\/\/www.moneythor.com\/jp\/wp-json\/wp\/v2\/media?parent=4860"}],"curies":[{"name":"wp","href":"https:\/\/api.w.org\/{rel}","templated":true}]}}