{"id":7530,"date":"2024-02-09T02:03:34","date_gmt":"2024-02-08T18:03:34","guid":{"rendered":"https:\/\/www.moneythor.com\/?page_id=7530"},"modified":"2025-02-28T17:04:49","modified_gmt":"2025-02-28T09:04:49","slug":"moteur","status":"publish","type":"page","link":"https:\/\/www.moneythor.com\/fr\/moteur\/","title":{"rendered":"Plateforme"},"content":{"rendered":"<div class=\"img has-hover no-margin show-for-small x md-x lg-x y md-y lg-y\" id=\"image_1660387291\">\n\t\t\t\t\t\t\t\t<div class=\"img-inner dark\" style=\"margin:0px 0px -1px 0px;\">\n\t\t\t<img loading=\"lazy\" decoding=\"async\" width=\"500\" height=\"505\" src=\"https:\/\/www.moneythor.com\/wp-content\/uploads\/2024\/02\/MT_Engine_Header-mobile.png\" class=\"attachment-large size-large\" alt=\"En-t\u00eate du moteur Mt Mobile\" \/>\t\t\t\t\t\t\n\t\t\t\t\t<\/div>\n\t\t\t\t\t\t\t\t\n<style>\n#image_1660387291 {\n  width: 100%;\n}\n<\/style>\n\t<\/div>\n\t\n\n\t<section class=\"section bg-green-mobile dark\" id=\"section_1199786462\">\n\t\t<div class=\"section-bg fill\" >\n\t\t\t<img loading=\"lazy\" decoding=\"async\" width=\"1920\" height=\"1082\" src=\"https:\/\/www.moneythor.com\/wp-content\/uploads\/2024\/02\/MT_Engine_Header.png\" class=\"bg attachment-original size-original\" alt=\"En-t\u00eate de moteur Mt\" \/>\t\t\t\t\t\t\n\t\t\t\n\n\t\t<\/div>\n\n\t\t\n\n\t\t<div class=\"section-content relative\">\n\t\t\t\n<div class=\"row align-bottom align-right\"  id=\"row-2042992612\">\n\n\t<div id=\"col-751480894\" class=\"col medium-7 small-12 large-7\"  data-animate=\"fadeInUp\">\n\t\t\t\t<div class=\"col-inner\"  >\n\t\t\t\n\t\t\t\n<h1>Red\u00e9finir la personnalisation dans le secteur bancaire avec des solutions innovantes.<\/h1>\n\t\t<\/div>\n\t\t\t\t\n<style>\n#col-751480894 > .col-inner {\n  padding: 30px 0px 0px 0px;\n  margin: -1px 0px 0px 0px;\n  max-width: 610px;\n}\n@media (min-width:550px) {\n  #col-751480894 > .col-inner {\n    padding: 50% 0px 0px 15%;\n  }\n}\n<\/style>\n\t<\/div>\n\n\t\n<\/div>\n\t\t<\/div>\n\n\t\t\n<style>\n#section_1199786462 {\n  padding-top: 0px;\n  padding-bottom: 0px;\n  min-height: 0px;\n}\n#section_1199786462 .section-bg img {\n  object-position: 11% 56%;\n}\n@media (min-width:550px) {\n  #section_1199786462 {\n    min-height: 80vh;\n  }\n}\n<\/style>\n\t<\/section>\n\t\n<div class=\"row row-collapse row-full-width align-center\"  id=\"row-388510380\">\n\n\t<div id=\"col-1834344835\" class=\"col medium-7 small-12 large-7\"  >\n\t\t\t\t<div class=\"col-inner\" style=\"background-color:#a9df86;\" >\n\t\t\t\n\t\t\t\n<h2>La plateforme Moneythor<\/h2>\n<p class=\"cvGsUA direction-ltr align-justify para-style-body\"><span class=\"OYPEnA text-decoration-none text-strikethrough-none\">Au c\u0153ur de la solution Moneythor se trouve un moteur d'orchestration et de traitement d'\u00e9v\u00e9nements enti\u00e8rement configurable traitant de larges volumes de donn\u00e9es en temps r\u00e9el ou par batch issues de tous types de comptes bancaires, cartes, portefeuilles d'investissements et flux multi-banques de type Open Banking.<\/span><\/p>\n<p class=\"cvGsUA direction-ltr align-justify para-style-body\"><span class=\"OYPEnA text-decoration-none text-strikethrough-none\">Ce moteur g\u00e8re l'enrichissement des donn\u00e9es ainsi que l'ex\u00e9cution d'exp\u00e9riences client personnalis\u00e9es pouvant \u00eatre d\u00e9ploy\u00e9es au travers de tous les services bancaires en ligne, applications mobiles, chatbots et outils de gestion de la relation client (CRM). Cette approche garantit que les clients b\u00e9n\u00e9ficient d\u2019exp\u00e9riences \u00e9volu\u00e9es, quel que soit le canal avec lequel ils choisissent d\u2019interagir.<\/span><\/p>\n\t\t<\/div>\n\t\t\t\t\n<style>\n#col-1834344835 > .col-inner {\n  padding: 40px 5% 180px 5%;\n}\n@media (min-width:550px) {\n  #col-1834344835 > .col-inner {\n    padding: 10% 30% 10% 10%;\n  }\n}\n<\/style>\n\t<\/div>\n\n\t\n\n\t<div id=\"col-2056003960\" class=\"col medium-5 small-10 large-5\"  data-animate=\"fadeInRight\">\n\t\t\t\t<div class=\"col-inner text-left\"  >\n\t\t\t\n\t\t\t\n\t<div class=\"img has-hover hide-for-small x md-x lg-x y md-y lg-y\" id=\"image_22305404\">\n\t\t\t\t\t\t\t\t<div class=\"img-inner dark\" style=\"margin:50px 100px 0px -100px;\">\n\t\t\t<img loading=\"lazy\" decoding=\"async\" width=\"745\" height=\"949\" src=\"https:\/\/www.moneythor.com\/wp-content\/uploads\/2024\/02\/MT_Engine_PFM-Header.png\" class=\"attachment-original size-original\" alt=\"En-t\u00eate Pfm du moteur Mt\" srcset=\"https:\/\/www.moneythor.com\/wp-content\/uploads\/2024\/02\/MT_Engine_PFM-Header.png 745w, https:\/\/www.moneythor.com\/wp-content\/uploads\/2024\/02\/MT_Engine_PFM-Header-471x600.png 471w\" sizes=\"auto, (max-width: 745px) 100vw, 745px\" \/>\t\t\t\t\t\t\n\t\t\t\t\t<\/div>\n\t\t\t\t\t\t\t\t\n<style>\n#image_22305404 {\n  width: 80%;\n}\n<\/style>\n\t<\/div>\n\t\n\t<div class=\"img has-hover show-for-small x md-x lg-x y md-y lg-y\" id=\"image_1553138502\">\n\t\t\t\t\t\t\t\t<div class=\"img-inner dark\" style=\"margin:-150px 0px 0px 0px;\">\n\t\t\t<img loading=\"lazy\" decoding=\"async\" width=\"745\" height=\"949\" src=\"https:\/\/www.moneythor.com\/wp-content\/uploads\/2024\/02\/MT_Engine_PFM-Header.png\" class=\"attachment-original size-original\" alt=\"En-t\u00eate Pfm du moteur Mt\" srcset=\"https:\/\/www.moneythor.com\/wp-content\/uploads\/2024\/02\/MT_Engine_PFM-Header.png 745w, https:\/\/www.moneythor.com\/wp-content\/uploads\/2024\/02\/MT_Engine_PFM-Header-471x600.png 471w\" sizes=\"auto, (max-width: 745px) 100vw, 745px\" \/>\t\t\t\t\t\t\n\t\t\t\t\t<\/div>\n\t\t\t\t\t\t\t\t\n<style>\n#image_1553138502 {\n  width: 100%;\n}\n@media (min-width:550px) {\n  #image_1553138502 {\n    width: 63%;\n  }\n}\n<\/style>\n\t<\/div>\n\t\n\t\t<\/div>\n\t\t\t\t\n<style>\n#col-2056003960 > .col-inner {\n  padding: 0px 0px 0px 0px;\n}\n<\/style>\n\t<\/div>\n\n\t\n<\/div>\n<div class=\"row align-middle align-center\"  id=\"row-188667442\">\n\n\t<div id=\"col-198685650\" class=\"col small-12 large-12\"  data-animate=\"fadeInUp\">\n\t\t\t\t<div class=\"col-inner text-center\"  >\n\t\t\t\n\t\t\t\n<h2>\u00c9tapes de cat\u00e9gorisation du moteur Mt<\/h2>\n<p>Pour s'appuyer sur des donn\u00e9es plus riches afin de fournir des fonctionnalit\u00e9s de gestion de finance personnelle (PFM) et de fid\u00e9lisation plus intelligentes et personnalis\u00e9es, le moteur de la solution Moneythor inclue <strong>la cat\u00e9gorisation et l'enrichissement des op\u00e9rations<\/strong> sur tous les types de comptes et cartes bancaires.<\/p>\n<p>Le processus de cat\u00e9gorisation et d'enrichissement utilise plusieurs m\u00e9thodes telles que l'analyse de texte automatis\u00e9e, des r\u00e8gles bas\u00e9es sur des expressions r\u00e9guli\u00e8res avec niveaux de priorit\u00e9, des mod\u00e8les \u00e0 base d'apprentissage automatique (machine learning) et l'utilisation de services tiers le cas \u00e9ch\u00e9ant. Le moteur de la solution apprend \u00e9galement les pr\u00e9f\u00e9rences individuelles des clients au fil du temps, affinant ainsi les m\u00e9thodes appliqu\u00e9es \u00e0 mesure que l'utilisation augmente.<\/p>\n\t<div class=\"img has-hover x md-x lg-x y md-y lg-y\" id=\"image_71616805\">\n\t\t\t\t\t\t\t\t<div class=\"img-inner dark\" style=\"margin:20px 0px 0px 0px;\">\n\t\t\t<img loading=\"lazy\" decoding=\"async\" width=\"1606\" height=\"572\" src=\"https:\/\/www.moneythor.com\/wp-content\/uploads\/2024\/02\/MT_Engine_Categorisation-Steps.png\" class=\"attachment-original size-original\" alt=\"\u00c9tapes de cat\u00e9gorisation du moteur Mt\" srcset=\"https:\/\/www.moneythor.com\/wp-content\/uploads\/2024\/02\/MT_Engine_Categorisation-Steps.png 1606w, https:\/\/www.moneythor.com\/wp-content\/uploads\/2024\/02\/MT_Engine_Categorisation-Steps-1024x365.png 1024w, https:\/\/www.moneythor.com\/wp-content\/uploads\/2024\/02\/MT_Engine_Categorisation-Steps-768x274.png 768w, https:\/\/www.moneythor.com\/wp-content\/uploads\/2024\/02\/MT_Engine_Categorisation-Steps-1536x547.png 1536w\" sizes=\"auto, (max-width: 1606px) 100vw, 1606px\" \/>\t\t\t\t\t\t\n\t\t\t\t\t<\/div>\n\t\t\t\t\t\t\t\t\n<style>\n#image_71616805 {\n  width: 100%;\n}\n<\/style>\n\t<\/div>\n\t\n\t\t<\/div>\n\t\t\t\t\n<style>\n#col-198685650 > .col-inner {\n  padding: 60px 0px 50px 0px;\n}\n<\/style>\n\t<\/div>\n\n\t\n<\/div>\n\n\t<section class=\"section dark\" id=\"section_1834495712\">\n\t\t<div class=\"section-bg fill\" >\n\t\t\t\t\t\t\t\t\t\n\t\t\t\n\n\t\t<\/div>\n\n\t\t\n\n\t\t<div class=\"section-content relative\">\n\t\t\t\n<div class=\"row align-equal align-center\"  id=\"row-1712287267\">\n\n\t<div id=\"col-355654981\" class=\"col small-12 large-12\"  >\n\t\t\t\t<div class=\"col-inner text-center\"  >\n\t\t\t\n\t\t\t\n<h2>La plateforme Moneythor<\/h2>\n<a href=\"https:\/\/www.moneythor.com\/fr\/contact\/\" class=\"button secondary\"  style=\"border-radius:99px;\">\n\t\t<span>EN SAVOIR PLUS<\/span>\n\t<\/a>\n\n\t\t<\/div>\n\t\t\t\t\n<style>\n#col-355654981 > .col-inner {\n  padding: 0px 0px 0px 0px;\n}\n@media (min-width:550px) {\n  #col-355654981 > .col-inner {\n    padding: 20px 0px 0px 0px;\n  }\n}\n<\/style>\n\t<\/div>\n\n\t\n\n\t<div id=\"col-10529539\" class=\"col medium-4 small-11 large-4\"  data-animate=\"bounceIn\">\n\t\t\t\t<div class=\"col-inner\"  >\n\t\t\t\n\t\t\t\n\n\t\t<div class=\"icon-box featured-box icon-box-center text-center\"  >\n\t\t\t\t\t<div class=\"icon-box-img\" style=\"width: 120px\">\n\t\t\t\t<div class=\"icon\">\n\t\t\t\t\t<div class=\"icon-inner\" >\n\t\t\t\t\t\t<img loading=\"lazy\" decoding=\"async\" width=\"600\" height=\"600\" src=\"https:\/\/www.moneythor.com\/wp-content\/uploads\/2024\/02\/MT_Engine_Icon_AI-Powered-0.svg\" class=\"attachment-medium size-medium\" alt=\"Ic\u00f4ne du moteur Mt aliment\u00e9 par Ai 0\" \/>\t\t\t\t\t<\/div>\n\t\t\t\t<\/div>\n\t\t\t<\/div>\n\t\t\t\t<div class=\"icon-box-text last-reset\">\n\t\t\t\t\t\t\t\t\t\n\t<div id=\"text-3911073966\" class=\"text\">\n\t\t\n<h3>L'ENRICHISSEMENT AUTOMATIQUE<br \/>\nDES DONN\u00c9ES<\/h3>\n\t\t\n<style>\n#text-3911073966 {\n  color: #a9df86;\n}\n#text-3911073966 > * {\n  color: #a9df86;\n}\n<\/style>\n\t<\/div>\n\t\n<p style=\"padding-top: 10px;\">En s'appuyant sur les capacit\u00e9s de l'intelligence artificielle, le moteur de la solution Moneythor analyse et enrichit de mani\u00e8re automatique les donn\u00e9es des clients, produisant ainsi des informations sur leurs pr\u00e9f\u00e9rences et comportements sp\u00e9cifiques relatifs \u00e0 la gestion de leurs finances.<\/p>\n\t\t<\/div>\n\t<\/div>\n\t\n\t\n\t\t<\/div>\n\t\t\t\t\n<style>\n#col-10529539 > .col-inner {\n  padding: 20px 0px 0px 0px;\n}\n<\/style>\n\t<\/div>\n\n\t\n\n\t<div id=\"col-228952169\" class=\"col medium-4 small-11 large-4\"  data-animate=\"bounceIn\">\n\t\t\t\t<div class=\"col-inner\"  >\n\t\t\t\n\t\t\t\n\n\t\t<div class=\"icon-box featured-box icon-box-center text-center\"  >\n\t\t\t\t\t<div class=\"icon-box-img\" style=\"width: 120px\">\n\t\t\t\t<div class=\"icon\">\n\t\t\t\t\t<div class=\"icon-inner\" >\n\t\t\t\t\t\t<img loading=\"lazy\" decoding=\"async\" width=\"600\" height=\"600\" src=\"https:\/\/www.moneythor.com\/wp-content\/uploads\/2024\/02\/MT_Engine_Icon_Seamless-Integration-0.svg\" class=\"attachment-medium size-medium\" alt=\"Int\u00e9gration transparente de l&#039;ic\u00f4ne du moteur Mt 0\" \/>\t\t\t\t\t<\/div>\n\t\t\t\t<\/div>\n\t\t\t<\/div>\n\t\t\t\t<div class=\"icon-box-text last-reset\">\n\t\t\t\t\t\t\t\t\t\n\t<div id=\"text-3601904016\" class=\"text\">\n\t\t\n<h3>INT\u00c9GRATION AVEC TOUS LES SERVICES DIGITAUX<\/h3>\n\t\t\n<style>\n#text-3601904016 {\n  color: #a9df86;\n}\n#text-3601904016 > * {\n  color: #a9df86;\n}\n<\/style>\n\t<\/div>\n\t\n<p style=\"padding-top: 10px;\">Moneythor propose une solution compatible avec l'ensemble des services de gestion de la relation client. La plateform s'int\u00e9gre de mani\u00e8re transparente \u00e0 tous les types de services en ligne tels que les apps de banque en ligne, les services Web classiques, les chatbots, outils de CRM, etc.<\/p>\n\t\t<\/div>\n\t<\/div>\n\t\n\t\n\t\t<\/div>\n\t\t\t\t\n<style>\n#col-228952169 > .col-inner {\n  padding: 20px 0px 0px 0px;\n}\n<\/style>\n\t<\/div>\n\n\t\n\n\t<div id=\"col-35936614\" class=\"col medium-4 small-11 large-4\"  data-animate=\"bounceIn\">\n\t\t\t\t<div class=\"col-inner\"  >\n\t\t\t\n\t\t\t\n\n\t\t<div class=\"icon-box featured-box icon-box-center text-center\"  >\n\t\t\t\t\t<div class=\"icon-box-img\" style=\"width: 120px\">\n\t\t\t\t<div class=\"icon\">\n\t\t\t\t\t<div class=\"icon-inner\" >\n\t\t\t\t\t\t<img loading=\"lazy\" decoding=\"async\" width=\"600\" height=\"600\" src=\"https:\/\/www.moneythor.com\/wp-content\/uploads\/2024\/02\/MT_Engine_Icon_Deploy-Where-You-Need-0.svg\" class=\"attachment-medium size-medium\" alt=\"L&#039;ic\u00f4ne Mt Engine se d\u00e9ploie l\u00e0 o\u00f9 vous en avez besoin 0\" \/>\t\t\t\t\t<\/div>\n\t\t\t\t<\/div>\n\t\t\t<\/div>\n\t\t\t\t<div class=\"icon-box-text last-reset\">\n\t\t\t\t\t\t\t\t\t\n\t<div id=\"text-308868030\" class=\"text\">\n\t\t\n<h3>OPTIONS DE D\u00c9PLOIEMENT<br \/>\nFLEXIBLES<\/h3>\n\t\t\n<style>\n#text-308868030 {\n  color: #a9df86;\n}\n#text-308868030 > * {\n  color: #a9df86;\n}\n<\/style>\n\t<\/div>\n\t\n<p style=\"padding-top: 10px;\">La plateforme Moneythor avec son moteur de traitement de donn\u00e9es et l'ensemble de ses composants peut \u00eatre d\u00e9ploy\u00e9e au sein de l'infrastructure technique existante de la banque, ou sur sa plateforme cloud pr\u00e9f\u00e9r\u00e9e ou encore l'option SaaS g\u00e9r\u00e9e par Moneythor.<\/p>\n\t\t<\/div>\n\t<\/div>\n\t\n\t\n\t\t<\/div>\n\t\t\t\t\n<style>\n#col-35936614 > .col-inner {\n  padding: 20px 0px 0px 0px;\n}\n<\/style>\n\t<\/div>\n\n\t\n<\/div>\n\t\t<\/div>\n\n\t\t\n<style>\n#section_1834495712 {\n  padding-top: 60px;\n  padding-bottom: 60px;\n  background-color: #003a3d;\n}\n<\/style>\n\t<\/section>\n\t\n\n\t<section class=\"section has-parallax\" id=\"section_1624564287\">\n\t\t<div class=\"section-bg fill\" data-parallax-container=\".section\" data-parallax-background data-parallax=\"-8\">\n\t\t\t<img loading=\"lazy\" decoding=\"async\" width=\"1920\" height=\"1054\" src=\"https:\/\/www.moneythor.com\/wp-content\/uploads\/2024\/02\/MT_Homepage_Footer-Swirl.png\" class=\"bg attachment- size-\" alt=\"Pied de page de la page d&#039;accueil de Mt Swirl\" \/>\t\t\t\t\t\t\n\t\t\t\n\n\t\t<\/div>\n\n\t\t\n\n\t\t<div class=\"section-content relative\">\n\t\t\t\n<div class=\"row\"  id=\"row-1769062216\">\n\n\t<div id=\"col-968234607\" class=\"col medium-9 small-12 large-9\"  >\n\t\t\t\t<div class=\"col-inner text-left\" style=\"background-color:rgb(255,255,255);\" >\n\t\t\t\n\t\t\t\n\t<div id=\"text-1635479532\" class=\"text\">\n\t\t\n<h2>Moneythor en mode SaaS<\/h2>\n<p>Nous proposons un mod\u00e8le de mise en \u0153uvre enti\u00e8rement SaaS r\u00e9duisant les co\u00fbts initiaux et limitant les ajustements d&#039;infrastructure. Moneythor est certifi\u00e9 ISO 27001 et SOC2 Type 2, garantissant des normes de s\u00e9curit\u00e9 robustes. Planifiez une d\u00e9monstration d\u00e8s maintenant pour d\u00e9couvrir plus en d\u00e9tail notre solution SaaS.<\/p>\n\t\t\n<style>\n#text-1635479532 {\n  color: #003a3d;\n}\n#text-1635479532 > * {\n  color: #003a3d;\n}\n<\/style>\n\t<\/div>\n\t\n<a href=\"https:\/\/www.moneythor.com\/fr\/solution-saas\/\" class=\"button primary\"  style=\"border-radius:99px;\">\n\t\t<span>En savoir plus<\/span>\n\t<\/a>\n\n<div class=\"row\"  id=\"row-1023531558\">\n\n\t<div id=\"col-630208361\" class=\"col medium-3 small-6 large-3\"  >\n\t\t\t\t<div class=\"col-inner\"  >\n\t\t\t\n\t\t\t\n\t<div class=\"img has-hover x md-x lg-x y md-y lg-y\" id=\"image_1430145726\">\n\t\t\t\t\t\t\t\t<div class=\"img-inner dark\" >\n\t\t\t<img loading=\"lazy\" decoding=\"async\" width=\"396\" height=\"396\" src=\"https:\/\/www.moneythor.com\/wp-content\/uploads\/2024\/02\/ISO-27001-logo.png\" class=\"attachment-large size-large\" alt=\"Logo ISO 27001\" srcset=\"https:\/\/www.moneythor.com\/wp-content\/uploads\/2024\/02\/ISO-27001-logo.png 396w, https:\/\/www.moneythor.com\/wp-content\/uploads\/2024\/02\/ISO-27001-logo-150x150.png 150w\" sizes=\"auto, (max-width: 396px) 100vw, 396px\" \/>\t\t\t\t\t\t\n\t\t\t\t\t<\/div>\n\t\t\t\t\t\t\t\t\n<style>\n#image_1430145726 {\n  width: 100%;\n}\n<\/style>\n\t<\/div>\n\t\n\t\t<\/div>\n\t\t\t\t\n<style>\n#col-630208361 > .col-inner {\n  padding: 30px 0px 0px 0px;\n}\n<\/style>\n\t<\/div>\n\n\t\n\n\t<div id=\"col-1571972012\" class=\"col medium-3 small-6 large-3\"  >\n\t\t\t\t<div class=\"col-inner\"  >\n\t\t\t\n\t\t\t\n\t<div class=\"img has-hover x md-x lg-x y md-y lg-y\" id=\"image_43163417\">\n\t\t\t\t\t\t\t\t<div class=\"img-inner dark\" >\n\t\t\t<img loading=\"lazy\" decoding=\"async\" width=\"802\" height=\"802\" src=\"https:\/\/www.moneythor.com\/wp-content\/uploads\/2024\/02\/SOC2_Logo_Revised_1_.591b2acad61e2.png\" class=\"attachment-large size-large\" alt=\"Logo Soc2 r\u00e9vis\u00e9 1 .591b2acad61e2\" srcset=\"https:\/\/www.moneythor.com\/wp-content\/uploads\/2024\/02\/SOC2_Logo_Revised_1_.591b2acad61e2.png 802w, https:\/\/www.moneythor.com\/wp-content\/uploads\/2024\/02\/SOC2_Logo_Revised_1_.591b2acad61e2-600x600.png 600w, https:\/\/www.moneythor.com\/wp-content\/uploads\/2024\/02\/SOC2_Logo_Revised_1_.591b2acad61e2-150x150.png 150w, https:\/\/www.moneythor.com\/wp-content\/uploads\/2024\/02\/SOC2_Logo_Revised_1_.591b2acad61e2-768x768.png 768w\" sizes=\"auto, (max-width: 802px) 100vw, 802px\" \/>\t\t\t\t\t\t\n\t\t\t\t\t<\/div>\n\t\t\t\t\t\t\t\t\n<style>\n#image_43163417 {\n  width: 100%;\n}\n<\/style>\n\t<\/div>\n\t\n\t\t<\/div>\n\t\t\t\t\n<style>\n#col-1571972012 > .col-inner {\n  padding: 30px 0px 0px 0px;\n}\n<\/style>\n\t<\/div>\n\n\t\n<\/div>\n\t\t<\/div>\n\t\t\t\t\n<style>\n#col-968234607 > .col-inner {\n  padding: 40px 20px 20px 20px;\n  margin: 20px 0px 0px 0px;\n  border-radius: 30px;\n}\n@media (min-width:550px) {\n  #col-968234607 > .col-inner {\n    padding: 60px 50px 30px 50px;\n  }\n}\n<\/style>\n\t<\/div>\n\n\t\n<\/div>\n\t\t<\/div>\n\n\t\t\n<style>\n#section_1624564287 {\n  padding-top: 60px;\n  padding-bottom: 60px;\n  background-color: #94c193;\n}\n#section_1624564287 .section-bg img {\n  object-position: 88% 65%;\n}\n<\/style>\n\t<\/section>","protected":false},"excerpt":{"rendered":"","protected":false},"author":10,"featured_media":0,"parent":0,"menu_order":0,"comment_status":"closed","ping_status":"closed","template":"page-blank.php","meta":{"inline_featured_image":false,"footnotes":""},"class_list":["post-7530","page","type-page","status-publish","hentry"],"yoast_head":"<!-- This site is optimized with the Yoast SEO plugin v26.8 - https:\/\/yoast.com\/product\/yoast-seo-wordpress\/ -->\n<title>Redefining Personalisation with Moneythor Engine<\/title>\n<meta name=\"description\" content=\"High-performance scalable event-processing and orchestration engine processing real-time and batch data from any assets and liabilities\" \/>\n<meta name=\"robots\" content=\"index, follow, max-snippet:-1, max-image-preview:large, max-video-preview:-1\" \/>\n<link rel=\"canonical\" href=\"https:\/\/www.moneythor.com\/fr\/moteur\/\" \/>\n<meta property=\"og:locale\" content=\"fr_FR\" \/>\n<meta property=\"og:type\" content=\"article\" \/>\n<meta property=\"og:title\" content=\"Redefining Personalisation with Moneythor Engine\" \/>\n<meta property=\"og:description\" content=\"High-performance scalable event-processing and orchestration engine processing real-time and batch data from any assets and liabilities\" \/>\n<meta property=\"og:url\" content=\"https:\/\/www.moneythor.com\/fr\/moteur\/\" \/>\n<meta property=\"og:site_name\" content=\"Moneythor\" \/>\n<meta property=\"article:publisher\" content=\"https:\/\/www.facebook.com\/moneythorhq\" \/>\n<meta property=\"article:modified_time\" content=\"2025-02-28T09:04:49+00:00\" \/>\n<meta property=\"og:image\" content=\"https:\/\/www.moneythor.com\/wp-content\/uploads\/2024\/06\/Templates-for-Articles-NEW-BRANDING-2.png\" \/>\n\t<meta property=\"og:image:width\" content=\"1200\" \/>\n\t<meta property=\"og:image:height\" content=\"630\" \/>\n\t<meta property=\"og:image:type\" content=\"image\/png\" \/>\n<meta name=\"twitter:card\" content=\"summary_large_image\" \/>\n<meta name=\"twitter:site\" content=\"@moneythor\" \/>\n<meta name=\"twitter:label1\" content=\"Dur\u00e9e de lecture estim\u00e9e\" \/>\n\t<meta name=\"twitter:data1\" content=\"3 minutes\" \/>\n<script type=\"application\/ld+json\" class=\"yoast-schema-graph\">{\"@context\":\"https:\/\/schema.org\",\"@graph\":[{\"@type\":\"WebPage\",\"@id\":\"https:\/\/www.moneythor.com\/engine\/\",\"url\":\"https:\/\/www.moneythor.com\/engine\/\",\"name\":\"Redefining Personalisation with Moneythor Engine\",\"isPartOf\":{\"@id\":\"https:\/\/www.moneythor.com\/#website\"},\"datePublished\":\"2024-02-08T18:03:34+00:00\",\"dateModified\":\"2025-02-28T09:04:49+00:00\",\"description\":\"High-performance scalable event-processing and orchestration engine processing real-time and batch data from any assets and liabilities\",\"breadcrumb\":{\"@id\":\"https:\/\/www.moneythor.com\/engine\/#breadcrumb\"},\"inLanguage\":\"fr-FR\",\"potentialAction\":[{\"@type\":\"ReadAction\",\"target\":[\"https:\/\/www.moneythor.com\/engine\/\"]}]},{\"@type\":\"BreadcrumbList\",\"@id\":\"https:\/\/www.moneythor.com\/engine\/#breadcrumb\",\"itemListElement\":[{\"@type\":\"ListItem\",\"position\":1,\"name\":\"Home\",\"item\":\"https:\/\/www.moneythor.com\/\"},{\"@type\":\"ListItem\",\"position\":2,\"name\":\"Engine\"}]},{\"@type\":\"WebSite\",\"@id\":\"https:\/\/www.moneythor.com\/#website\",\"url\":\"https:\/\/www.moneythor.com\/\",\"name\":\"Moneythor\",\"description\":\"All-in-one personalisation engine for financial services\",\"publisher\":{\"@id\":\"https:\/\/www.moneythor.com\/#organization\"},\"potentialAction\":[{\"@type\":\"SearchAction\",\"target\":{\"@type\":\"EntryPoint\",\"urlTemplate\":\"https:\/\/www.moneythor.com\/?s={search_term_string}\"},\"query-input\":{\"@type\":\"PropertyValueSpecification\",\"valueRequired\":true,\"valueName\":\"search_term_string\"}}],\"inLanguage\":\"fr-FR\"},{\"@type\":\"Organization\",\"@id\":\"https:\/\/www.moneythor.com\/#organization\",\"name\":\"Moneythor\",\"url\":\"https:\/\/www.moneythor.com\/\",\"logo\":{\"@type\":\"ImageObject\",\"inLanguage\":\"fr-FR\",\"@id\":\"https:\/\/www.moneythor.com\/#\/schema\/logo\/image\/\",\"url\":\"https:\/\/www.moneythor.com\/wp-content\/uploads\/2024\/06\/Templates-for-Articles-NEW-BRANDING-2.png\",\"contentUrl\":\"https:\/\/www.moneythor.com\/wp-content\/uploads\/2024\/06\/Templates-for-Articles-NEW-BRANDING-2.png\",\"width\":1200,\"height\":630,\"caption\":\"Moneythor\"},\"image\":{\"@id\":\"https:\/\/www.moneythor.com\/#\/schema\/logo\/image\/\"},\"sameAs\":[\"https:\/\/www.facebook.com\/moneythorhq\",\"https:\/\/x.com\/moneythor\",\"https:\/\/www.linkedin.com\/company\/moneythor\"]}]}<\/script>\n<!-- \/ Yoast SEO plugin. -->","yoast_head_json":{"title":"Red\u00e9finir la personnalisation avec Moneythor Engine","description":"Moteur de traitement d&#039;\u00e9v\u00e9nements et d&#039;orchestration \u00e9volutif et hautes performances traitant les donn\u00e9es en temps r\u00e9el et par lots de tous les actifs et passifs","robots":{"index":"index","follow":"follow","max-snippet":"max-snippet:-1","max-image-preview":"max-image-preview:large","max-video-preview":"max-video-preview:-1"},"canonical":"https:\/\/www.moneythor.com\/fr\/moteur\/","og_locale":"fr_FR","og_type":"article","og_title":"Redefining Personalisation with Moneythor Engine","og_description":"High-performance scalable event-processing and orchestration engine processing real-time and batch data from any assets and liabilities","og_url":"https:\/\/www.moneythor.com\/fr\/moteur\/","og_site_name":"Moneythor","article_publisher":"https:\/\/www.facebook.com\/moneythorhq","article_modified_time":"2025-02-28T09:04:49+00:00","og_image":[{"width":1200,"height":630,"url":"https:\/\/www.moneythor.com\/wp-content\/uploads\/2024\/06\/Templates-for-Articles-NEW-BRANDING-2.png","type":"image\/png"}],"twitter_card":"summary_large_image","twitter_site":"@moneythor","twitter_misc":{"Dur\u00e9e de lecture estim\u00e9e":"3 minutes"},"schema":{"@context":"https:\/\/schema.org","@graph":[{"@type":"WebPage","@id":"https:\/\/www.moneythor.com\/engine\/","url":"https:\/\/www.moneythor.com\/engine\/","name":"Red\u00e9finir la personnalisation avec Moneythor Engine","isPartOf":{"@id":"https:\/\/www.moneythor.com\/#website"},"datePublished":"2024-02-08T18:03:34+00:00","dateModified":"2025-02-28T09:04:49+00:00","description":"Moteur de traitement d&#039;\u00e9v\u00e9nements et d&#039;orchestration \u00e9volutif et hautes performances traitant les donn\u00e9es en temps r\u00e9el et par lots de tous les actifs et passifs","breadcrumb":{"@id":"https:\/\/www.moneythor.com\/engine\/#breadcrumb"},"inLanguage":"fr-FR","potentialAction":[{"@type":"ReadAction","target":["https:\/\/www.moneythor.com\/engine\/"]}]},{"@type":"BreadcrumbList","@id":"https:\/\/www.moneythor.com\/engine\/#breadcrumb","itemListElement":[{"@type":"ListItem","position":1,"name":"Home","item":"https:\/\/www.moneythor.com\/"},{"@type":"ListItem","position":2,"name":"Engine"}]},{"@type":"WebSite","@id":"https:\/\/www.moneythor.com\/#website","url":"https:\/\/www.moneythor.com\/","name":"Moneythor","description":"Moteur de personnalisation tout-en-un pour les services financiers","publisher":{"@id":"https:\/\/www.moneythor.com\/#organization"},"potentialAction":[{"@type":"SearchAction","target":{"@type":"EntryPoint","urlTemplate":"https:\/\/www.moneythor.com\/?s={search_term_string}"},"query-input":{"@type":"PropertyValueSpecification","valueRequired":true,"valueName":"search_term_string"}}],"inLanguage":"fr-FR"},{"@type":"Organization","@id":"https:\/\/www.moneythor.com\/#organization","name":"Moneythor","url":"https:\/\/www.moneythor.com\/","logo":{"@type":"ImageObject","inLanguage":"fr-FR","@id":"https:\/\/www.moneythor.com\/#\/schema\/logo\/image\/","url":"https:\/\/www.moneythor.com\/wp-content\/uploads\/2024\/06\/Templates-for-Articles-NEW-BRANDING-2.png","contentUrl":"https:\/\/www.moneythor.com\/wp-content\/uploads\/2024\/06\/Templates-for-Articles-NEW-BRANDING-2.png","width":1200,"height":630,"caption":"Moneythor"},"image":{"@id":"https:\/\/www.moneythor.com\/#\/schema\/logo\/image\/"},"sameAs":["https:\/\/www.facebook.com\/moneythorhq","https:\/\/x.com\/moneythor","https:\/\/www.linkedin.com\/company\/moneythor"]}]}},"_links":{"self":[{"href":"https:\/\/www.moneythor.com\/fr\/wp-json\/wp\/v2\/pages\/7530","targetHints":{"allow":["GET"]}}],"collection":[{"href":"https:\/\/www.moneythor.com\/fr\/wp-json\/wp\/v2\/pages"}],"about":[{"href":"https:\/\/www.moneythor.com\/fr\/wp-json\/wp\/v2\/types\/page"}],"author":[{"embeddable":true,"href":"https:\/\/www.moneythor.com\/fr\/wp-json\/wp\/v2\/users\/10"}],"replies":[{"embeddable":true,"href":"https:\/\/www.moneythor.com\/fr\/wp-json\/wp\/v2\/comments?post=7530"}],"version-history":[{"count":0,"href":"https:\/\/www.moneythor.com\/fr\/wp-json\/wp\/v2\/pages\/7530\/revisions"}],"wp:attachment":[{"href":"https:\/\/www.moneythor.com\/fr\/wp-json\/wp\/v2\/media?parent=7530"}],"curies":[{"name":"wp","href":"https:\/\/api.w.org\/{rel}","templated":true}]}}