{"id":7528,"date":"2024-02-09T02:03:24","date_gmt":"2024-02-08T18:03:24","guid":{"rendered":"https:\/\/www.moneythor.com\/?page_id=7528"},"modified":"2025-02-26T16:16:57","modified_gmt":"2025-02-26T08:16:57","slug":"produit-bancaire","status":"publish","type":"page","link":"https:\/\/www.moneythor.com\/fr\/produit-bancaire\/","title":{"rendered":"Produits"},"content":{"rendered":"<div class=\"img has-hover no-margin show-for-small x md-x lg-x y md-y lg-y\" id=\"image_514488272\">\n\t\t\t\t\t\t\t\t<div class=\"img-inner dark\" style=\"margin:0px 0px -1px 0px;\">\n\t\t\t<img loading=\"lazy\" decoding=\"async\" width=\"500\" height=\"505\" src=\"https:\/\/www.moneythor.com\/wp-content\/uploads\/2024\/02\/MT_Product_Header_mobile.png\" class=\"attachment-large size-large\" alt=\"En-t\u00eate de produit Mt Mobile\" \/>\t\t\t\t\t\t\n\t\t\t\t\t<\/div>\n\t\t\t\t\t\t\t\t\n<style>\n#image_514488272 {\n  width: 100%;\n}\n<\/style>\n\t<\/div>\n\t\n\n\t<section class=\"section bg-green-mobile dark\" id=\"section_1002727459\">\n\t\t<div class=\"section-bg fill\" >\n\t\t\t<img loading=\"lazy\" decoding=\"async\" width=\"1920\" height=\"1079\" src=\"https:\/\/www.moneythor.com\/wp-content\/uploads\/2024\/02\/MT_Product_Header.png\" class=\"bg attachment-original size-original\" alt=\"En-t\u00eate du produit Mt\" \/>\t\t\t\t\t\t\n\t\t\t\n\n\t\t<\/div>\n\n\t\t\n\n\t\t<div class=\"section-content relative\">\n\t\t\t\n<div class=\"row align-bottom align-right\"  id=\"row-1975066407\">\n\n\t<div id=\"col-1916842244\" class=\"col medium-7 small-12 large-7\"  data-animate=\"fadeInUp\">\n\t\t\t\t<div class=\"col-inner\"  >\n\t\t\t\n\t\t\t\n<h1>Une suite compl\u00e8te d'outils de personnalisation pour la banque en ligne.<\/h1>\n\t\t<\/div>\n\t\t\t\t\n<style>\n#col-1916842244 > .col-inner {\n  padding: 30px 0px 0px 0px;\n  margin: -1px 0px 0px 0px;\n  max-width: 610px;\n}\n@media (min-width:550px) {\n  #col-1916842244 > .col-inner {\n    padding: 50% 0px 0px 15%;\n  }\n}\n<\/style>\n\t<\/div>\n\n\t\n<\/div>\n\t\t<\/div>\n\n\t\t\n<style>\n#section_1002727459 {\n  padding-top: 0px;\n  padding-bottom: 0px;\n  min-height: 0px;\n}\n#section_1002727459 .section-bg img {\n  object-position: 11% 56%;\n}\n@media (min-width:550px) {\n  #section_1002727459 {\n    min-height: 80vh;\n  }\n}\n<\/style>\n\t<\/section>\n\t\n<div class=\"row row-full-width align-equal align-center max-width-1500\"  id=\"row-686754355\">\n\n\t<div id=\"col-1975231160\" class=\"col small-12 large-12\"  >\n\t\t\t\t<div class=\"col-inner text-center\"  >\n\t\t\t\n\t\t\t\n<h2>Explorez nos produits et fonctionnalit\u00e9s<\/h2>\n<a class=\"button secondary sg-popup-id-8230\"  style=\"border-radius:99px;\">\n\t<i class=\"icon-vk\" aria-hidden=\"true\" ><\/i>\t<span>T\u00c9L\u00c9CHARGER LE GUIDE PRODUIT<\/span>\n\t<\/a>\n\n\t\t<\/div>\n\t\t\t\t\n<style>\n#col-1975231160 > .col-inner {\n  padding: 30px 0px 0px 0px;\n  margin: 0px 0px 0px 0px;\n}\n@media (min-width:550px) {\n  #col-1975231160 > .col-inner {\n    padding: 50px 0px 0px 0px;\n    margin: 0px 0px -30px 0px;\n  }\n}\n<\/style>\n\t<\/div>\n\n\t\n\n\t<div id=\"col-2078074588\" class=\"col medium-4 small-12 large-4\"  data-animate=\"bounceIn\">\n\t\t\t\t<div class=\"col-inner box-shadow-2\" style=\"background-color:rgb(255, 255, 255);\" >\n\t\t\t\n\t\t\t\n\n\t\t<div class=\"icon-box featured-box v-align-center icon-box-left text-left\"  >\n\t\t\t\t\t<div class=\"icon-box-img\" style=\"width: 60px\">\n\t\t\t\t<div class=\"icon\">\n\t\t\t\t\t<div class=\"icon-inner\" >\n\t\t\t\t\t\t<img loading=\"lazy\" decoding=\"async\" width=\"600\" height=\"600\" src=\"https:\/\/www.moneythor.com\/wp-content\/uploads\/2024\/02\/MT_Product_Icon_Acquire-0.svg\" class=\"attachment-medium size-medium\" alt=\"Ic\u00f4ne de produit Mt Acqu\u00e9rir 0\" \/>\t\t\t\t\t<\/div>\n\t\t\t\t<\/div>\n\t\t\t<\/div>\n\t\t\t\t<div class=\"icon-box-text last-reset\">\n\t\t\t\t\t\t\t\t\t\n\t<div id=\"text-1414762055\" class=\"text\">\n\t\t\n<p class=\"h3 no-margin\">ACQUISITION<\/p>\n\t\t\n<style>\n#text-1414762055 {\n  font-size: 1.3rem;\n  text-align: left;\n  color: #003a3d;\n}\n#text-1414762055 > * {\n  color: #003a3d;\n}\n<\/style>\n\t<\/div>\n\t\n\t\t<\/div>\n\t<\/div>\n\t\n\t\n\n<div class=\"product-feature-list\">\n<p>\u2022 Parrainages standards<\/p>\n<p>\u2022 Parrainages multi-niveaux<\/p>\n<p>\u2022 Parrainages partenaires et employ\u00e9s<\/p>\n<\/div>\n\n\t\t<\/div>\n\t\t\t\t\n<style>\n#col-2078074588 > .col-inner {\n  padding: 30px 10px 20px 10px;\n  margin: 20px 0px 20px 0px;\n  border-radius: 30px;\n}\n@media (min-width:550px) {\n  #col-2078074588 > .col-inner {\n    padding: 30px 35px 20px 20px;\n    margin: 50px -20px 20px 0px;\n  }\n}\n<\/style>\n\t<\/div>\n\n\t\n\n\t<div id=\"col-2008064607\" class=\"col z-index-1 medium-4 small-12 large-4\"  data-animate=\"bounceIn\">\n\t\t\t\t<div class=\"col-inner box-shadow-2\" style=\"background-color:rgb(255, 255, 255);\" >\n\t\t\t\n\t\t\t\n\n\t\t<div class=\"icon-box featured-box v-align-center icon-box-left text-left\"  >\n\t\t\t\t\t<div class=\"icon-box-img\" style=\"width: 60px\">\n\t\t\t\t<div class=\"icon\">\n\t\t\t\t\t<div class=\"icon-inner\" >\n\t\t\t\t\t\t<img loading=\"lazy\" decoding=\"async\" width=\"600\" height=\"600\" src=\"https:\/\/www.moneythor.com\/wp-content\/uploads\/2024\/02\/MT_Product_Icon_Activate-0.svg\" class=\"attachment-medium size-medium\" alt=\"Ic\u00f4ne de produit Mt Activer 0\" \/>\t\t\t\t\t<\/div>\n\t\t\t\t<\/div>\n\t\t\t<\/div>\n\t\t\t\t<div class=\"icon-box-text last-reset\">\n\t\t\t\t\t\t\t\t\t\n\t<div id=\"text-2418216868\" class=\"text\">\n\t\t\n<p class=\"h3 no-margin\">ACTIVATION<\/p>\n\t\t\n<style>\n#text-2418216868 {\n  font-size: 1.3rem;\n  text-align: left;\n  color: #003a3d;\n}\n#text-2418216868 > * {\n  color: #003a3d;\n}\n<\/style>\n\t<\/div>\n\t\n\t\t<\/div>\n\t<\/div>\n\t\n\t\n\n<div class=\"product-feature-list\">\n<p>\u2022 Programmes d'int\u00e9gration pour nouveaux clients<\/p>\n<p>\u2022 Attribution en temps r\u00e9el d'offres de bienvenue<\/p>\n<p>\u2022 Exp\u00e9riences utilisant des techniques de gamification<\/p>\n<\/div>\n\n\t\t<\/div>\n\t\t\t\t\n<style>\n#col-2008064607 > .col-inner {\n  padding: 30px 10px 20px 10px;\n  margin: 0px 0px 20px 0px;\n  border-radius: 30px;\n}\n@media (min-width:550px) {\n  #col-2008064607 > .col-inner {\n    padding: 30px 50px 20px 50px;\n    margin: 50px -20px 20px -20px;\n  }\n}\n<\/style>\n\t<\/div>\n\n\t\n\n\t<div id=\"col-624443514\" class=\"col z-index-0 medium-4 small-12 large-4\"  data-animate=\"bounceIn\">\n\t\t\t\t<div class=\"col-inner box-shadow-2\" style=\"background-color:rgb(255, 255, 255);\" >\n\t\t\t\n\t\t\t\n\n\t\t<div class=\"icon-box featured-box v-align-center icon-box-left text-left\"  >\n\t\t\t\t\t<div class=\"icon-box-img\" style=\"width: 60px\">\n\t\t\t\t<div class=\"icon\">\n\t\t\t\t\t<div class=\"icon-inner\" >\n\t\t\t\t\t\t<img loading=\"lazy\" decoding=\"async\" width=\"600\" height=\"600\" src=\"https:\/\/www.moneythor.com\/wp-content\/uploads\/2024\/02\/MT_Product_Icon_Engage-0.svg\" class=\"attachment-medium size-medium\" alt=\"Ic\u00f4ne de produit Mt Engager 0\" \/>\t\t\t\t\t<\/div>\n\t\t\t\t<\/div>\n\t\t\t<\/div>\n\t\t\t\t<div class=\"icon-box-text last-reset\">\n\t\t\t\t\t\t\t\t\t\n\t<div id=\"text-3253350785\" class=\"text\">\n\t\t\n<p class=\"h3 no-margin\">ENGAGEMENT<\/p>\n\t\t\n<style>\n#text-3253350785 {\n  font-size: 1.3rem;\n  text-align: left;\n  color: #003a3d;\n}\n#text-3253350785 > * {\n  color: #003a3d;\n}\n<\/style>\n\t<\/div>\n\t\n\t\t<\/div>\n\t<\/div>\n\t\n\t\n\n<div class=\"product-feature-list\">\n<p>\u2022\u00a0Recommandations et \"nudges\"<\/p>\n<p>\u2022\u00a0Budgets sur d\u00e9penses, suivi et notifications des abonnements<\/p>\n<p>\u2022 Projets d'\u00e9pargne et contributions automatis\u00e9es<\/p>\n<p>\u2022 Pr\u00e9visions de soldes<\/p>\n<p>\u2022 Cat\u00e9gorisation et enrichissement des op\u00e9rations<\/p>\n<p>\u2022 Services bancaires pour familles<\/p>\n<p>\u2022 Programmes li\u00e9s \u00e0 la finance islamique<\/p>\n<p>\u2022 Empreinte carbone et programmes ESG<\/p>\n<p>\u2022 Services pour client\u00e8le patrimoniale<\/p>\n<\/div>\n\n\t\t<\/div>\n\t\t\t\t\n<style>\n#col-624443514 > .col-inner {\n  padding: 30px 10px 20px 10px;\n  margin: 0px 0px 20px 0px;\n  border-radius: 30px;\n}\n@media (min-width:550px) {\n  #col-624443514 > .col-inner {\n    padding: 30px 20px 20px 35px;\n    margin: 50px 0px 20px -20px;\n  }\n}\n<\/style>\n\t<\/div>\n\n\t\n<\/div>\n<div class=\"row align-middle align-center\"  id=\"row-561263549\">\n\n\t<div id=\"col-766166186\" class=\"col medium-7 small-12 large-7\"  >\n\t\t\t\t<div class=\"col-inner text-center\"  >\n\t\t\t\n\t\t\t\n<h2>Cr\u00e9ez des exp\u00e9riences uniques avec l'outil de configuration de la solution : Moneythor Studio<\/h2>\n\t\t<\/div>\n\t\t\t\t\n<style>\n#col-766166186 > .col-inner {\n  padding: 60px 0px 0px 0px;\n}\n<\/style>\n\t<\/div>\n\n\t\n<\/div>\n<div class=\"row align-middle align-center\"  id=\"row-1376895084\">\n\n\t<div id=\"col-1395704987\" class=\"col z-index-1 hide-for-small medium-6 small-12 large-6\"  data-animate=\"fadeInLeft\">\n\t\t\t\t<div class=\"col-inner\"  >\n\t\t\t\n\t\t\t\n\t<div class=\"img has-hover no-margin hide-for-small x md-x lg-x y md-y lg-y\" id=\"image_994675088\">\n\t\t\t\t\t\t\t\t<div class=\"img-inner box-shadow-2 dark\" style=\"margin:0px -170px 0px 0px;\">\n\t\t\t<img loading=\"lazy\" decoding=\"async\" width=\"1091\" height=\"652\" src=\"https:\/\/www.moneythor.com\/wp-content\/uploads\/2024\/02\/MT_Product_Fully-Configurable.png\" class=\"attachment-original size-original\" alt=\"Produit Mt enti\u00e8rement configurable\" srcset=\"https:\/\/www.moneythor.com\/wp-content\/uploads\/2024\/02\/MT_Product_Fully-Configurable.png 1091w, https:\/\/www.moneythor.com\/wp-content\/uploads\/2024\/02\/MT_Product_Fully-Configurable-1004x600.png 1004w, https:\/\/www.moneythor.com\/wp-content\/uploads\/2024\/02\/MT_Product_Fully-Configurable-1024x612.png 1024w, https:\/\/www.moneythor.com\/wp-content\/uploads\/2024\/02\/MT_Product_Fully-Configurable-768x459.png 768w\" sizes=\"auto, (max-width: 1091px) 100vw, 1091px\" \/>\t\t\t\t\t\t\n\t\t\t\t\t<\/div>\n\t\t\t\t\t\t\t\t\n<style>\n#image_994675088 {\n  width: 100%;\n}\n<\/style>\n\t<\/div>\n\t\n\t\t<\/div>\n\t\t\t\t\n<style>\n#col-1395704987 > .col-inner {\n  padding: 15px 0px 5px 0px;\n}\n<\/style>\n\t<\/div>\n\n\t\n\n\t<div id=\"col-1276429685\" class=\"col z-index-0 medium-6 small-12 large-6\"  >\n\t\t\t\t<div class=\"col-inner dark\" style=\"background-color:#003a3d;\" >\n\t\t\t\n\t\t\t\n<h3 class=\"h2\">Solution enti\u00e8rement configurable<\/h3>\n<p><span class=\"OYPEnA text-decoration-none text-strikethrough-none\">La solution fournit un haut niveau de flexibilit\u00e9 permettant aux institutions financi\u00e8res de s\u2019adapter aux tendances du march\u00e9, aux changements r\u00e9glementaires et aux pr\u00e9f\u00e9rences \u00e9volutives de leurs clients.<\/span><\/p>\n\t<div class=\"img has-hover show-for-small x md-x lg-x y md-y lg-y\" id=\"image_568876361\">\n\t\t\t\t\t\t\t\t<div class=\"img-inner dark\" >\n\t\t\t<img loading=\"lazy\" decoding=\"async\" width=\"1020\" height=\"610\" src=\"https:\/\/www.moneythor.com\/wp-content\/uploads\/2024\/02\/MT_Product_Fully-Configurable-1024x612.png\" class=\"attachment-large size-large\" alt=\"Produit Mt enti\u00e8rement configurable\" srcset=\"https:\/\/www.moneythor.com\/wp-content\/uploads\/2024\/02\/MT_Product_Fully-Configurable-1024x612.png 1024w, https:\/\/www.moneythor.com\/wp-content\/uploads\/2024\/02\/MT_Product_Fully-Configurable-1004x600.png 1004w, https:\/\/www.moneythor.com\/wp-content\/uploads\/2024\/02\/MT_Product_Fully-Configurable-768x459.png 768w, https:\/\/www.moneythor.com\/wp-content\/uploads\/2024\/02\/MT_Product_Fully-Configurable.png 1091w\" sizes=\"auto, (max-width: 1020px) 100vw, 1020px\" \/>\t\t\t\t\t\t\n\t\t\t\t\t<\/div>\n\t\t\t\t\t\t\t\t\n<style>\n#image_568876361 {\n  width: 100%;\n}\n<\/style>\n\t<\/div>\n\t\n\t\t<\/div>\n\t\t\t\t\n<style>\n#col-1276429685 > .col-inner {\n  padding: 30px 20px 40px 20px;\n  margin: 20px 0px 0px 0px;\n}\n@media (min-width:550px) {\n  #col-1276429685 > .col-inner {\n    padding: 120px 30px 120px 190px;\n    margin: 0px 0px -15px -15px;\n  }\n}\n<\/style>\n\t<\/div>\n\n\t\n<\/div>\n<div class=\"row align-middle align-center\"  id=\"row-454603835\">\n\n\t<div id=\"col-683438148\" class=\"col medium-6 small-12 large-6\"  >\n\t\t\t\t<div class=\"col-inner dark\" style=\"background-color:#003a3d;\" >\n\t\t\t\n\t\t\t\n<h3 class=\"h2\">Biblioth\u00e8que de<br \/>\nmod\u00e8les de cas d'usage vari\u00e9s<\/h3>\n<p><span class=\"OYPEnA text-decoration-none text-strikethrough-none\">Une vaste biblioth\u00e8que de mod\u00e8les couvrant une multitude de cas d'usage permet la mise en \u0153uvre rapide d'exp\u00e9riences enrichies r\u00e9pondant aux besoins individuels de multiple segments de client\u00e8le.<\/span><\/p>\n\t<div class=\"img has-hover show-for-small x md-x lg-x y md-y lg-y\" id=\"image_1364607800\">\n\t\t\t\t\t\t\t\t<div class=\"img-inner dark\" >\n\t\t\t<img loading=\"lazy\" decoding=\"async\" width=\"1020\" height=\"610\" src=\"https:\/\/www.moneythor.com\/wp-content\/uploads\/2024\/02\/MT_Product_Library-1024x612.png\" class=\"attachment-large size-large\" alt=\"Biblioth\u00e8que de produits MT\" srcset=\"https:\/\/www.moneythor.com\/wp-content\/uploads\/2024\/02\/MT_Product_Library-1024x612.png 1024w, https:\/\/www.moneythor.com\/wp-content\/uploads\/2024\/02\/MT_Product_Library-1004x600.png 1004w, https:\/\/www.moneythor.com\/wp-content\/uploads\/2024\/02\/MT_Product_Library-768x459.png 768w, https:\/\/www.moneythor.com\/wp-content\/uploads\/2024\/02\/MT_Product_Library.png 1091w\" sizes=\"auto, (max-width: 1020px) 100vw, 1020px\" \/>\t\t\t\t\t\t\n\t\t\t\t\t<\/div>\n\t\t\t\t\t\t\t\t\n<style>\n#image_1364607800 {\n  width: 100%;\n}\n<\/style>\n\t<\/div>\n\t\n\t\t<\/div>\n\t\t\t\t\n<style>\n#col-683438148 > .col-inner {\n  padding: 30px 20px 40px 20px;\n  margin: 30px 0px 0px 0px;\n}\n@media (min-width:550px) {\n  #col-683438148 > .col-inner {\n    padding: 120px 190px 120px 30px;\n    margin: -15px 0px 0px 15px;\n  }\n}\n<\/style>\n\t<\/div>\n\n\t\n\n\t<div id=\"col-1722079066\" class=\"col hide-for-small medium-6 small-12 large-6\"  data-animate=\"fadeInRight\">\n\t\t\t\t<div class=\"col-inner\"  >\n\t\t\t\n\t\t\t\n\t<div class=\"img has-hover no-margin hide-for-small x md-x lg-x y md-y lg-y\" id=\"image_1212461654\">\n\t\t\t\t\t\t\t\t<div class=\"img-inner box-shadow-2 dark\" style=\"margin:0px 0px 0px -170px;\">\n\t\t\t<img loading=\"lazy\" decoding=\"async\" width=\"1091\" height=\"652\" src=\"https:\/\/www.moneythor.com\/wp-content\/uploads\/2024\/02\/MT_Product_Library.png\" class=\"attachment-original size-original\" alt=\"Biblioth\u00e8que de produits MT\" srcset=\"https:\/\/www.moneythor.com\/wp-content\/uploads\/2024\/02\/MT_Product_Library.png 1091w, https:\/\/www.moneythor.com\/wp-content\/uploads\/2024\/02\/MT_Product_Library-1004x600.png 1004w, https:\/\/www.moneythor.com\/wp-content\/uploads\/2024\/02\/MT_Product_Library-1024x612.png 1024w, https:\/\/www.moneythor.com\/wp-content\/uploads\/2024\/02\/MT_Product_Library-768x459.png 768w\" sizes=\"auto, (max-width: 1091px) 100vw, 1091px\" \/>\t\t\t\t\t\t\n\t\t\t\t\t<\/div>\n\t\t\t\t\t\t\t\t\n<style>\n#image_1212461654 {\n  width: 100%;\n}\n<\/style>\n\t<\/div>\n\t\n\t\t<\/div>\n\t\t\t\t\n<style>\n#col-1722079066 > .col-inner {\n  padding: 5px 15px 15px 0px;\n}\n<\/style>\n\t<\/div>\n\n\t\n<\/div>\n\t<div id=\"gap-616204915\" class=\"gap-element clearfix\" style=\"display:block; height:auto;\">\n\t\t\n<style>\n#gap-616204915 {\n  padding-top: 50px;\n}\n<\/style>\n\t<\/div>\n\t\n\n\t<section class=\"section has-parallax\" id=\"section_1553906453\">\n\t\t<div class=\"section-bg fill\" data-parallax-container=\".section\" data-parallax-background data-parallax=\"-8\">\n\t\t\t<img loading=\"lazy\" decoding=\"async\" width=\"1920\" height=\"1054\" src=\"https:\/\/www.moneythor.com\/wp-content\/uploads\/2024\/02\/MT_Homepage_Footer-Swirl.png\" class=\"bg attachment- size-\" alt=\"Pied de page de la page d&#039;accueil de Mt Swirl\" \/>\t\t\t\t\t\t\n\t\t\t\n\n\t\t<\/div>\n\n\t\t\n\n\t\t<div class=\"section-content relative\">\n\t\t\t\n<div class=\"row\"  id=\"row-89946584\">\n\n\t<div id=\"col-589743528\" class=\"col medium-9 small-12 large-9\"  >\n\t\t\t\t<div class=\"col-inner text-left\" style=\"background-color:rgb(255,255,255);\" >\n\t\t\t\n\t\t\t\n\t<div id=\"text-2229218870\" class=\"text\">\n\t\t\n<h2>Mon\u00e9tisez vos investissements Open Banking et DSP2<\/h2>\n<p>Offrez aux utilisateurs de vos services en ligne un aper\u00e7u complet de leurs finances, quel que soit l'\u00e9ventail de leurs relations bancaires. La norme DSP2 et plus g\u00e9n\u00e9ralement l'Open Banking permettent de cr\u00e9er un avantage concurrentiel pour l'institution financi\u00e8re offrant l'agr\u00e9gation des donn\u00e9es du client, tel que des services plus complets de gestion de finance personnelle (PFM) mais \u00e9galement des fonctions de fid\u00e9lit\u00e9 et un marketing plus personnalis\u00e9.<\/p>\n<p>Devenez l'institution financi\u00e8res qui rationalise l\u2019exp\u00e9rience de ses clients en \u00e9liminant le besoin de connexions multiples. Fournissez une plate-forme unifi\u00e9e o\u00f9 les clients peuvent consulter sans effort l\u2019ensemble de leur situation financi\u00e8re avec des fonctions \u00e0 valeur ajout\u00e9e.<br \/>\n\t\t\n<style>\n#text-2229218870 {\n  color: #003a3d;\n}\n#text-2229218870 > * {\n  color: #003a3d;\n}\n<\/style>\n\t<\/div>\n\t\n<a href=\"https:\/\/www.moneythor.com\/fr\/a-propos-du-systeme-bancaire-ouvert\/\" target=\"_blank\" class=\"button primary\" rel=\"noopener\"  style=\"border-radius:99px;\">\n\t\t<span>EN SAVOIR PLUS<\/span>\n\t<\/a>\n\n\n\t\t<\/div>\n\t\t\t\t\n<style>\n#col-589743528 > .col-inner {\n  padding: 40px 20px 20px 20px;\n  margin: 20px 0px 0px 0px;\n  border-radius: 30px;\n}\n@media (min-width:550px) {\n  #col-589743528 > .col-inner {\n    padding: 60px 50px 50px 50px;\n  }\n}\n<\/style>\n\t<\/div>\n\n\t\n<\/div>\n\t\t<\/div>\n\n\t\t\n<style>\n#section_1553906453 {\n  padding-top: 60px;\n  padding-bottom: 60px;\n  background-color: #94c193;\n}\n#section_1553906453 .section-bg img {\n  object-position: 88% 65%;\n}\n<\/style>\n\t<\/section>","protected":false},"excerpt":{"rendered":"","protected":false},"author":10,"featured_media":0,"parent":0,"menu_order":0,"comment_status":"closed","ping_status":"closed","template":"page-blank.php","meta":{"inline_featured_image":false,"footnotes":""},"class_list":["post-7528","page","type-page","status-publish","hentry"],"yoast_head":"<!-- This site is optimized with the Yoast SEO plugin v26.8 - https:\/\/yoast.com\/product\/yoast-seo-wordpress\/ -->\n<title>Product | Explore our Products &amp; Features | Moneythor<\/title>\n<meta name=\"description\" content=\"Complete Suite of Personalisation Solutions to Drive Measurable Business Results. Download our Product &amp; Features Guide.\" \/>\n<meta name=\"robots\" content=\"index, follow, max-snippet:-1, max-image-preview:large, max-video-preview:-1\" \/>\n<link rel=\"canonical\" href=\"https:\/\/www.moneythor.com\/fr\/produit-bancaire\/\" \/>\n<meta property=\"og:locale\" content=\"fr_FR\" \/>\n<meta property=\"og:type\" content=\"article\" \/>\n<meta property=\"og:title\" content=\"Product | Explore our Products &amp; Features | Moneythor\" \/>\n<meta property=\"og:description\" content=\"Complete Suite of Personalisation Solutions to Drive Measurable Business Results. Download our Product &amp; Features Guide.\" \/>\n<meta property=\"og:url\" content=\"https:\/\/www.moneythor.com\/fr\/produit-bancaire\/\" \/>\n<meta property=\"og:site_name\" content=\"Moneythor\" \/>\n<meta property=\"article:publisher\" content=\"https:\/\/www.facebook.com\/moneythorhq\" \/>\n<meta property=\"article:modified_time\" content=\"2025-02-26T08:16:57+00:00\" \/>\n<meta property=\"og:image\" content=\"https:\/\/www.moneythor.com\/wp-content\/uploads\/2024\/06\/Templates-for-Articles-NEW-BRANDING-2.png\" \/>\n\t<meta property=\"og:image:width\" content=\"1200\" \/>\n\t<meta property=\"og:image:height\" content=\"630\" \/>\n\t<meta property=\"og:image:type\" content=\"image\/png\" \/>\n<meta name=\"twitter:card\" content=\"summary_large_image\" \/>\n<meta name=\"twitter:site\" content=\"@moneythor\" \/>\n<meta name=\"twitter:label1\" content=\"Dur\u00e9e de lecture estim\u00e9e\" \/>\n\t<meta name=\"twitter:data1\" content=\"5 minutes\" \/>\n<script type=\"application\/ld+json\" class=\"yoast-schema-graph\">{\"@context\":\"https:\/\/schema.org\",\"@graph\":[{\"@type\":\"WebPage\",\"@id\":\"https:\/\/www.moneythor.com\/banking-product\/\",\"url\":\"https:\/\/www.moneythor.com\/banking-product\/\",\"name\":\"Product | Explore our Products & Features | Moneythor\",\"isPartOf\":{\"@id\":\"https:\/\/www.moneythor.com\/#website\"},\"datePublished\":\"2024-02-08T18:03:24+00:00\",\"dateModified\":\"2025-02-26T08:16:57+00:00\",\"description\":\"Complete Suite of Personalisation Solutions to Drive Measurable Business Results. Download our Product & Features Guide.\",\"breadcrumb\":{\"@id\":\"https:\/\/www.moneythor.com\/banking-product\/#breadcrumb\"},\"inLanguage\":\"fr-FR\",\"potentialAction\":[{\"@type\":\"ReadAction\",\"target\":[\"https:\/\/www.moneythor.com\/banking-product\/\"]}]},{\"@type\":\"BreadcrumbList\",\"@id\":\"https:\/\/www.moneythor.com\/banking-product\/#breadcrumb\",\"itemListElement\":[{\"@type\":\"ListItem\",\"position\":1,\"name\":\"Home\",\"item\":\"https:\/\/www.moneythor.com\/\"},{\"@type\":\"ListItem\",\"position\":2,\"name\":\"Product\"}]},{\"@type\":\"WebSite\",\"@id\":\"https:\/\/www.moneythor.com\/#website\",\"url\":\"https:\/\/www.moneythor.com\/\",\"name\":\"Moneythor\",\"description\":\"All-in-one personalisation engine for financial services\",\"publisher\":{\"@id\":\"https:\/\/www.moneythor.com\/#organization\"},\"potentialAction\":[{\"@type\":\"SearchAction\",\"target\":{\"@type\":\"EntryPoint\",\"urlTemplate\":\"https:\/\/www.moneythor.com\/?s={search_term_string}\"},\"query-input\":{\"@type\":\"PropertyValueSpecification\",\"valueRequired\":true,\"valueName\":\"search_term_string\"}}],\"inLanguage\":\"fr-FR\"},{\"@type\":\"Organization\",\"@id\":\"https:\/\/www.moneythor.com\/#organization\",\"name\":\"Moneythor\",\"url\":\"https:\/\/www.moneythor.com\/\",\"logo\":{\"@type\":\"ImageObject\",\"inLanguage\":\"fr-FR\",\"@id\":\"https:\/\/www.moneythor.com\/#\/schema\/logo\/image\/\",\"url\":\"https:\/\/www.moneythor.com\/wp-content\/uploads\/2024\/06\/Templates-for-Articles-NEW-BRANDING-2.png\",\"contentUrl\":\"https:\/\/www.moneythor.com\/wp-content\/uploads\/2024\/06\/Templates-for-Articles-NEW-BRANDING-2.png\",\"width\":1200,\"height\":630,\"caption\":\"Moneythor\"},\"image\":{\"@id\":\"https:\/\/www.moneythor.com\/#\/schema\/logo\/image\/\"},\"sameAs\":[\"https:\/\/www.facebook.com\/moneythorhq\",\"https:\/\/x.com\/moneythor\",\"https:\/\/www.linkedin.com\/company\/moneythor\"]}]}<\/script>\n<!-- \/ Yoast SEO plugin. -->","yoast_head_json":{"title":"Produit | D\u00e9couvrez nos produits et fonctionnalit\u00e9s | Moneythor","description":"Suite compl\u00e8te de solutions de personnalisation pour g\u00e9n\u00e9rer des r\u00e9sultats commerciaux mesurables. T\u00e9l\u00e9chargez notre guide des produits et fonctionnalit\u00e9s.","robots":{"index":"index","follow":"follow","max-snippet":"max-snippet:-1","max-image-preview":"max-image-preview:large","max-video-preview":"max-video-preview:-1"},"canonical":"https:\/\/www.moneythor.com\/fr\/produit-bancaire\/","og_locale":"fr_FR","og_type":"article","og_title":"Product | Explore our Products & Features | Moneythor","og_description":"Complete Suite of Personalisation Solutions to Drive Measurable Business Results. Download our Product & Features Guide.","og_url":"https:\/\/www.moneythor.com\/fr\/produit-bancaire\/","og_site_name":"Moneythor","article_publisher":"https:\/\/www.facebook.com\/moneythorhq","article_modified_time":"2025-02-26T08:16:57+00:00","og_image":[{"width":1200,"height":630,"url":"https:\/\/www.moneythor.com\/wp-content\/uploads\/2024\/06\/Templates-for-Articles-NEW-BRANDING-2.png","type":"image\/png"}],"twitter_card":"summary_large_image","twitter_site":"@moneythor","twitter_misc":{"Dur\u00e9e de lecture estim\u00e9e":"5 minutes"},"schema":{"@context":"https:\/\/schema.org","@graph":[{"@type":"WebPage","@id":"https:\/\/www.moneythor.com\/banking-product\/","url":"https:\/\/www.moneythor.com\/banking-product\/","name":"Produit | D\u00e9couvrez nos produits et fonctionnalit\u00e9s | Moneythor","isPartOf":{"@id":"https:\/\/www.moneythor.com\/#website"},"datePublished":"2024-02-08T18:03:24+00:00","dateModified":"2025-02-26T08:16:57+00:00","description":"Suite compl\u00e8te de solutions de personnalisation pour g\u00e9n\u00e9rer des r\u00e9sultats commerciaux mesurables. T\u00e9l\u00e9chargez notre guide des produits et fonctionnalit\u00e9s.","breadcrumb":{"@id":"https:\/\/www.moneythor.com\/banking-product\/#breadcrumb"},"inLanguage":"fr-FR","potentialAction":[{"@type":"ReadAction","target":["https:\/\/www.moneythor.com\/banking-product\/"]}]},{"@type":"BreadcrumbList","@id":"https:\/\/www.moneythor.com\/banking-product\/#breadcrumb","itemListElement":[{"@type":"ListItem","position":1,"name":"Home","item":"https:\/\/www.moneythor.com\/"},{"@type":"ListItem","position":2,"name":"Product"}]},{"@type":"WebSite","@id":"https:\/\/www.moneythor.com\/#website","url":"https:\/\/www.moneythor.com\/","name":"Moneythor","description":"Moteur de personnalisation tout-en-un pour les services financiers","publisher":{"@id":"https:\/\/www.moneythor.com\/#organization"},"potentialAction":[{"@type":"SearchAction","target":{"@type":"EntryPoint","urlTemplate":"https:\/\/www.moneythor.com\/?s={search_term_string}"},"query-input":{"@type":"PropertyValueSpecification","valueRequired":true,"valueName":"search_term_string"}}],"inLanguage":"fr-FR"},{"@type":"Organization","@id":"https:\/\/www.moneythor.com\/#organization","name":"Moneythor","url":"https:\/\/www.moneythor.com\/","logo":{"@type":"ImageObject","inLanguage":"fr-FR","@id":"https:\/\/www.moneythor.com\/#\/schema\/logo\/image\/","url":"https:\/\/www.moneythor.com\/wp-content\/uploads\/2024\/06\/Templates-for-Articles-NEW-BRANDING-2.png","contentUrl":"https:\/\/www.moneythor.com\/wp-content\/uploads\/2024\/06\/Templates-for-Articles-NEW-BRANDING-2.png","width":1200,"height":630,"caption":"Moneythor"},"image":{"@id":"https:\/\/www.moneythor.com\/#\/schema\/logo\/image\/"},"sameAs":["https:\/\/www.facebook.com\/moneythorhq","https:\/\/x.com\/moneythor","https:\/\/www.linkedin.com\/company\/moneythor"]}]}},"_links":{"self":[{"href":"https:\/\/www.moneythor.com\/fr\/wp-json\/wp\/v2\/pages\/7528","targetHints":{"allow":["GET"]}}],"collection":[{"href":"https:\/\/www.moneythor.com\/fr\/wp-json\/wp\/v2\/pages"}],"about":[{"href":"https:\/\/www.moneythor.com\/fr\/wp-json\/wp\/v2\/types\/page"}],"author":[{"embeddable":true,"href":"https:\/\/www.moneythor.com\/fr\/wp-json\/wp\/v2\/users\/10"}],"replies":[{"embeddable":true,"href":"https:\/\/www.moneythor.com\/fr\/wp-json\/wp\/v2\/comments?post=7528"}],"version-history":[{"count":0,"href":"https:\/\/www.moneythor.com\/fr\/wp-json\/wp\/v2\/pages\/7528\/revisions"}],"wp:attachment":[{"href":"https:\/\/www.moneythor.com\/fr\/wp-json\/wp\/v2\/media?parent=7528"}],"curies":[{"name":"wp","href":"https:\/\/api.w.org\/{rel}","templated":true}]}}