{"id":4864,"date":"2021-08-18T11:55:33","date_gmt":"2021-08-18T03:55:33","guid":{"rendered":"https:\/\/www.moneythor.com\/?page_id=4864"},"modified":"2021-08-18T11:55:33","modified_gmt":"2021-08-18T03:55:33","slug":"recolter-integrer-la-solution-moneythor","status":"publish","type":"page","link":"https:\/\/www.moneythor.com\/fr\/recolter-integrer-la-solution-moneythor\/","title":{"rendered":"Harvestint\u00e9grer la solution Moneythor"},"content":{"rendered":"<h1>Harvestint\u00e9grer la solution Moneythor<\/h1>\n<p><em>Harvest a choisit la technologie innovante de Moneythor pour donner de la pertinence \u00e0 l&#039;agr\u00e9gation de comptes propos\u00e9e par son service num\u00e9rique MoneyPitch.<\/em><\/p>\n<p>Paris, le 18 F\u00e9vrier 2018 \u2013 Moneythor, l&#039;\u00e9diteur de logiciels sp\u00e9cialis\u00e9s dans la personnalisation et l&#039;enrichissement des services financiers en ligne, a \u00e9t\u00e9 choisi par Harvest, num\u00e9ro 1 fran\u00e7ais de l&#039;\u00e9dition de solutions digitales pour les m\u00e9tiers du conseil financier et patrimonial pour enrichir son offre de portail client.<\/p>\n<p>Ce partenariat technologique permet \u00e0 Harvest d&#039;enrichir les fonctionnalit\u00e9s d&#039;analyse patrimoniale de MoneyPitch, sa nouvelle solution BtoBtoC d\u00e9di\u00e9e aux professionnels du patrimoine, aux banques et compagnies d&#039;assurance. En identifiant pr\u00e9cis\u00e9ment la structure des finances personnelles du client final, le moteur analytique Moneythor permet aux moteurs de calcul Harvest de lui proposer automatiquement une vue enrichie de ses comptes et op\u00e9rations pour proposer des alertes patrimoniales dynamiques sur-mesure.<\/p>\n<p><img loading=\"lazy\" decoding=\"async\" class=\"wp-image-1456 size-full aligncenter\" src=\"\/wp-content\/uploads\/2018\/01\/moneypitch.jpg\" alt=\"\" width=\"525\" height=\"277\" srcset=\"https:\/\/www.moneythor.com\/wp-content\/uploads\/2018\/01\/moneypitch.jpg 525w, https:\/\/www.moneythor.com\/wp-content\/uploads\/2018\/01\/moneypitch-20x11.jpg 20w\" sizes=\"auto, (max-width: 525px) 100vw, 525px\" \/><br \/>\n\u00ab Notre solution au croisement du PFM et des recommandations contextuelles personnalis\u00e9es nous permet d&#039;apporter une analyse fine des finances personnelles des clients patrimoniaux, pr\u00e9requis \u00e0 un conseil d&#039;allocation pertinent. Ce partenariat avec Harvest est une superbe opportunit\u00e9 qui renforce notre positionnement sur le march\u00e9 fran\u00e7ais, particuli\u00e8rement dans un contexte de nouvelles demandes li\u00e9es \u00e0 la r\u00e9vision de la Directive Services de Paiement (DSP2) \u00bb, souligne St\u00e9phane Nouy, directeur Europe de Moneythor.<\/p>\n<hr \/>\n<p><strong>\u00c0 propos de Moneythor<\/strong><\/p>\n<p>Moneythor (<a href=\"https:\/\/www.moneythor.com\/fr\/\" target=\"_blank\" rel=\"noopener\">moneythor.com<\/a>) est un \u00e9diteur de logiciels bas\u00e9s \u00e0 Paris et Singapour permettant aux institutions financi\u00e8res d&#039;enrichir leurs services en ligne pour leur client\u00e8le de particuliers et d&#039;entreprises tout en am\u00e9liorant leurs capacit\u00e9s d&#039;analyse et de marketing. La soci\u00e9t\u00e9 a \u00e9t\u00e9 r\u00e9compens\u00e9e du label Projets Innovants par le P\u00f4le de Comp\u00e9titivit\u00e9 Mondial FINANCE INNOVATION et compte plusieurs banques internationales parmi ses clients.<\/p>\n<p><strong>\u00c0 propos de R\u00e9colte<\/strong><\/p>\n<p>R\u00e9colte (<a href=\"https:\/\/www.harvest.fr\/\" target=\"_blank\" rel=\"noopener\">r\u00e9colte.fr<\/a>) est un \u00e9diteur de solutions num\u00e9riques sp\u00e9cialis\u00e9 dans les m\u00e9tiers du conseil financier et patrimonial. Fort de plus de 25 ans d&#039;exp\u00e9rience, Harvest a su gagner la confiance d&#039;une large client\u00e8le : r\u00e9seaux bancaires, compagnies d&#039;assurance et mutuelles, banques priv\u00e9es, CGPi, experts-comptables, avocats fiscalistes, etc. depuis le 23 juin 2005 sur Alternext d&#039;Euronext Paris.<\/p>","protected":false},"excerpt":{"rendered":"<p>Harvest int\u00e8gre la solution Moneythor Harvest choisit la technologie innovante de Moneythor pour donner de la pertinence \u00e0 l\u2019agr\u00e9gation de comptes propos\u00e9e par son service digital MoneyPitch. Paris, le 18 F\u00e9vrier 2018 &#8211;\u00a0Moneythor, l&#8217;\u00e9diteur de logiciels sp\u00e9cialis\u00e9 dans la personnalisation et l\u2019enrichissement des services financiers en ligne, a \u00e9t\u00e9 choisi par Harvest, num\u00e9ro 1 fran\u00e7ais [&#8230;]\n","protected":false},"author":4,"featured_media":0,"parent":0,"menu_order":0,"comment_status":"closed","ping_status":"closed","template":"page-right-sidebar.php","meta":{"inline_featured_image":false,"footnotes":""},"class_list":["post-4864","page","type-page","status-publish","hentry"],"yoast_head":"<!-- This site is optimized with the Yoast SEO plugin v26.8 - https:\/\/yoast.com\/product\/yoast-seo-wordpress\/ -->\n<title>Harvest int\u00e8gre la solution Moneythor | Moneythor<\/title>\n<meta name=\"robots\" content=\"index, follow, max-snippet:-1, max-image-preview:large, max-video-preview:-1\" \/>\n<link rel=\"canonical\" href=\"https:\/\/www.moneythor.com\/fr\/recolter-integrer-la-solution-moneythor\/\" \/>\n<meta property=\"og:locale\" content=\"fr_FR\" \/>\n<meta property=\"og:type\" content=\"article\" \/>\n<meta property=\"og:title\" content=\"Harvest int\u00e8gre la solution Moneythor | Moneythor\" \/>\n<meta property=\"og:description\" content=\"Harvest int\u00e8gre la solution Moneythor Harvest choisit la technologie innovante de Moneythor pour donner de la pertinence \u00e0 l\u2019agr\u00e9gation de comptes propos\u00e9e par son service digital MoneyPitch. Paris, le 18 F\u00e9vrier 2018 &#8211;\u00a0Moneythor, l&#8217;\u00e9diteur de logiciels sp\u00e9cialis\u00e9 dans la personnalisation et l\u2019enrichissement des services financiers en ligne, a \u00e9t\u00e9 choisi par Harvest, num\u00e9ro 1 fran\u00e7ais [...]\" \/>\n<meta property=\"og:url\" content=\"https:\/\/www.moneythor.com\/fr\/recolter-integrer-la-solution-moneythor\/\" \/>\n<meta property=\"og:site_name\" content=\"Moneythor\" \/>\n<meta property=\"article:publisher\" content=\"https:\/\/www.facebook.com\/moneythorhq\" \/>\n<meta property=\"og:image\" content=\"https:\/\/www.moneythor.com\/wp-content\/uploads\/2024\/06\/Templates-for-Articles-NEW-BRANDING-2.png\" \/>\n\t<meta property=\"og:image:width\" content=\"1200\" \/>\n\t<meta property=\"og:image:height\" content=\"630\" \/>\n\t<meta property=\"og:image:type\" content=\"image\/png\" \/>\n<meta name=\"twitter:card\" content=\"summary_large_image\" \/>\n<meta name=\"twitter:site\" content=\"@moneythor\" \/>\n<meta name=\"twitter:label1\" content=\"Dur\u00e9e de lecture estim\u00e9e\" \/>\n\t<meta name=\"twitter:data1\" content=\"2 minutes\" \/>\n<script type=\"application\/ld+json\" class=\"yoast-schema-graph\">{\"@context\":\"https:\/\/schema.org\",\"@graph\":[{\"@type\":\"WebPage\",\"@id\":\"https:\/\/www.moneythor.com\/jp\/\u53ce\u7a6b\u306f\u30bd\u30ea\u30e5\u30fc\u30b7\u30e7\u30f3\u3092\u7d71\u5408\u3059\u308bmoneythor\/\",\"url\":\"https:\/\/www.moneythor.com\/jp\/\u53ce\u7a6b\u306f\u30bd\u30ea\u30e5\u30fc\u30b7\u30e7\u30f3\u3092\u7d71\u5408\u3059\u308bmoneythor\/\",\"name\":\"Harvest int\u00e8gre la solution Moneythor | Moneythor\",\"isPartOf\":{\"@id\":\"https:\/\/www.moneythor.com\/#website\"},\"datePublished\":\"2021-08-18T03:55:33+00:00\",\"breadcrumb\":{\"@id\":\"https:\/\/www.moneythor.com\/jp\/\u53ce\u7a6b\u306f\u30bd\u30ea\u30e5\u30fc\u30b7\u30e7\u30f3\u3092\u7d71\u5408\u3059\u308bmoneythor\/#breadcrumb\"},\"inLanguage\":\"fr-FR\",\"potentialAction\":[{\"@type\":\"ReadAction\",\"target\":[\"https:\/\/www.moneythor.com\/jp\/\u53ce\u7a6b\u306f\u30bd\u30ea\u30e5\u30fc\u30b7\u30e7\u30f3\u3092\u7d71\u5408\u3059\u308bmoneythor\/\"]}]},{\"@type\":\"BreadcrumbList\",\"@id\":\"https:\/\/www.moneythor.com\/jp\/\u53ce\u7a6b\u306f\u30bd\u30ea\u30e5\u30fc\u30b7\u30e7\u30f3\u3092\u7d71\u5408\u3059\u308bmoneythor\/#breadcrumb\",\"itemListElement\":[{\"@type\":\"ListItem\",\"position\":1,\"name\":\"Home\",\"item\":\"https:\/\/www.moneythor.com\/\"},{\"@type\":\"ListItem\",\"position\":2,\"name\":\"Harvest int\u00e8gre la solution Moneythor\"}]},{\"@type\":\"WebSite\",\"@id\":\"https:\/\/www.moneythor.com\/#website\",\"url\":\"https:\/\/www.moneythor.com\/\",\"name\":\"Moneythor\",\"description\":\"All-in-one personalisation engine for financial services\",\"publisher\":{\"@id\":\"https:\/\/www.moneythor.com\/#organization\"},\"potentialAction\":[{\"@type\":\"SearchAction\",\"target\":{\"@type\":\"EntryPoint\",\"urlTemplate\":\"https:\/\/www.moneythor.com\/?s={search_term_string}\"},\"query-input\":{\"@type\":\"PropertyValueSpecification\",\"valueRequired\":true,\"valueName\":\"search_term_string\"}}],\"inLanguage\":\"fr-FR\"},{\"@type\":\"Organization\",\"@id\":\"https:\/\/www.moneythor.com\/#organization\",\"name\":\"Moneythor\",\"url\":\"https:\/\/www.moneythor.com\/\",\"logo\":{\"@type\":\"ImageObject\",\"inLanguage\":\"fr-FR\",\"@id\":\"https:\/\/www.moneythor.com\/#\/schema\/logo\/image\/\",\"url\":\"https:\/\/www.moneythor.com\/wp-content\/uploads\/2024\/06\/Templates-for-Articles-NEW-BRANDING-2.png\",\"contentUrl\":\"https:\/\/www.moneythor.com\/wp-content\/uploads\/2024\/06\/Templates-for-Articles-NEW-BRANDING-2.png\",\"width\":1200,\"height\":630,\"caption\":\"Moneythor\"},\"image\":{\"@id\":\"https:\/\/www.moneythor.com\/#\/schema\/logo\/image\/\"},\"sameAs\":[\"https:\/\/www.facebook.com\/moneythorhq\",\"https:\/\/x.com\/moneythor\",\"https:\/\/www.linkedin.com\/company\/moneythor\"]}]}<\/script>\n<!-- \/ Yoast SEO plugin. -->","yoast_head_json":{"title":"Harvestint\u00e8gre la solution Moneythor | Moneythor","robots":{"index":"index","follow":"follow","max-snippet":"max-snippet:-1","max-image-preview":"max-image-preview:large","max-video-preview":"max-video-preview:-1"},"canonical":"https:\/\/www.moneythor.com\/fr\/recolter-integrer-la-solution-moneythor\/","og_locale":"fr_FR","og_type":"article","og_title":"Harvest int\u00e8gre la solution Moneythor | Moneythor","og_description":"Harvest int\u00e8gre la solution Moneythor Harvest choisit la technologie innovante de Moneythor pour donner de la pertinence \u00e0 l\u2019agr\u00e9gation de comptes propos\u00e9e par son service digital MoneyPitch. Paris, le 18 F\u00e9vrier 2018 &#8211;\u00a0Moneythor, l&#8217;\u00e9diteur de logiciels sp\u00e9cialis\u00e9 dans la personnalisation et l\u2019enrichissement des services financiers en ligne, a \u00e9t\u00e9 choisi par Harvest, num\u00e9ro 1 fran\u00e7ais [...]","og_url":"https:\/\/www.moneythor.com\/fr\/recolter-integrer-la-solution-moneythor\/","og_site_name":"Moneythor","article_publisher":"https:\/\/www.facebook.com\/moneythorhq","og_image":[{"width":1200,"height":630,"url":"https:\/\/www.moneythor.com\/wp-content\/uploads\/2024\/06\/Templates-for-Articles-NEW-BRANDING-2.png","type":"image\/png"}],"twitter_card":"summary_large_image","twitter_site":"@moneythor","twitter_misc":{"Dur\u00e9e de lecture estim\u00e9e":"2 minutes"},"schema":{"@context":"https:\/\/schema.org","@graph":[{"@type":"WebPage","@id":"https:\/\/www.moneythor.com\/jp\/\u53ce\u7a6b\u306f\u30bd\u30ea\u30e5\u30fc\u30b7\u30e7\u30f3\u3092\u7d71\u5408\u3059\u308bmoneythor\/","url":"https:\/\/www.moneythor.com\/jp\/\u53ce\u7a6b\u306f\u30bd\u30ea\u30e5\u30fc\u30b7\u30e7\u30f3\u3092\u7d71\u5408\u3059\u308bmoneythor\/","name":"Harvestint\u00e8gre la solution Moneythor | Moneythor","isPartOf":{"@id":"https:\/\/www.moneythor.com\/#website"},"datePublished":"2021-08-18T03:55:33+00:00","breadcrumb":{"@id":"https:\/\/www.moneythor.com\/jp\/\u53ce\u7a6b\u306f\u30bd\u30ea\u30e5\u30fc\u30b7\u30e7\u30f3\u3092\u7d71\u5408\u3059\u308bmoneythor\/#breadcrumb"},"inLanguage":"fr-FR","potentialAction":[{"@type":"ReadAction","target":["https:\/\/www.moneythor.com\/jp\/\u53ce\u7a6b\u306f\u30bd\u30ea\u30e5\u30fc\u30b7\u30e7\u30f3\u3092\u7d71\u5408\u3059\u308bmoneythor\/"]}]},{"@type":"BreadcrumbList","@id":"https:\/\/www.moneythor.com\/jp\/\u53ce\u7a6b\u306f\u30bd\u30ea\u30e5\u30fc\u30b7\u30e7\u30f3\u3092\u7d71\u5408\u3059\u308bmoneythor\/#breadcrumb","itemListElement":[{"@type":"ListItem","position":1,"name":"Home","item":"https:\/\/www.moneythor.com\/"},{"@type":"ListItem","position":2,"name":"Harvest int\u00e8gre la solution Moneythor"}]},{"@type":"WebSite","@id":"https:\/\/www.moneythor.com\/#website","url":"https:\/\/www.moneythor.com\/","name":"Moneythor","description":"Moteur de personnalisation tout-en-un pour les services financiers","publisher":{"@id":"https:\/\/www.moneythor.com\/#organization"},"potentialAction":[{"@type":"SearchAction","target":{"@type":"EntryPoint","urlTemplate":"https:\/\/www.moneythor.com\/?s={search_term_string}"},"query-input":{"@type":"PropertyValueSpecification","valueRequired":true,"valueName":"search_term_string"}}],"inLanguage":"fr-FR"},{"@type":"Organization","@id":"https:\/\/www.moneythor.com\/#organization","name":"Moneythor","url":"https:\/\/www.moneythor.com\/","logo":{"@type":"ImageObject","inLanguage":"fr-FR","@id":"https:\/\/www.moneythor.com\/#\/schema\/logo\/image\/","url":"https:\/\/www.moneythor.com\/wp-content\/uploads\/2024\/06\/Templates-for-Articles-NEW-BRANDING-2.png","contentUrl":"https:\/\/www.moneythor.com\/wp-content\/uploads\/2024\/06\/Templates-for-Articles-NEW-BRANDING-2.png","width":1200,"height":630,"caption":"Moneythor"},"image":{"@id":"https:\/\/www.moneythor.com\/#\/schema\/logo\/image\/"},"sameAs":["https:\/\/www.facebook.com\/moneythorhq","https:\/\/x.com\/moneythor","https:\/\/www.linkedin.com\/company\/moneythor"]}]}},"_links":{"self":[{"href":"https:\/\/www.moneythor.com\/fr\/wp-json\/wp\/v2\/pages\/4864","targetHints":{"allow":["GET"]}}],"collection":[{"href":"https:\/\/www.moneythor.com\/fr\/wp-json\/wp\/v2\/pages"}],"about":[{"href":"https:\/\/www.moneythor.com\/fr\/wp-json\/wp\/v2\/types\/page"}],"author":[{"embeddable":true,"href":"https:\/\/www.moneythor.com\/fr\/wp-json\/wp\/v2\/users\/4"}],"replies":[{"embeddable":true,"href":"https:\/\/www.moneythor.com\/fr\/wp-json\/wp\/v2\/comments?post=4864"}],"version-history":[{"count":0,"href":"https:\/\/www.moneythor.com\/fr\/wp-json\/wp\/v2\/pages\/4864\/revisions"}],"wp:attachment":[{"href":"https:\/\/www.moneythor.com\/fr\/wp-json\/wp\/v2\/media?parent=4864"}],"curies":[{"name":"wp","href":"https:\/\/api.w.org\/{rel}","templated":true}]}}