{"id":4862,"date":"2021-08-18T11:55:02","date_gmt":"2021-08-18T03:55:02","guid":{"rendered":"https:\/\/www.moneythor.com\/?page_id=4862"},"modified":"2021-08-18T11:55:02","modified_gmt":"2021-08-18T03:55:02","slug":"max-integrer-la-solution-moneythor","status":"publish","type":"page","link":"https:\/\/www.moneythor.com\/fr\/max-integrer-la-solution-moneythor\/","title":{"rendered":"maxint\u00e9grer la solution Moneythor"},"content":{"rendered":"<h1>maxint\u00e9grer la solution Moneythor<\/h1>\n<p>Paris, le 9 juin 2017 \u2013 Moneythor, \u00e9diteur de logiciels sp\u00e9cialis\u00e9s dans la personnalisation et l&#039;enrichissement des services financiers en ligne, a \u00e9t\u00e9 choisi par Nouvelle Vague, start-up brestoise propuls\u00e9e par le Cr\u00e9dit Mutuel Ark\u00e9a pour \u00eatre au c\u0153ur de son nouveau personnel adjoint <a href=\"https:\/\/www.aumax.fr\/\" target=\"_blank\" rel=\"noopener\">maximum<\/a> disponible d\u00e8s septembre 2017.<\/p>\n<p>La s\u00e9lection de Moneythor permet d&#039;optimiser au maximum les services bancaires fournis \u00e0 ses utilisateurs, quelle que soit leur banque, en leur offrant des conseils personnalis\u00e9s \u00e0 forte valeur ajout\u00e9e. En identifiant pr\u00e9cis\u00e9ment la structure des finances personnelles de l&#039;utilisateur, le moteur analytique Moneythor permet de lui proposer automatiquement une vue enrichie de ses comptes et op\u00e9rations ainsi que des recommandations dynamiques sur-mesure.<\/p>\n<p><img loading=\"lazy\" decoding=\"async\" class=\"size-full wp-image-1476 aligncenter\" src=\"\/wp-content\/uploads\/2017\/06\/aumax.jpg\" alt=\"\" width=\"525\" height=\"277\" srcset=\"https:\/\/www.moneythor.com\/wp-content\/uploads\/2017\/06\/aumax.jpg 525w, https:\/\/www.moneythor.com\/wp-content\/uploads\/2017\/06\/aumax-20x11.jpg 20w\" sizes=\"auto, (max-width: 525px) 100vw, 525px\" \/><br \/>\n\u00ab Notre solution au croisement du PFM et des recommandations contextuelles personnalis\u00e9es est une brique id\u00e9ale pour construire un tel assistant personnel. Nous sommes particuli\u00e8rement excit\u00e9s par ce partenariat avec max car il renforce notre positionnement sur le march\u00e9 fran\u00e7ais tout en s&#039;inscrivant dans une proposition d&#039;avenir. Le service propos\u00e9 est r\u00e9solument un pas vers la banque de demain, tant par la nature innovante de ses fonctionnalit\u00e9s que par son \u00e9laboration s&#039;appuyant sur un \u00e9cosyst\u00e8me de partenaires fintech \u00bb, souligne St\u00e9phane Nouy, directeur Europe de Moneythor.<\/p>\n<p>\u00ab C&#039;est un plaisir de travailler avec Moneythor, l&#039;efficacit\u00e9 et la richesse de max se construisent par l&#039;int\u00e9gration de fintechs reconnues et Moneythor nous apporte une pertinence de recommandations et une agilit\u00e9 in\u00e9gal\u00e9e \u00bb conclut Didier Ardouin, directeur g\u00e9n\u00e9ral de max.<\/p>\n<hr \/>\n<p><em><strong>\u00c0 propos de Moneythor<\/strong><\/em><\/p>\n<p><em>Moneythor (<a href=\"https:\/\/www.moneythor.com\/fr\/\" target=\"_blank\" rel=\"noopener\">www.moneythor.com<\/a>) est un \u00e9diteur de logiciels bas\u00e9s \u00e0 Paris et Singapour permettant aux institutions financi\u00e8res d&#039;enrichir leurs services en ligne pour leur client\u00e8le de particuliers et d&#039;entreprises tout en am\u00e9liorant leurs capacit\u00e9s d&#039;analyse et de marketing. La soci\u00e9t\u00e9 a \u00e9t\u00e9 r\u00e9compens\u00e9e du label Projets Innovants par le P\u00f4le de Comp\u00e9titivit\u00e9 Mondial FINANCE INNOVATION et compte plusieurs banques internationales parmi ses clients.<\/em><\/p>\n<p><em><strong>A propos de max <\/strong><\/em><\/p>\n<p><em>maximum (<a href=\"https:\/\/www.aumax.fr\/\" target=\"_blank\" rel=\"noopener\">www.aumax.fr<\/a>) est une initiative de Nouvelle Vague, une start-up cr\u00e9\u00e9e par le Cr\u00e9dit Mutuel Ark\u00e9a en mars 2017 et implant\u00e9e dans plusieurs villes fran\u00e7aises (Paris, Bordeaux, Brest, Rennes\u2026). Son objectif est d&#039;apporter une r\u00e9ponse simple, impartiale et efficace aux besoins de la vie quotidienne des consommateurs avec un service qui va bien au-del\u00e0 des services financiers. L&#039;entreprise compte \u00e0 ce jour une quinzaine de collaborateurs.<\/em><\/p>","protected":false},"excerpt":{"rendered":"<p>max int\u00e8gre la solution Moneythor Paris, le 9 Juin 2017 &#8211; Moneythor, \u00e9diteur de logiciels sp\u00e9cialis\u00e9 dans la personnalisation et l\u2019enrichissement des services financiers en ligne, a \u00e9t\u00e9 choisi par Nouvelle Vague, start-up brestoise propuls\u00e9e par\u00a0le Cr\u00e9dit Mutuel Ark\u00e9a pour \u00eatre au c\u0153ur de son nouvel assistant personnel max disponible d\u00e8s Septembre 2017. La s\u00e9lection [&#8230;]\n","protected":false},"author":4,"featured_media":0,"parent":0,"menu_order":0,"comment_status":"closed","ping_status":"closed","template":"page-right-sidebar.php","meta":{"inline_featured_image":false,"footnotes":""},"class_list":["post-4862","page","type-page","status-publish","hentry"],"yoast_head":"<!-- This site is optimized with the Yoast SEO plugin v26.8 - https:\/\/yoast.com\/product\/yoast-seo-wordpress\/ -->\n<title>max int\u00e8gre la solution Moneythor | Moneythor<\/title>\n<meta name=\"robots\" content=\"index, follow, max-snippet:-1, max-image-preview:large, max-video-preview:-1\" \/>\n<link rel=\"canonical\" href=\"https:\/\/www.moneythor.com\/fr\/max-integrer-la-solution-moneythor\/\" \/>\n<meta property=\"og:locale\" content=\"fr_FR\" \/>\n<meta property=\"og:type\" content=\"article\" \/>\n<meta property=\"og:title\" content=\"max int\u00e8gre la solution Moneythor | Moneythor\" \/>\n<meta property=\"og:description\" content=\"max int\u00e8gre la solution Moneythor Paris, le 9 Juin 2017 &#8211; Moneythor, \u00e9diteur de logiciels sp\u00e9cialis\u00e9 dans la personnalisation et l\u2019enrichissement des services financiers en ligne, a \u00e9t\u00e9 choisi par Nouvelle Vague, start-up brestoise propuls\u00e9e par\u00a0le Cr\u00e9dit Mutuel Ark\u00e9a pour \u00eatre au c\u0153ur de son nouvel assistant personnel max disponible d\u00e8s Septembre 2017. La s\u00e9lection [...]\" \/>\n<meta property=\"og:url\" content=\"https:\/\/www.moneythor.com\/fr\/max-integrer-la-solution-moneythor\/\" \/>\n<meta property=\"og:site_name\" content=\"Moneythor\" \/>\n<meta property=\"article:publisher\" content=\"https:\/\/www.facebook.com\/moneythorhq\" \/>\n<meta property=\"og:image\" content=\"https:\/\/www.moneythor.com\/wp-content\/uploads\/2024\/06\/Templates-for-Articles-NEW-BRANDING-2.png\" \/>\n\t<meta property=\"og:image:width\" content=\"1200\" \/>\n\t<meta property=\"og:image:height\" content=\"630\" \/>\n\t<meta property=\"og:image:type\" content=\"image\/png\" \/>\n<meta name=\"twitter:card\" content=\"summary_large_image\" \/>\n<meta name=\"twitter:site\" content=\"@moneythor\" \/>\n<meta name=\"twitter:label1\" content=\"Dur\u00e9e de lecture estim\u00e9e\" \/>\n\t<meta name=\"twitter:data1\" content=\"2 minutes\" \/>\n<script type=\"application\/ld+json\" class=\"yoast-schema-graph\">{\"@context\":\"https:\/\/schema.org\",\"@graph\":[{\"@type\":\"WebPage\",\"@id\":\"https:\/\/www.moneythor.com\/max-integre-la-solution-moneythor\/\",\"url\":\"https:\/\/www.moneythor.com\/max-integre-la-solution-moneythor\/\",\"name\":\"max int\u00e8gre la solution Moneythor | Moneythor\",\"isPartOf\":{\"@id\":\"https:\/\/www.moneythor.com\/#website\"},\"datePublished\":\"2021-08-18T03:55:02+00:00\",\"breadcrumb\":{\"@id\":\"https:\/\/www.moneythor.com\/max-integre-la-solution-moneythor\/#breadcrumb\"},\"inLanguage\":\"fr-FR\",\"potentialAction\":[{\"@type\":\"ReadAction\",\"target\":[\"https:\/\/www.moneythor.com\/max-integre-la-solution-moneythor\/\"]}]},{\"@type\":\"BreadcrumbList\",\"@id\":\"https:\/\/www.moneythor.com\/max-integre-la-solution-moneythor\/#breadcrumb\",\"itemListElement\":[{\"@type\":\"ListItem\",\"position\":1,\"name\":\"Home\",\"item\":\"https:\/\/www.moneythor.com\/\"},{\"@type\":\"ListItem\",\"position\":2,\"name\":\"max int\u00e8gre la solution Moneythor\"}]},{\"@type\":\"WebSite\",\"@id\":\"https:\/\/www.moneythor.com\/#website\",\"url\":\"https:\/\/www.moneythor.com\/\",\"name\":\"Moneythor\",\"description\":\"All-in-one personalisation engine for financial services\",\"publisher\":{\"@id\":\"https:\/\/www.moneythor.com\/#organization\"},\"potentialAction\":[{\"@type\":\"SearchAction\",\"target\":{\"@type\":\"EntryPoint\",\"urlTemplate\":\"https:\/\/www.moneythor.com\/?s={search_term_string}\"},\"query-input\":{\"@type\":\"PropertyValueSpecification\",\"valueRequired\":true,\"valueName\":\"search_term_string\"}}],\"inLanguage\":\"fr-FR\"},{\"@type\":\"Organization\",\"@id\":\"https:\/\/www.moneythor.com\/#organization\",\"name\":\"Moneythor\",\"url\":\"https:\/\/www.moneythor.com\/\",\"logo\":{\"@type\":\"ImageObject\",\"inLanguage\":\"fr-FR\",\"@id\":\"https:\/\/www.moneythor.com\/#\/schema\/logo\/image\/\",\"url\":\"https:\/\/www.moneythor.com\/wp-content\/uploads\/2024\/06\/Templates-for-Articles-NEW-BRANDING-2.png\",\"contentUrl\":\"https:\/\/www.moneythor.com\/wp-content\/uploads\/2024\/06\/Templates-for-Articles-NEW-BRANDING-2.png\",\"width\":1200,\"height\":630,\"caption\":\"Moneythor\"},\"image\":{\"@id\":\"https:\/\/www.moneythor.com\/#\/schema\/logo\/image\/\"},\"sameAs\":[\"https:\/\/www.facebook.com\/moneythorhq\",\"https:\/\/x.com\/moneythor\",\"https:\/\/www.linkedin.com\/company\/moneythor\"]}]}<\/script>\n<!-- \/ Yoast SEO plugin. -->","yoast_head_json":{"title":"maxint\u00e9grer la solution Moneythor | Moneythor","robots":{"index":"index","follow":"follow","max-snippet":"max-snippet:-1","max-image-preview":"max-image-preview:large","max-video-preview":"max-video-preview:-1"},"canonical":"https:\/\/www.moneythor.com\/fr\/max-integrer-la-solution-moneythor\/","og_locale":"fr_FR","og_type":"article","og_title":"max int\u00e8gre la solution Moneythor | Moneythor","og_description":"max int\u00e8gre la solution Moneythor Paris, le 9 Juin 2017 &#8211; Moneythor, \u00e9diteur de logiciels sp\u00e9cialis\u00e9 dans la personnalisation et l\u2019enrichissement des services financiers en ligne, a \u00e9t\u00e9 choisi par Nouvelle Vague, start-up brestoise propuls\u00e9e par\u00a0le Cr\u00e9dit Mutuel Ark\u00e9a pour \u00eatre au c\u0153ur de son nouvel assistant personnel max disponible d\u00e8s Septembre 2017. La s\u00e9lection [...]","og_url":"https:\/\/www.moneythor.com\/fr\/max-integrer-la-solution-moneythor\/","og_site_name":"Moneythor","article_publisher":"https:\/\/www.facebook.com\/moneythorhq","og_image":[{"width":1200,"height":630,"url":"https:\/\/www.moneythor.com\/wp-content\/uploads\/2024\/06\/Templates-for-Articles-NEW-BRANDING-2.png","type":"image\/png"}],"twitter_card":"summary_large_image","twitter_site":"@moneythor","twitter_misc":{"Dur\u00e9e de lecture estim\u00e9e":"2 minutes"},"schema":{"@context":"https:\/\/schema.org","@graph":[{"@type":"WebPage","@id":"https:\/\/www.moneythor.com\/max-integre-la-solution-moneythor\/","url":"https:\/\/www.moneythor.com\/max-integre-la-solution-moneythor\/","name":"maxint\u00e9grer la solution Moneythor | Moneythor","isPartOf":{"@id":"https:\/\/www.moneythor.com\/#website"},"datePublished":"2021-08-18T03:55:02+00:00","breadcrumb":{"@id":"https:\/\/www.moneythor.com\/max-integre-la-solution-moneythor\/#breadcrumb"},"inLanguage":"fr-FR","potentialAction":[{"@type":"ReadAction","target":["https:\/\/www.moneythor.com\/max-integre-la-solution-moneythor\/"]}]},{"@type":"BreadcrumbList","@id":"https:\/\/www.moneythor.com\/max-integre-la-solution-moneythor\/#breadcrumb","itemListElement":[{"@type":"ListItem","position":1,"name":"Home","item":"https:\/\/www.moneythor.com\/"},{"@type":"ListItem","position":2,"name":"max int\u00e8gre la solution Moneythor"}]},{"@type":"WebSite","@id":"https:\/\/www.moneythor.com\/#website","url":"https:\/\/www.moneythor.com\/","name":"Moneythor","description":"Moteur de personnalisation tout-en-un pour les services financiers","publisher":{"@id":"https:\/\/www.moneythor.com\/#organization"},"potentialAction":[{"@type":"SearchAction","target":{"@type":"EntryPoint","urlTemplate":"https:\/\/www.moneythor.com\/?s={search_term_string}"},"query-input":{"@type":"PropertyValueSpecification","valueRequired":true,"valueName":"search_term_string"}}],"inLanguage":"fr-FR"},{"@type":"Organization","@id":"https:\/\/www.moneythor.com\/#organization","name":"Moneythor","url":"https:\/\/www.moneythor.com\/","logo":{"@type":"ImageObject","inLanguage":"fr-FR","@id":"https:\/\/www.moneythor.com\/#\/schema\/logo\/image\/","url":"https:\/\/www.moneythor.com\/wp-content\/uploads\/2024\/06\/Templates-for-Articles-NEW-BRANDING-2.png","contentUrl":"https:\/\/www.moneythor.com\/wp-content\/uploads\/2024\/06\/Templates-for-Articles-NEW-BRANDING-2.png","width":1200,"height":630,"caption":"Moneythor"},"image":{"@id":"https:\/\/www.moneythor.com\/#\/schema\/logo\/image\/"},"sameAs":["https:\/\/www.facebook.com\/moneythorhq","https:\/\/x.com\/moneythor","https:\/\/www.linkedin.com\/company\/moneythor"]}]}},"_links":{"self":[{"href":"https:\/\/www.moneythor.com\/fr\/wp-json\/wp\/v2\/pages\/4862","targetHints":{"allow":["GET"]}}],"collection":[{"href":"https:\/\/www.moneythor.com\/fr\/wp-json\/wp\/v2\/pages"}],"about":[{"href":"https:\/\/www.moneythor.com\/fr\/wp-json\/wp\/v2\/types\/page"}],"author":[{"embeddable":true,"href":"https:\/\/www.moneythor.com\/fr\/wp-json\/wp\/v2\/users\/4"}],"replies":[{"embeddable":true,"href":"https:\/\/www.moneythor.com\/fr\/wp-json\/wp\/v2\/comments?post=4862"}],"version-history":[{"count":0,"href":"https:\/\/www.moneythor.com\/fr\/wp-json\/wp\/v2\/pages\/4862\/revisions"}],"wp:attachment":[{"href":"https:\/\/www.moneythor.com\/fr\/wp-json\/wp\/v2\/media?parent=4862"}],"curies":[{"name":"wp","href":"https:\/\/api.w.org\/{rel}","templated":true}]}}