{"id":4860,"date":"2021-08-18T11:53:40","date_gmt":"2021-08-18T03:53:40","guid":{"rendered":"https:\/\/www.moneythor.com\/?page_id=4860"},"modified":"2021-08-18T11:53:40","modified_gmt":"2021-08-18T03:53:40","slug":"orange-bank-deploie-moneythor","status":"publish","type":"page","link":"https:\/\/www.moneythor.com\/fr\/orange-bank-deploie-moneythor\/","title":{"rendered":"Orange Bank d\u00e9ploie Moneythor"},"content":{"rendered":"<h1>Orange Bank d\u00e9ploie Moneythor<\/h1>\n<p>Paris, le 5 D\u00e9cembre 2017 \u2013 Moneythor, \u00e9diteur de logiciels sp\u00e9cialis\u00e9s dans la personnalisation et l&#039;enrichissement des services financiers en ligne, a \u00e9t\u00e9 d\u00e9ploy\u00e9 par Orange Bank pour sa nouvelle offre bancaire 100% mobile.<\/p>\n<p>Orange, l&#039;un des principaux op\u00e9rateurs de t\u00e9l\u00e9communications dans le monde, a lanc\u00e9 son offre Orange Bank le 2 novembre 2017 en France. La nouvelle banque 100% en ligne permet aux clients d&#039;effectuer toutes leurs op\u00e9rations bancaires sur leur t\u00e9l\u00e9phone mobile. Moneythor fournit la solution technologique assurant les interactions des clients avec les op\u00e9rations sur leurs comptes et cartes, en particulier l&#039;acc\u00e8s \u00e0 leur solde temps r\u00e9el<sup style=\"font-size: .7em;\">1<\/sup> et les fonctionnalit\u00e9s de gestion de leurs finances personnelles (PFM) pour un meilleur suivi de leurs entr\u00e9es et sorties d&#039;argent tout au long de leur parcours num\u00e9rique avec la banque.<\/p>\n<p><img loading=\"lazy\" decoding=\"async\" class=\"size-full wp-image-1431 aligncenter\" src=\"\/wp-content\/uploads\/2017\/12\/orangebank_moneythor.jpg\" alt=\"\" width=\"525\" height=\"277\" srcset=\"https:\/\/www.moneythor.com\/wp-content\/uploads\/2017\/12\/orangebank_moneythor.jpg 525w, https:\/\/www.moneythor.com\/wp-content\/uploads\/2017\/12\/orangebank_moneythor-300x158.jpg 300w\" sizes=\"auto, (max-width: 525px) 100vw, 525px\" \/><br \/>\n\u00ab Nous sommes ravis de voir notre solution pass\u00e9e en production avec Orange Bank. C&#039;est une nouvelle validation de la capacit\u00e9 de notre offre \u00e0 accompagner le lancement de nouvelles banques digitales \u00e0 travers le monde en leur permettant de proposer des exp\u00e9riences hautement personnalis\u00e9es \u00e0 leurs clients \u00bb, commente Olivier Berthier, Directeur G\u00e9n\u00e9ral de Moneythor.<\/p>\n<p>\u00ab Orange Bank a \u00e9t\u00e9 con\u00e7ue d\u00e8s son origine pour combiner les meilleures innovations disponibles sur le march\u00e9 avec une attention constante aux attentes des clients concernant la gestion de leurs finances. La solution Moneythor nous aide \u00e0 r\u00e9pondre \u00e0 ces deux enjeux et a \u00e9t\u00e9 un contributeur cl\u00e9 de la construction du service \u00bb, a d\u00e9clar\u00e9 Andr\u00e9 Coisne, Directeur G\u00e9n\u00e9ral d&#039;Orange Bank.<\/p>\n<hr \/>\n<p><sup style=\"font-size: .7em;\">1<\/sup><span style=\"font-size: .7em;\"> Solde instantan\u00e9 fourni \u00e0 titre indicatif. Sujet \u00e0 conditions et aux proc\u00e9dures de gestion des commer\u00e7ants.<\/span><\/p>\n<p><strong>\u00c0 propos de Moneythor <\/strong><\/p>\n<p>Moneythor (<a href=\"https:\/\/www.moneythor.com\/fr\/\" target=\"_blank\" rel=\"noopener\">www.moneythor.com<\/a>) est un \u00e9diteur de logiciels bas\u00e9s \u00e0 Paris et Singapour permettant aux institutions financi\u00e8res d&#039;enrichir leurs services en ligne pour leur client\u00e8le de particuliers et d&#039;entreprises tout en am\u00e9liorant leurs capacit\u00e9s d&#039;analyse et de marketing. La soci\u00e9t\u00e9 a \u00e9t\u00e9 r\u00e9compens\u00e9e du label Projets Innovants par le P\u00f4le de Comp\u00e9titivit\u00e9 Mondial FINANCE INNOVATION et compte plusieurs banques internationales parmi ses clients.<\/p>\n<p><strong>\u00c0 propos d&#039;Orange Bank<\/strong><\/p>\n<p>Banque Orange (<a href=\"https:\/\/www.orangebank.fr\" target=\"_blank\" rel=\"noopener\">www.orangebank.fr<\/a>) est n\u00e9e du partenariat entre deux acteurs aux expertises compl\u00e9mentaires, Orange et Groupama. Orange poss\u00e8de 65 % du capital d&#039;Orange Bank et Groupama 35 %. L&#039;apport par Groupama d&#039;une structure bancaire existante et d&#039;une exp\u00e9rience de la relation bancaire \u00e0 distance, avec Groupama Banque, permet de lancer une offre de banque innovante et 100 % mobile.<\/p>\n<p>Orange Bank \u2013 SA au capital de 297.575.712 \u20ac \u2013 67 Rue Robespierre \u2013 93107 Montreuil Cedex \u2013 RCS Bobigny 572 043 800 \u2013 N\u00b0 Orias 07 006 369 (www.orias.fr).<br \/>\nLes produits et services peuvent \u00eatre commercialis\u00e9s par Orange en qualit\u00e9 de mandataire exclusif en op\u00e9rations de banque et en services de paiement d&#039;Orange Bank.<br \/>\nOrange \u2013 SA au capital de 10.640.226.396 \u20ac \u2013 78 rue Olivier de Serres \u2013 75015 Paris \u2013 RCS Paris 380 129 866 \u2013 Orias n\u00b0 13 001 387.<\/p>","protected":false},"excerpt":{"rendered":"<p>Orange Bank d\u00e9ploie Moneythor Paris, le 5 D\u00e9cembre 2017 &#8211; Moneythor, \u00e9diteur de logiciels sp\u00e9cialis\u00e9 dans la personnalisation et l\u2019enrichissement des services financiers en ligne, a \u00e9t\u00e9 d\u00e9ploy\u00e9 par Orange Bank pour sa nouvelle offre bancaire 100% mobile. Orange, l\u2019un des principaux op\u00e9rateurs de t\u00e9l\u00e9communications dans le monde, a lanc\u00e9 son offre Orange Bank le [&#8230;]\n","protected":false},"author":4,"featured_media":0,"parent":0,"menu_order":0,"comment_status":"closed","ping_status":"closed","template":"page-right-sidebar.php","meta":{"inline_featured_image":false,"footnotes":""},"class_list":["post-4860","page","type-page","status-publish","hentry"],"yoast_head":"<!-- This site is optimized with the Yoast SEO plugin v26.8 - https:\/\/yoast.com\/product\/yoast-seo-wordpress\/ -->\n<title>Orange Bank d\u00e9ploie Moneythor | Moneythor<\/title>\n<meta name=\"robots\" content=\"index, follow, max-snippet:-1, max-image-preview:large, max-video-preview:-1\" \/>\n<link rel=\"canonical\" href=\"https:\/\/www.moneythor.com\/fr\/orange-bank-deploie-moneythor\/\" \/>\n<meta property=\"og:locale\" content=\"fr_FR\" \/>\n<meta property=\"og:type\" content=\"article\" \/>\n<meta property=\"og:title\" content=\"Orange Bank d\u00e9ploie Moneythor | Moneythor\" \/>\n<meta property=\"og:description\" content=\"Orange Bank d\u00e9ploie Moneythor Paris, le 5 D\u00e9cembre 2017 &#8211; Moneythor, \u00e9diteur de logiciels sp\u00e9cialis\u00e9 dans la personnalisation et l\u2019enrichissement des services financiers en ligne, a \u00e9t\u00e9 d\u00e9ploy\u00e9 par Orange Bank pour sa nouvelle offre bancaire 100% mobile. Orange, l\u2019un des principaux op\u00e9rateurs de t\u00e9l\u00e9communications dans le monde, a lanc\u00e9 son offre Orange Bank le [...]\" \/>\n<meta property=\"og:url\" content=\"https:\/\/www.moneythor.com\/fr\/orange-bank-deploie-moneythor\/\" \/>\n<meta property=\"og:site_name\" content=\"Moneythor\" \/>\n<meta property=\"article:publisher\" content=\"https:\/\/www.facebook.com\/moneythorhq\" \/>\n<meta property=\"og:image\" content=\"https:\/\/www.moneythor.com\/wp-content\/uploads\/2024\/06\/Templates-for-Articles-NEW-BRANDING-2.png\" \/>\n\t<meta property=\"og:image:width\" content=\"1200\" \/>\n\t<meta property=\"og:image:height\" content=\"630\" \/>\n\t<meta property=\"og:image:type\" content=\"image\/png\" \/>\n<meta name=\"twitter:card\" content=\"summary_large_image\" \/>\n<meta name=\"twitter:site\" content=\"@moneythor\" \/>\n<meta name=\"twitter:label1\" content=\"Dur\u00e9e de lecture estim\u00e9e\" \/>\n\t<meta name=\"twitter:data1\" content=\"2 minutes\" \/>\n<script type=\"application\/ld+json\" class=\"yoast-schema-graph\">{\"@context\":\"https:\/\/schema.org\",\"@graph\":[{\"@type\":\"WebPage\",\"@id\":\"https:\/\/www.moneythor.com\/jp\/\u30aa\u30ec\u30f3\u30b8\u9280\u884c\u306e\u30de\u30cd\u30fc\u30c8\u30fc\u30eb\u5c55\u958b\/\",\"url\":\"https:\/\/www.moneythor.com\/jp\/\u30aa\u30ec\u30f3\u30b8\u9280\u884c\u306e\u30de\u30cd\u30fc\u30c8\u30fc\u30eb\u5c55\u958b\/\",\"name\":\"Orange Bank d\u00e9ploie Moneythor | Moneythor\",\"isPartOf\":{\"@id\":\"https:\/\/www.moneythor.com\/#website\"},\"datePublished\":\"2021-08-18T03:53:40+00:00\",\"breadcrumb\":{\"@id\":\"https:\/\/www.moneythor.com\/jp\/\u30aa\u30ec\u30f3\u30b8\u9280\u884c\u306e\u30de\u30cd\u30fc\u30c8\u30fc\u30eb\u5c55\u958b\/#breadcrumb\"},\"inLanguage\":\"fr-FR\",\"potentialAction\":[{\"@type\":\"ReadAction\",\"target\":[\"https:\/\/www.moneythor.com\/jp\/\u30aa\u30ec\u30f3\u30b8\u9280\u884c\u306e\u30de\u30cd\u30fc\u30c8\u30fc\u30eb\u5c55\u958b\/\"]}]},{\"@type\":\"BreadcrumbList\",\"@id\":\"https:\/\/www.moneythor.com\/jp\/\u30aa\u30ec\u30f3\u30b8\u9280\u884c\u306e\u30de\u30cd\u30fc\u30c8\u30fc\u30eb\u5c55\u958b\/#breadcrumb\",\"itemListElement\":[{\"@type\":\"ListItem\",\"position\":1,\"name\":\"Home\",\"item\":\"https:\/\/www.moneythor.com\/\"},{\"@type\":\"ListItem\",\"position\":2,\"name\":\"Orange Bank d\u00e9ploie Moneythor\"}]},{\"@type\":\"WebSite\",\"@id\":\"https:\/\/www.moneythor.com\/#website\",\"url\":\"https:\/\/www.moneythor.com\/\",\"name\":\"Moneythor\",\"description\":\"All-in-one personalisation engine for financial services\",\"publisher\":{\"@id\":\"https:\/\/www.moneythor.com\/#organization\"},\"potentialAction\":[{\"@type\":\"SearchAction\",\"target\":{\"@type\":\"EntryPoint\",\"urlTemplate\":\"https:\/\/www.moneythor.com\/?s={search_term_string}\"},\"query-input\":{\"@type\":\"PropertyValueSpecification\",\"valueRequired\":true,\"valueName\":\"search_term_string\"}}],\"inLanguage\":\"fr-FR\"},{\"@type\":\"Organization\",\"@id\":\"https:\/\/www.moneythor.com\/#organization\",\"name\":\"Moneythor\",\"url\":\"https:\/\/www.moneythor.com\/\",\"logo\":{\"@type\":\"ImageObject\",\"inLanguage\":\"fr-FR\",\"@id\":\"https:\/\/www.moneythor.com\/#\/schema\/logo\/image\/\",\"url\":\"https:\/\/www.moneythor.com\/wp-content\/uploads\/2024\/06\/Templates-for-Articles-NEW-BRANDING-2.png\",\"contentUrl\":\"https:\/\/www.moneythor.com\/wp-content\/uploads\/2024\/06\/Templates-for-Articles-NEW-BRANDING-2.png\",\"width\":1200,\"height\":630,\"caption\":\"Moneythor\"},\"image\":{\"@id\":\"https:\/\/www.moneythor.com\/#\/schema\/logo\/image\/\"},\"sameAs\":[\"https:\/\/www.facebook.com\/moneythorhq\",\"https:\/\/x.com\/moneythor\",\"https:\/\/www.linkedin.com\/company\/moneythor\"]}]}<\/script>\n<!-- \/ Yoast SEO plugin. -->","yoast_head_json":{"title":"Orange Bank d\u00e9ploie Moneythor | Moneythor","robots":{"index":"index","follow":"follow","max-snippet":"max-snippet:-1","max-image-preview":"max-image-preview:large","max-video-preview":"max-video-preview:-1"},"canonical":"https:\/\/www.moneythor.com\/fr\/orange-bank-deploie-moneythor\/","og_locale":"fr_FR","og_type":"article","og_title":"Orange Bank d\u00e9ploie Moneythor | Moneythor","og_description":"Orange Bank d\u00e9ploie Moneythor Paris, le 5 D\u00e9cembre 2017 &#8211; Moneythor, \u00e9diteur de logiciels sp\u00e9cialis\u00e9 dans la personnalisation et l\u2019enrichissement des services financiers en ligne, a \u00e9t\u00e9 d\u00e9ploy\u00e9 par Orange Bank pour sa nouvelle offre bancaire 100% mobile. Orange, l\u2019un des principaux op\u00e9rateurs de t\u00e9l\u00e9communications dans le monde, a lanc\u00e9 son offre Orange Bank le [...]","og_url":"https:\/\/www.moneythor.com\/fr\/orange-bank-deploie-moneythor\/","og_site_name":"Moneythor","article_publisher":"https:\/\/www.facebook.com\/moneythorhq","og_image":[{"width":1200,"height":630,"url":"https:\/\/www.moneythor.com\/wp-content\/uploads\/2024\/06\/Templates-for-Articles-NEW-BRANDING-2.png","type":"image\/png"}],"twitter_card":"summary_large_image","twitter_site":"@moneythor","twitter_misc":{"Dur\u00e9e de lecture estim\u00e9e":"2 minutes"},"schema":{"@context":"https:\/\/schema.org","@graph":[{"@type":"WebPage","@id":"https:\/\/www.moneythor.com\/jp\/\u30aa\u30ec\u30f3\u30b8\u9280\u884c\u306e\u30de\u30cd\u30fc\u30c8\u30fc\u30eb\u5c55\u958b\/","url":"https:\/\/www.moneythor.com\/jp\/\u30aa\u30ec\u30f3\u30b8\u9280\u884c\u306e\u30de\u30cd\u30fc\u30c8\u30fc\u30eb\u5c55\u958b\/","name":"Orange Bank d\u00e9ploie Moneythor | Moneythor","isPartOf":{"@id":"https:\/\/www.moneythor.com\/#website"},"datePublished":"2021-08-18T03:53:40+00:00","breadcrumb":{"@id":"https:\/\/www.moneythor.com\/jp\/\u30aa\u30ec\u30f3\u30b8\u9280\u884c\u306e\u30de\u30cd\u30fc\u30c8\u30fc\u30eb\u5c55\u958b\/#breadcrumb"},"inLanguage":"fr-FR","potentialAction":[{"@type":"ReadAction","target":["https:\/\/www.moneythor.com\/jp\/\u30aa\u30ec\u30f3\u30b8\u9280\u884c\u306e\u30de\u30cd\u30fc\u30c8\u30fc\u30eb\u5c55\u958b\/"]}]},{"@type":"BreadcrumbList","@id":"https:\/\/www.moneythor.com\/jp\/\u30aa\u30ec\u30f3\u30b8\u9280\u884c\u306e\u30de\u30cd\u30fc\u30c8\u30fc\u30eb\u5c55\u958b\/#breadcrumb","itemListElement":[{"@type":"ListItem","position":1,"name":"Home","item":"https:\/\/www.moneythor.com\/"},{"@type":"ListItem","position":2,"name":"Orange Bank d\u00e9ploie Moneythor"}]},{"@type":"WebSite","@id":"https:\/\/www.moneythor.com\/#website","url":"https:\/\/www.moneythor.com\/","name":"Moneythor","description":"Moteur de personnalisation tout-en-un pour les services financiers","publisher":{"@id":"https:\/\/www.moneythor.com\/#organization"},"potentialAction":[{"@type":"SearchAction","target":{"@type":"EntryPoint","urlTemplate":"https:\/\/www.moneythor.com\/?s={search_term_string}"},"query-input":{"@type":"PropertyValueSpecification","valueRequired":true,"valueName":"search_term_string"}}],"inLanguage":"fr-FR"},{"@type":"Organization","@id":"https:\/\/www.moneythor.com\/#organization","name":"Moneythor","url":"https:\/\/www.moneythor.com\/","logo":{"@type":"ImageObject","inLanguage":"fr-FR","@id":"https:\/\/www.moneythor.com\/#\/schema\/logo\/image\/","url":"https:\/\/www.moneythor.com\/wp-content\/uploads\/2024\/06\/Templates-for-Articles-NEW-BRANDING-2.png","contentUrl":"https:\/\/www.moneythor.com\/wp-content\/uploads\/2024\/06\/Templates-for-Articles-NEW-BRANDING-2.png","width":1200,"height":630,"caption":"Moneythor"},"image":{"@id":"https:\/\/www.moneythor.com\/#\/schema\/logo\/image\/"},"sameAs":["https:\/\/www.facebook.com\/moneythorhq","https:\/\/x.com\/moneythor","https:\/\/www.linkedin.com\/company\/moneythor"]}]}},"_links":{"self":[{"href":"https:\/\/www.moneythor.com\/fr\/wp-json\/wp\/v2\/pages\/4860","targetHints":{"allow":["GET"]}}],"collection":[{"href":"https:\/\/www.moneythor.com\/fr\/wp-json\/wp\/v2\/pages"}],"about":[{"href":"https:\/\/www.moneythor.com\/fr\/wp-json\/wp\/v2\/types\/page"}],"author":[{"embeddable":true,"href":"https:\/\/www.moneythor.com\/fr\/wp-json\/wp\/v2\/users\/4"}],"replies":[{"embeddable":true,"href":"https:\/\/www.moneythor.com\/fr\/wp-json\/wp\/v2\/comments?post=4860"}],"version-history":[{"count":0,"href":"https:\/\/www.moneythor.com\/fr\/wp-json\/wp\/v2\/pages\/4860\/revisions"}],"wp:attachment":[{"href":"https:\/\/www.moneythor.com\/fr\/wp-json\/wp\/v2\/media?parent=4860"}],"curies":[{"name":"wp","href":"https:\/\/api.w.org\/{rel}","templated":true}]}}