{"id":7530,"date":"2024-02-09T02:03:34","date_gmt":"2024-02-08T18:03:34","guid":{"rendered":"https:\/\/www.moneythor.com\/?page_id=7530"},"modified":"2025-02-28T17:04:49","modified_gmt":"2025-02-28T09:04:49","slug":"motor","status":"publish","type":"page","link":"https:\/\/www.moneythor.com\/es\/motor\/","title":{"rendered":"Motor"},"content":{"rendered":"<div class=\"img has-hover no-margin show-for-small x md-x lg-x y md-y lg-y\" id=\"image_1156681163\">\n\t\t\t\t\t\t\t\t<div class=\"img-inner dark\" style=\"margin:0px 0px -1px 0px;\">\n\t\t\t<img loading=\"lazy\" decoding=\"async\" width=\"500\" height=\"505\" src=\"https:\/\/www.moneythor.com\/wp-content\/uploads\/2024\/02\/MT_Engine_Header-mobile.png\" class=\"attachment-large size-large\" alt=\"Mt Motor Cabecera M\u00f3vil\" \/>\t\t\t\t\t\t\n\t\t\t\t\t<\/div>\n\t\t\t\t\t\t\t\t\n<style>\n#image_1156681163 {\n  width: 100%;\n}\n<\/style>\n\t<\/div>\n\t\n\n\t<section class=\"section bg-green-mobile dark\" id=\"section_213932151\">\n\t\t<div class=\"section-bg fill\" >\n\t\t\t<img loading=\"lazy\" decoding=\"async\" width=\"1920\" height=\"1082\" src=\"https:\/\/www.moneythor.com\/wp-content\/uploads\/2024\/02\/MT_Engine_Header.png\" class=\"bg attachment-original size-original\" alt=\"Encabezado del motor Mt\" \/>\t\t\t\t\t\t\n\t\t\t\n\n\t\t<\/div>\n\n\t\t\n\n\t\t<div class=\"section-content relative\">\n\t\t\t\n<div class=\"row align-bottom align-right\"  id=\"row-174889143\">\n\n\t<div id=\"col-167731694\" class=\"col medium-7 small-12 large-7\"  data-animate=\"fadeInUp\">\n\t\t\t\t<div class=\"col-inner\"  >\n\t\t\t\n\t\t\t\n<h1>Redefinimos la personalizaci\u00f3n en la banca con soluciones innovadoras.<\/h1>\n\t\t<\/div>\n\t\t\t\t\n<style>\n#col-167731694 > .col-inner {\n  padding: 30px 0px 0px 0px;\n  margin: -1px 0px 0px 0px;\n  max-width: 610px;\n}\n@media (min-width:550px) {\n  #col-167731694 > .col-inner {\n    padding: 50% 0px 0px 15%;\n  }\n}\n<\/style>\n\t<\/div>\n\n\t\n<\/div>\n\t\t<\/div>\n\n\t\t\n<style>\n#section_213932151 {\n  padding-top: 0px;\n  padding-bottom: 0px;\n  min-height: 0px;\n}\n#section_213932151 .section-bg img {\n  object-position: 11% 56%;\n}\n@media (min-width:550px) {\n  #section_213932151 {\n    min-height: 80vh;\n  }\n}\n<\/style>\n\t<\/section>\n\t\n<div class=\"row row-collapse row-full-width align-center\"  id=\"row-2146134679\">\n\n\t<div id=\"col-1878294465\" class=\"col medium-7 small-12 large-7\"  >\n\t\t\t\t<div class=\"col-inner\" style=\"background-color:#a9df86;\" >\n\t\t\t\n\t\t\t\n<h2>El motor Moneythor<\/h2>\n<p class=\"cvGsUA direction-ltr align-justify para-style-body\"><span class=\"OYPEnA text-decoration-none text-strikethrough-none\">En el coraz\u00f3n de la soluci\u00f3n Moneythor se encuentra su motor de orquestaci\u00f3n y procesamiento de eventos escalable. Gracias a su alto rendimiento, el motor Moneythor procesa datos en tiempo real y por lotes de cualquier activo y pasivo, como cuentas, tarjetas, billeteras digitales y fuentes de Open Banking.<\/span><\/p>\n<p class=\"cvGsUA direction-ltr align-justify para-style-body\"><span class=\"OYPEnA text-decoration-none text-strikethrough-none\">El motor permite el enriquecimiento de los datos impulsado por IA y, tambi\u00e9n, la ejecuci\u00f3n de experiencias personalizadas para los clientes a trav\u00e9s de banca en l\u00ednea, aplicaciones m\u00f3viles, chatbots y CRM internas. As\u00ed se garantiza que los clientes disfruten de experiencias atractivas y personalizadas, independientemente del canal que elijan para interactuar.<\/span><\/p>\n\t\t<\/div>\n\t\t\t\t\n<style>\n#col-1878294465 > .col-inner {\n  padding: 40px 5% 180px 5%;\n}\n@media (min-width:550px) {\n  #col-1878294465 > .col-inner {\n    padding: 10% 30% 10% 10%;\n  }\n}\n<\/style>\n\t<\/div>\n\n\t\n\n\t<div id=\"col-1397277863\" class=\"col medium-5 small-10 large-5\"  data-animate=\"fadeInRight\">\n\t\t\t\t<div class=\"col-inner text-left\"  >\n\t\t\t\n\t\t\t\n\t<div class=\"img has-hover hide-for-small x md-x lg-x y md-y lg-y\" id=\"image_6365334\">\n\t\t\t\t\t\t\t\t<div class=\"img-inner dark\" style=\"margin:50px 100px 0px -100px;\">\n\t\t\t<img loading=\"lazy\" decoding=\"async\" width=\"745\" height=\"949\" src=\"https:\/\/www.moneythor.com\/wp-content\/uploads\/2024\/02\/MT_Engine_PFM-Header.png\" class=\"attachment-original size-original\" alt=\"Encabezado Pfm del motor Mt\" srcset=\"https:\/\/www.moneythor.com\/wp-content\/uploads\/2024\/02\/MT_Engine_PFM-Header.png 745w, https:\/\/www.moneythor.com\/wp-content\/uploads\/2024\/02\/MT_Engine_PFM-Header-471x600.png 471w\" sizes=\"auto, (max-width: 745px) 100vw, 745px\" \/>\t\t\t\t\t\t\n\t\t\t\t\t<\/div>\n\t\t\t\t\t\t\t\t\n<style>\n#image_6365334 {\n  width: 80%;\n}\n<\/style>\n\t<\/div>\n\t\n\t<div class=\"img has-hover show-for-small x md-x lg-x y md-y lg-y\" id=\"image_1547445159\">\n\t\t\t\t\t\t\t\t<div class=\"img-inner dark\" style=\"margin:-150px 0px 0px 0px;\">\n\t\t\t<img loading=\"lazy\" decoding=\"async\" width=\"745\" height=\"949\" src=\"https:\/\/www.moneythor.com\/wp-content\/uploads\/2024\/02\/MT_Engine_PFM-Header.png\" class=\"attachment-original size-original\" alt=\"Encabezado Pfm del motor Mt\" srcset=\"https:\/\/www.moneythor.com\/wp-content\/uploads\/2024\/02\/MT_Engine_PFM-Header.png 745w, https:\/\/www.moneythor.com\/wp-content\/uploads\/2024\/02\/MT_Engine_PFM-Header-471x600.png 471w\" sizes=\"auto, (max-width: 745px) 100vw, 745px\" \/>\t\t\t\t\t\t\n\t\t\t\t\t<\/div>\n\t\t\t\t\t\t\t\t\n<style>\n#image_1547445159 {\n  width: 100%;\n}\n@media (min-width:550px) {\n  #image_1547445159 {\n    width: 63%;\n  }\n}\n<\/style>\n\t<\/div>\n\t\n\t\t<\/div>\n\t\t\t\t\n<style>\n#col-1397277863 > .col-inner {\n  padding: 0px 0px 0px 0px;\n}\n<\/style>\n\t<\/div>\n\n\t\n<\/div>\n<div class=\"row align-middle align-center\"  id=\"row-1642257949\">\n\n\t<div id=\"col-948155743\" class=\"col small-12 large-12\"  data-animate=\"fadeInUp\">\n\t\t\t\t<div class=\"col-inner text-center\"  >\n\t\t\t\n\t\t\t\n<h2>El proceso de categorizaci\u00f3n<\/h2>\n<p>Para proporcionar puntos de datos procesables m\u00e1s completos para generar funciones de fidelizaci\u00f3n y administraci\u00f3n del dinero m\u00e1s inteligentes e informaci\u00f3n personalizada, el motor Moneythor <strong>categoriza y enriquece transacciones<\/strong> en todo tipo de cuentas, tarjetas y billeteras electr\u00f3nicas.<\/p>\n<p>La categorizaci\u00f3n de Moneythor utiliza varios m\u00e9todos, incluido el an\u00e1lisis de texto, reglas multivariadas basadas en expresiones regulares y niveles de prioridad, Machine Learning y servicios externos. Adem\u00e1s, el motor aprende de las preferencias individuales de los clientes a lo largo del tiempo, refinando su enfoque de categorizaci\u00f3n a medida que aumenta el uso de la herramienta.<\/p>\n\t<div class=\"img has-hover x md-x lg-x y md-y lg-y\" id=\"image_718194078\">\n\t\t\t\t\t\t\t\t<div class=\"img-inner dark\" style=\"margin:20px 0px 0px 0px;\">\n\t\t\t<img loading=\"lazy\" decoding=\"async\" width=\"1606\" height=\"572\" src=\"https:\/\/www.moneythor.com\/wp-content\/uploads\/2024\/02\/MT_Engine_Categorisation-Steps.png\" class=\"attachment-original size-original\" alt=\"Pasos de categorizaci\u00f3n del motor Mt\" srcset=\"https:\/\/www.moneythor.com\/wp-content\/uploads\/2024\/02\/MT_Engine_Categorisation-Steps.png 1606w, https:\/\/www.moneythor.com\/wp-content\/uploads\/2024\/02\/MT_Engine_Categorisation-Steps-1024x365.png 1024w, https:\/\/www.moneythor.com\/wp-content\/uploads\/2024\/02\/MT_Engine_Categorisation-Steps-768x274.png 768w, https:\/\/www.moneythor.com\/wp-content\/uploads\/2024\/02\/MT_Engine_Categorisation-Steps-1536x547.png 1536w\" sizes=\"auto, (max-width: 1606px) 100vw, 1606px\" \/>\t\t\t\t\t\t\n\t\t\t\t\t<\/div>\n\t\t\t\t\t\t\t\t\n<style>\n#image_718194078 {\n  width: 100%;\n}\n<\/style>\n\t<\/div>\n\t\n\t\t<\/div>\n\t\t\t\t\n<style>\n#col-948155743 > .col-inner {\n  padding: 60px 0px 50px 0px;\n}\n<\/style>\n\t<\/div>\n\n\t\n<\/div>\n\n\t<section class=\"section dark\" id=\"section_2035274157\">\n\t\t<div class=\"section-bg fill\" >\n\t\t\t\t\t\t\t\t\t\n\t\t\t\n\n\t\t<\/div>\n\n\t\t\n\n\t\t<div class=\"section-content relative\">\n\t\t\t\n<div class=\"row align-equal align-center\"  id=\"row-1456339341\">\n\n\t<div id=\"col-1018651869\" class=\"col small-12 large-12\"  >\n\t\t\t\t<div class=\"col-inner text-center\"  >\n\t\t\t\n\t\t\t\n<h2>El motor Moneythor<\/h2>\n<a href=\"https:\/\/www.moneythor.com\/es\/contacto\/\" class=\"button secondary\"  style=\"border-radius:99px;\">\n\t\t<span>EMPECEMOS<\/span>\n\t<\/a>\n\n\t\t<\/div>\n\t\t\t\t\n<style>\n#col-1018651869 > .col-inner {\n  padding: 0px 0px 0px 0px;\n}\n@media (min-width:550px) {\n  #col-1018651869 > .col-inner {\n    padding: 20px 0px 0px 0px;\n  }\n}\n<\/style>\n\t<\/div>\n\n\t\n\n\t<div id=\"col-1296799803\" class=\"col medium-4 small-11 large-4\"  data-animate=\"bounceIn\">\n\t\t\t\t<div class=\"col-inner\"  >\n\t\t\t\n\t\t\t\n\n\t\t<div class=\"icon-box featured-box icon-box-center text-center\"  >\n\t\t\t\t\t<div class=\"icon-box-img\" style=\"width: 120px\">\n\t\t\t\t<div class=\"icon\">\n\t\t\t\t\t<div class=\"icon-inner\" >\n\t\t\t\t\t\t<img loading=\"lazy\" decoding=\"async\" width=\"600\" height=\"600\" src=\"https:\/\/www.moneythor.com\/wp-content\/uploads\/2024\/02\/MT_Engine_Icon_AI-Powered-0.svg\" class=\"attachment-medium size-medium\" alt=\"Icono de motor Mt impulsado por Ai 0\" \/>\t\t\t\t\t<\/div>\n\t\t\t\t<\/div>\n\t\t\t<\/div>\n\t\t\t\t<div class=\"icon-box-text last-reset\">\n\t\t\t\t\t\t\t\t\t\n\t<div id=\"text-3763686555\" class=\"text\">\n\t\t\n<h3>ENRIQUECIMIENTO DE DATOS<br \/>\nIMPULSADO POR IA<\/h3>\n\t\t\n<style>\n#text-3763686555 {\n  color: #a9df86;\n}\n#text-3763686555 > * {\n  color: #a9df86;\n}\n<\/style>\n\t<\/div>\n\t\n<p style=\"padding-top: 10px;\">Gracias a las capacidades de la inteligencia artificial (IA), el motor Moneythor puede analizar y enriquecer sin problemas los datos transaccionales de los clientes, obteniendo informaci\u00f3n sobre sus preferencias, comportamientos y patrones financieros individuales.<\/p>\n\t\t<\/div>\n\t<\/div>\n\t\n\t\n\t\t<\/div>\n\t\t\t\t\n<style>\n#col-1296799803 > .col-inner {\n  padding: 20px 0px 0px 0px;\n}\n<\/style>\n\t<\/div>\n\n\t\n\n\t<div id=\"col-1795671046\" class=\"col medium-4 small-11 large-4\"  data-animate=\"bounceIn\">\n\t\t\t\t<div class=\"col-inner\"  >\n\t\t\t\n\t\t\t\n\n\t\t<div class=\"icon-box featured-box icon-box-center text-center\"  >\n\t\t\t\t\t<div class=\"icon-box-img\" style=\"width: 120px\">\n\t\t\t\t<div class=\"icon\">\n\t\t\t\t\t<div class=\"icon-inner\" >\n\t\t\t\t\t\t<img loading=\"lazy\" decoding=\"async\" width=\"600\" height=\"600\" src=\"https:\/\/www.moneythor.com\/wp-content\/uploads\/2024\/02\/MT_Engine_Icon_Seamless-Integration-0.svg\" class=\"attachment-medium size-medium\" alt=\"Integraci\u00f3n perfecta del icono del motor Mt 0\" \/>\t\t\t\t\t<\/div>\n\t\t\t\t<\/div>\n\t\t\t<\/div>\n\t\t\t\t<div class=\"icon-box-text last-reset\">\n\t\t\t\t\t\t\t\t\t\n\t<div id=\"text-3136678654\" class=\"text\">\n\t\t\n<h3>PERFECTA INTEGRACI\u00d3N EN M\u00daLTIPLES CANALES<\/h3>\n\t\t\n<style>\n#text-3136678654 {\n  color: #a9df86;\n}\n#text-3136678654 > * {\n  color: #a9df86;\n}\n<\/style>\n\t<\/div>\n\t\n<p style=\"padding-top: 10px;\">Moneythor ofrece una soluci\u00f3n para todos los canales, que se integra perfectamente en todo el frontend, como aplicaciones bancarias, portales de banca en l\u00ednea, chatbots, cajeros autom\u00e1ticos y m\u00e1s.<\/p>\n\t\t<\/div>\n\t<\/div>\n\t\n\t\n\t\t<\/div>\n\t\t\t\t\n<style>\n#col-1795671046 > .col-inner {\n  padding: 20px 0px 0px 0px;\n}\n<\/style>\n\t<\/div>\n\n\t\n\n\t<div id=\"col-827989762\" class=\"col medium-4 small-11 large-4\"  data-animate=\"bounceIn\">\n\t\t\t\t<div class=\"col-inner\"  >\n\t\t\t\n\t\t\t\n\n\t\t<div class=\"icon-box featured-box icon-box-center text-center\"  >\n\t\t\t\t\t<div class=\"icon-box-img\" style=\"width: 120px\">\n\t\t\t\t<div class=\"icon\">\n\t\t\t\t\t<div class=\"icon-inner\" >\n\t\t\t\t\t\t<img loading=\"lazy\" decoding=\"async\" width=\"600\" height=\"600\" src=\"https:\/\/www.moneythor.com\/wp-content\/uploads\/2024\/02\/MT_Engine_Icon_Deploy-Where-You-Need-0.svg\" class=\"attachment-medium size-medium\" alt=\"Icono de Mt Engine Implemente donde necesite 0\" \/>\t\t\t\t\t<\/div>\n\t\t\t\t<\/div>\n\t\t\t<\/div>\n\t\t\t\t<div class=\"icon-box-text last-reset\">\n\t\t\t\t\t\t\t\t\t\n\t<div id=\"text-1832432448\" class=\"text\">\n\t\t\n<h3>IMPLEMENTACI\u00d3N SEG\u00daN<br \/>\nLA PREFERENCIA DEL BANCO<\/h3>\n\t\t\n<style>\n#text-1832432448 {\n  color: #a9df86;\n}\n#text-1832432448 > * {\n  color: #a9df86;\n}\n<\/style>\n\t<\/div>\n\t\n<p style=\"padding-top: 10px;\">Podr\u00e1s implementar Moneythor en tu infraestructura t\u00e9cnica actual, en tu plataforma basada en la nube preferida o en modo SaaS.<\/p>\n\t\t<\/div>\n\t<\/div>\n\t\n\t\n\t\t<\/div>\n\t\t\t\t\n<style>\n#col-827989762 > .col-inner {\n  padding: 20px 0px 0px 0px;\n}\n<\/style>\n\t<\/div>\n\n\t\n<\/div>\n\t\t<\/div>\n\n\t\t\n<style>\n#section_2035274157 {\n  padding-top: 60px;\n  padding-bottom: 60px;\n  background-color: #003a3d;\n}\n<\/style>\n\t<\/section>\n\t\n\n\t<section class=\"section has-parallax\" id=\"section_1437754363\">\n\t\t<div class=\"section-bg fill\" data-parallax-container=\".section\" data-parallax-background data-parallax=\"-8\">\n\t\t\t<img loading=\"lazy\" decoding=\"async\" width=\"1920\" height=\"1054\" src=\"https:\/\/www.moneythor.com\/wp-content\/uploads\/2024\/02\/MT_Homepage_Footer-Swirl.png\" class=\"bg attachment- size-\" alt=\"Pie de p\u00e1gina de la p\u00e1gina de inicio de Mt.\" \/>\t\t\t\t\t\t\n\t\t\t\n\n\t\t<\/div>\n\n\t\t\n\n\t\t<div class=\"section-content relative\">\n\t\t\t\n<div class=\"row\"  id=\"row-1783137839\">\n\n\t<div id=\"col-333346134\" class=\"col medium-9 small-12 large-9\"  >\n\t\t\t\t<div class=\"col-inner text-left\" style=\"background-color:rgb(255,255,255);\" >\n\t\t\t\n\t\t\t\n\t<div id=\"text-4102891607\" class=\"text\">\n\t\t\n<h2>Soluci\u00f3n SaaS de Moneythor<\/h2>\n<p>Ofrecemos un modelo de implementaci\u00f3n totalmente SaaS que reduce los costos iniciales y limita los ajustes de infraestructura. Moneythor cuenta con certificaciones ISO 27001 y SOC2 Tipo 2, lo que garantiza est\u00e1ndares de seguridad s\u00f3lidos. Programe una demostraci\u00f3n ahora para explorar m\u00e1s detalles sobre nuestra soluci\u00f3n SaaS.<\/p>\n\t\t\n<style>\n#text-4102891607 {\n  color: #003a3d;\n}\n#text-4102891607 > * {\n  color: #003a3d;\n}\n<\/style>\n\t<\/div>\n\t\n<a href=\"https:\/\/www.moneythor.com\/es\/solucion-saas\/\" class=\"button primary\"  style=\"border-radius:99px;\">\n\t\t<span>leer m\u00e1s<\/span>\n\t<\/a>\n\n<div class=\"row\"  id=\"row-1773304139\">\n\n\t<div id=\"col-1249744634\" class=\"col medium-3 small-6 large-3\"  >\n\t\t\t\t<div class=\"col-inner\"  >\n\t\t\t\n\t\t\t\n\t<div class=\"img has-hover x md-x lg-x y md-y lg-y\" id=\"image_1019427239\">\n\t\t\t\t\t\t\t\t<div class=\"img-inner dark\" >\n\t\t\t<img loading=\"lazy\" decoding=\"async\" width=\"396\" height=\"396\" src=\"https:\/\/www.moneythor.com\/wp-content\/uploads\/2024\/02\/ISO-27001-logo.png\" class=\"attachment-large size-large\" alt=\"Logotipo ISO 27001\" srcset=\"https:\/\/www.moneythor.com\/wp-content\/uploads\/2024\/02\/ISO-27001-logo.png 396w, https:\/\/www.moneythor.com\/wp-content\/uploads\/2024\/02\/ISO-27001-logo-150x150.png 150w\" sizes=\"auto, (max-width: 396px) 100vw, 396px\" \/>\t\t\t\t\t\t\n\t\t\t\t\t<\/div>\n\t\t\t\t\t\t\t\t\n<style>\n#image_1019427239 {\n  width: 100%;\n}\n<\/style>\n\t<\/div>\n\t\n\t\t<\/div>\n\t\t\t\t\n<style>\n#col-1249744634 > .col-inner {\n  padding: 30px 0px 0px 0px;\n}\n<\/style>\n\t<\/div>\n\n\t\n\n\t<div id=\"col-2084171259\" class=\"col medium-3 small-6 large-3\"  >\n\t\t\t\t<div class=\"col-inner\"  >\n\t\t\t\n\t\t\t\n\t<div class=\"img has-hover x md-x lg-x y md-y lg-y\" id=\"image_919926333\">\n\t\t\t\t\t\t\t\t<div class=\"img-inner dark\" >\n\t\t\t<img loading=\"lazy\" decoding=\"async\" width=\"802\" height=\"802\" src=\"https:\/\/www.moneythor.com\/wp-content\/uploads\/2024\/02\/SOC2_Logo_Revised_1_.591b2acad61e2.png\" class=\"attachment-large size-large\" alt=\"Logotipo de Soc2 revisado 1 .591b2acad61e2\" srcset=\"https:\/\/www.moneythor.com\/wp-content\/uploads\/2024\/02\/SOC2_Logo_Revised_1_.591b2acad61e2.png 802w, https:\/\/www.moneythor.com\/wp-content\/uploads\/2024\/02\/SOC2_Logo_Revised_1_.591b2acad61e2-600x600.png 600w, https:\/\/www.moneythor.com\/wp-content\/uploads\/2024\/02\/SOC2_Logo_Revised_1_.591b2acad61e2-150x150.png 150w, https:\/\/www.moneythor.com\/wp-content\/uploads\/2024\/02\/SOC2_Logo_Revised_1_.591b2acad61e2-768x768.png 768w\" sizes=\"auto, (max-width: 802px) 100vw, 802px\" \/>\t\t\t\t\t\t\n\t\t\t\t\t<\/div>\n\t\t\t\t\t\t\t\t\n<style>\n#image_919926333 {\n  width: 100%;\n}\n<\/style>\n\t<\/div>\n\t\n\t\t<\/div>\n\t\t\t\t\n<style>\n#col-2084171259 > .col-inner {\n  padding: 30px 0px 0px 0px;\n}\n<\/style>\n\t<\/div>\n\n\t\n<\/div>\n\t\t<\/div>\n\t\t\t\t\n<style>\n#col-333346134 > .col-inner {\n  padding: 40px 20px 20px 20px;\n  margin: 20px 0px 0px 0px;\n  border-radius: 30px;\n}\n@media (min-width:550px) {\n  #col-333346134 > .col-inner {\n    padding: 60px 50px 30px 50px;\n  }\n}\n<\/style>\n\t<\/div>\n\n\t\n<\/div>\n\t\t<\/div>\n\n\t\t\n<style>\n#section_1437754363 {\n  padding-top: 60px;\n  padding-bottom: 60px;\n  background-color: #94c193;\n}\n#section_1437754363 .section-bg img {\n  object-position: 88% 65%;\n}\n<\/style>\n\t<\/section>","protected":false},"excerpt":{"rendered":"","protected":false},"author":10,"featured_media":0,"parent":0,"menu_order":0,"comment_status":"closed","ping_status":"closed","template":"page-blank.php","meta":{"inline_featured_image":false,"footnotes":""},"class_list":["post-7530","page","type-page","status-publish","hentry"],"yoast_head":"<!-- This site is optimized with the Yoast SEO plugin v26.8 - https:\/\/yoast.com\/product\/yoast-seo-wordpress\/ -->\n<title>Redefining Personalisation with Moneythor Engine<\/title>\n<meta name=\"description\" content=\"High-performance scalable event-processing and orchestration engine processing real-time and batch data from any assets and liabilities\" \/>\n<meta name=\"robots\" content=\"index, follow, max-snippet:-1, max-image-preview:large, max-video-preview:-1\" \/>\n<link rel=\"canonical\" href=\"https:\/\/www.moneythor.com\/es\/motor\/\" \/>\n<meta property=\"og:locale\" content=\"es_ES\" \/>\n<meta property=\"og:type\" content=\"article\" \/>\n<meta property=\"og:title\" content=\"Redefining Personalisation with Moneythor Engine\" \/>\n<meta property=\"og:description\" content=\"High-performance scalable event-processing and orchestration engine processing real-time and batch data from any assets and liabilities\" \/>\n<meta property=\"og:url\" content=\"https:\/\/www.moneythor.com\/es\/motor\/\" \/>\n<meta property=\"og:site_name\" content=\"Moneythor\" \/>\n<meta property=\"article:publisher\" content=\"https:\/\/www.facebook.com\/moneythorhq\" \/>\n<meta property=\"article:modified_time\" content=\"2025-02-28T09:04:49+00:00\" \/>\n<meta property=\"og:image\" content=\"https:\/\/www.moneythor.com\/wp-content\/uploads\/2024\/06\/Templates-for-Articles-NEW-BRANDING-2.png\" \/>\n\t<meta property=\"og:image:width\" content=\"1200\" \/>\n\t<meta property=\"og:image:height\" content=\"630\" \/>\n\t<meta property=\"og:image:type\" content=\"image\/png\" \/>\n<meta name=\"twitter:card\" content=\"summary_large_image\" \/>\n<meta name=\"twitter:site\" content=\"@moneythor\" \/>\n<meta name=\"twitter:label1\" content=\"Tiempo de lectura\" \/>\n\t<meta name=\"twitter:data1\" content=\"3 minutos\" \/>\n<script type=\"application\/ld+json\" class=\"yoast-schema-graph\">{\"@context\":\"https:\/\/schema.org\",\"@graph\":[{\"@type\":\"WebPage\",\"@id\":\"https:\/\/www.moneythor.com\/engine\/\",\"url\":\"https:\/\/www.moneythor.com\/engine\/\",\"name\":\"Redefining Personalisation with Moneythor Engine\",\"isPartOf\":{\"@id\":\"https:\/\/www.moneythor.com\/#website\"},\"datePublished\":\"2024-02-08T18:03:34+00:00\",\"dateModified\":\"2025-02-28T09:04:49+00:00\",\"description\":\"High-performance scalable event-processing and orchestration engine processing real-time and batch data from any assets and liabilities\",\"breadcrumb\":{\"@id\":\"https:\/\/www.moneythor.com\/engine\/#breadcrumb\"},\"inLanguage\":\"es\",\"potentialAction\":[{\"@type\":\"ReadAction\",\"target\":[\"https:\/\/www.moneythor.com\/engine\/\"]}]},{\"@type\":\"BreadcrumbList\",\"@id\":\"https:\/\/www.moneythor.com\/engine\/#breadcrumb\",\"itemListElement\":[{\"@type\":\"ListItem\",\"position\":1,\"name\":\"Home\",\"item\":\"https:\/\/www.moneythor.com\/\"},{\"@type\":\"ListItem\",\"position\":2,\"name\":\"Engine\"}]},{\"@type\":\"WebSite\",\"@id\":\"https:\/\/www.moneythor.com\/#website\",\"url\":\"https:\/\/www.moneythor.com\/\",\"name\":\"Moneythor\",\"description\":\"All-in-one personalisation engine for financial services\",\"publisher\":{\"@id\":\"https:\/\/www.moneythor.com\/#organization\"},\"potentialAction\":[{\"@type\":\"SearchAction\",\"target\":{\"@type\":\"EntryPoint\",\"urlTemplate\":\"https:\/\/www.moneythor.com\/?s={search_term_string}\"},\"query-input\":{\"@type\":\"PropertyValueSpecification\",\"valueRequired\":true,\"valueName\":\"search_term_string\"}}],\"inLanguage\":\"es\"},{\"@type\":\"Organization\",\"@id\":\"https:\/\/www.moneythor.com\/#organization\",\"name\":\"Moneythor\",\"url\":\"https:\/\/www.moneythor.com\/\",\"logo\":{\"@type\":\"ImageObject\",\"inLanguage\":\"es\",\"@id\":\"https:\/\/www.moneythor.com\/#\/schema\/logo\/image\/\",\"url\":\"https:\/\/www.moneythor.com\/wp-content\/uploads\/2024\/06\/Templates-for-Articles-NEW-BRANDING-2.png\",\"contentUrl\":\"https:\/\/www.moneythor.com\/wp-content\/uploads\/2024\/06\/Templates-for-Articles-NEW-BRANDING-2.png\",\"width\":1200,\"height\":630,\"caption\":\"Moneythor\"},\"image\":{\"@id\":\"https:\/\/www.moneythor.com\/#\/schema\/logo\/image\/\"},\"sameAs\":[\"https:\/\/www.facebook.com\/moneythorhq\",\"https:\/\/x.com\/moneythor\",\"https:\/\/www.linkedin.com\/company\/moneythor\"]}]}<\/script>\n<!-- \/ Yoast SEO plugin. -->","yoast_head_json":{"title":"Redefiniendo la personalizaci\u00f3n con Moneythor Engine","description":"Motor de orquestaci\u00f3n y procesamiento de eventos escalable de alto rendimiento que procesa datos en tiempo real y por lotes de cualquier activo y pasivo.","robots":{"index":"index","follow":"follow","max-snippet":"max-snippet:-1","max-image-preview":"max-image-preview:large","max-video-preview":"max-video-preview:-1"},"canonical":"https:\/\/www.moneythor.com\/es\/motor\/","og_locale":"es_ES","og_type":"article","og_title":"Redefining Personalisation with Moneythor Engine","og_description":"High-performance scalable event-processing and orchestration engine processing real-time and batch data from any assets and liabilities","og_url":"https:\/\/www.moneythor.com\/es\/motor\/","og_site_name":"Moneythor","article_publisher":"https:\/\/www.facebook.com\/moneythorhq","article_modified_time":"2025-02-28T09:04:49+00:00","og_image":[{"width":1200,"height":630,"url":"https:\/\/www.moneythor.com\/wp-content\/uploads\/2024\/06\/Templates-for-Articles-NEW-BRANDING-2.png","type":"image\/png"}],"twitter_card":"summary_large_image","twitter_site":"@moneythor","twitter_misc":{"Tiempo de lectura":"3 minutos"},"schema":{"@context":"https:\/\/schema.org","@graph":[{"@type":"WebPage","@id":"https:\/\/www.moneythor.com\/engine\/","url":"https:\/\/www.moneythor.com\/engine\/","name":"Redefiniendo la personalizaci\u00f3n con Moneythor Engine","isPartOf":{"@id":"https:\/\/www.moneythor.com\/#website"},"datePublished":"2024-02-08T18:03:34+00:00","dateModified":"2025-02-28T09:04:49+00:00","description":"Motor de orquestaci\u00f3n y procesamiento de eventos escalable de alto rendimiento que procesa datos en tiempo real y por lotes de cualquier activo y pasivo.","breadcrumb":{"@id":"https:\/\/www.moneythor.com\/engine\/#breadcrumb"},"inLanguage":"es","potentialAction":[{"@type":"ReadAction","target":["https:\/\/www.moneythor.com\/engine\/"]}]},{"@type":"BreadcrumbList","@id":"https:\/\/www.moneythor.com\/engine\/#breadcrumb","itemListElement":[{"@type":"ListItem","position":1,"name":"Home","item":"https:\/\/www.moneythor.com\/"},{"@type":"ListItem","position":2,"name":"Engine"}]},{"@type":"WebSite","@id":"https:\/\/www.moneythor.com\/#website","url":"https:\/\/www.moneythor.com\/","name":"Moneythor","description":"Motor de personalizaci\u00f3n todo en uno para la banca moderna","publisher":{"@id":"https:\/\/www.moneythor.com\/#organization"},"potentialAction":[{"@type":"SearchAction","target":{"@type":"EntryPoint","urlTemplate":"https:\/\/www.moneythor.com\/?s={search_term_string}"},"query-input":{"@type":"PropertyValueSpecification","valueRequired":true,"valueName":"search_term_string"}}],"inLanguage":"es"},{"@type":"Organization","@id":"https:\/\/www.moneythor.com\/#organization","name":"Moneythor","url":"https:\/\/www.moneythor.com\/","logo":{"@type":"ImageObject","inLanguage":"es","@id":"https:\/\/www.moneythor.com\/#\/schema\/logo\/image\/","url":"https:\/\/www.moneythor.com\/wp-content\/uploads\/2024\/06\/Templates-for-Articles-NEW-BRANDING-2.png","contentUrl":"https:\/\/www.moneythor.com\/wp-content\/uploads\/2024\/06\/Templates-for-Articles-NEW-BRANDING-2.png","width":1200,"height":630,"caption":"Moneythor"},"image":{"@id":"https:\/\/www.moneythor.com\/#\/schema\/logo\/image\/"},"sameAs":["https:\/\/www.facebook.com\/moneythorhq","https:\/\/x.com\/moneythor","https:\/\/www.linkedin.com\/company\/moneythor"]}]}},"_links":{"self":[{"href":"https:\/\/www.moneythor.com\/es\/wp-json\/wp\/v2\/pages\/7530","targetHints":{"allow":["GET"]}}],"collection":[{"href":"https:\/\/www.moneythor.com\/es\/wp-json\/wp\/v2\/pages"}],"about":[{"href":"https:\/\/www.moneythor.com\/es\/wp-json\/wp\/v2\/types\/page"}],"author":[{"embeddable":true,"href":"https:\/\/www.moneythor.com\/es\/wp-json\/wp\/v2\/users\/10"}],"replies":[{"embeddable":true,"href":"https:\/\/www.moneythor.com\/es\/wp-json\/wp\/v2\/comments?post=7530"}],"version-history":[{"count":0,"href":"https:\/\/www.moneythor.com\/es\/wp-json\/wp\/v2\/pages\/7530\/revisions"}],"wp:attachment":[{"href":"https:\/\/www.moneythor.com\/es\/wp-json\/wp\/v2\/media?parent=7530"}],"curies":[{"name":"Gracias","href":"https:\/\/api.w.org\/{rel}","templated":true}]}}