{"id":7528,"date":"2024-02-09T02:03:24","date_gmt":"2024-02-08T18:03:24","guid":{"rendered":"https:\/\/www.moneythor.com\/?page_id=7528"},"modified":"2025-02-26T16:16:57","modified_gmt":"2025-02-26T08:16:57","slug":"producto-bancario","status":"publish","type":"page","link":"https:\/\/www.moneythor.com\/es\/producto-bancario\/","title":{"rendered":"Producto"},"content":{"rendered":"<div class=\"img has-hover no-margin show-for-small x md-x lg-x y md-y lg-y\" id=\"image_1418762905\">\n\t\t\t\t\t\t\t\t<div class=\"img-inner dark\" style=\"margin:0px 0px -1px 0px;\">\n\t\t\t<img loading=\"lazy\" decoding=\"async\" width=\"500\" height=\"505\" src=\"https:\/\/www.moneythor.com\/wp-content\/uploads\/2024\/02\/MT_Product_Header_mobile.png\" class=\"attachment-large size-large\" alt=\"Mt Encabezado De Producto M\u00f3vil\" \/>\t\t\t\t\t\t\n\t\t\t\t\t<\/div>\n\t\t\t\t\t\t\t\t\n<style>\n#image_1418762905 {\n  width: 100%;\n}\n<\/style>\n\t<\/div>\n\t\n\n\t<section class=\"section bg-green-mobile dark\" id=\"section_726073829\">\n\t\t<div class=\"section-bg fill\" >\n\t\t\t<img loading=\"lazy\" decoding=\"async\" width=\"1920\" height=\"1079\" src=\"https:\/\/www.moneythor.com\/wp-content\/uploads\/2024\/02\/MT_Product_Header.png\" class=\"bg attachment-original size-original\" alt=\"Encabezado del producto Mt\" \/>\t\t\t\t\t\t\n\t\t\t\n\n\t\t<\/div>\n\n\t\t\n\n\t\t<div class=\"section-content relative\">\n\t\t\t\n<div class=\"row align-bottom align-right\"  id=\"row-1694158177\">\n\n\t<div id=\"col-1480417012\" class=\"col medium-7 small-12 large-7\"  data-animate=\"fadeInUp\">\n\t\t\t\t<div class=\"col-inner\"  >\n\t\t\t\n\t\t\t\n<h1>Conjunto completo de soluciones de personalizaci\u00f3n para generar resultados de negocio medibles.<\/h1>\n\t\t<\/div>\n\t\t\t\t\n<style>\n#col-1480417012 > .col-inner {\n  padding: 30px 0px 0px 0px;\n  margin: -1px 0px 0px 0px;\n  max-width: 610px;\n}\n@media (min-width:550px) {\n  #col-1480417012 > .col-inner {\n    padding: 50% 0px 0px 15%;\n  }\n}\n<\/style>\n\t<\/div>\n\n\t\n<\/div>\n\t\t<\/div>\n\n\t\t\n<style>\n#section_726073829 {\n  padding-top: 0px;\n  padding-bottom: 0px;\n  min-height: 0px;\n}\n#section_726073829 .section-bg img {\n  object-position: 11% 56%;\n}\n@media (min-width:550px) {\n  #section_726073829 {\n    min-height: 80vh;\n  }\n}\n<\/style>\n\t<\/section>\n\t\n<div class=\"row row-full-width align-equal align-center max-width-1500\"  id=\"row-1863211537\">\n\n\t<div id=\"col-1024926256\" class=\"col small-12 large-12\"  >\n\t\t\t\t<div class=\"col-inner text-center\"  >\n\t\t\t\n\t\t\t\n<h2>Explora nuestros productos y funcionalidades<\/h2>\n<a class=\"button secondary sg-popup-id-8230\"  style=\"border-radius:99px;\">\n\t<i class=\"icon-vk\" aria-hidden=\"true\" ><\/i>\t<span>DESCARGAR GU\u00cdA DEL PRODUCTO<\/span>\n\t<\/a>\n\n\t\t<\/div>\n\t\t\t\t\n<style>\n#col-1024926256 > .col-inner {\n  padding: 30px 0px 0px 0px;\n  margin: 0px 0px 0px 0px;\n}\n@media (min-width:550px) {\n  #col-1024926256 > .col-inner {\n    padding: 50px 0px 0px 0px;\n    margin: 0px 0px -30px 0px;\n  }\n}\n<\/style>\n\t<\/div>\n\n\t\n\n\t<div id=\"col-1696312152\" class=\"col medium-4 small-12 large-4\"  data-animate=\"bounceIn\">\n\t\t\t\t<div class=\"col-inner box-shadow-2\" style=\"background-color:rgb(255, 255, 255);\" >\n\t\t\t\n\t\t\t\n\n\t\t<div class=\"icon-box featured-box v-align-center icon-box-left text-left\"  >\n\t\t\t\t\t<div class=\"icon-box-img\" style=\"width: 60px\">\n\t\t\t\t<div class=\"icon\">\n\t\t\t\t\t<div class=\"icon-inner\" >\n\t\t\t\t\t\t<img loading=\"lazy\" decoding=\"async\" width=\"600\" height=\"600\" src=\"https:\/\/www.moneythor.com\/wp-content\/uploads\/2024\/02\/MT_Product_Icon_Acquire-0.svg\" class=\"attachment-medium size-medium\" alt=\"Icono de producto Mt Adquirir 0\" \/>\t\t\t\t\t<\/div>\n\t\t\t\t<\/div>\n\t\t\t<\/div>\n\t\t\t\t<div class=\"icon-box-text last-reset\">\n\t\t\t\t\t\t\t\t\t\n\t<div id=\"text-3089625702\" class=\"text\">\n\t\t\n<p class=\"h3 no-margin\">ADQUISICI\u00d3N<\/p>\n\t\t\n<style>\n#text-3089625702 {\n  font-size: 1.3rem;\n  text-align: left;\n  color: #003a3d;\n}\n#text-3089625702 > * {\n  color: #003a3d;\n}\n<\/style>\n\t<\/div>\n\t\n\t\t<\/div>\n\t<\/div>\n\t\n\t\n\n<div class=\"product-feature-list\">\n<p>\u2022 Recomendaciones cl\u00e1sicas<\/p>\n<p>\u2022 Recomendaciones multi-nivel<\/p>\n<p>\u2022 Recomendaciones de influencers y empleados<\/p>\n<\/div>\n\n\t\t<\/div>\n\t\t\t\t\n<style>\n#col-1696312152 > .col-inner {\n  padding: 30px 10px 20px 10px;\n  margin: 20px 0px 20px 0px;\n  border-radius: 30px;\n}\n@media (min-width:550px) {\n  #col-1696312152 > .col-inner {\n    padding: 30px 35px 20px 20px;\n    margin: 50px -20px 20px 0px;\n  }\n}\n<\/style>\n\t<\/div>\n\n\t\n\n\t<div id=\"col-2124376567\" class=\"col z-index-1 medium-4 small-12 large-4\"  data-animate=\"bounceIn\">\n\t\t\t\t<div class=\"col-inner box-shadow-2\" style=\"background-color:rgb(255, 255, 255);\" >\n\t\t\t\n\t\t\t\n\n\t\t<div class=\"icon-box featured-box v-align-center icon-box-left text-left\"  >\n\t\t\t\t\t<div class=\"icon-box-img\" style=\"width: 60px\">\n\t\t\t\t<div class=\"icon\">\n\t\t\t\t\t<div class=\"icon-inner\" >\n\t\t\t\t\t\t<img loading=\"lazy\" decoding=\"async\" width=\"600\" height=\"600\" src=\"https:\/\/www.moneythor.com\/wp-content\/uploads\/2024\/02\/MT_Product_Icon_Activate-0.svg\" class=\"attachment-medium size-medium\" alt=\"Icono de producto Mt Activar 0\" \/>\t\t\t\t\t<\/div>\n\t\t\t\t<\/div>\n\t\t\t<\/div>\n\t\t\t\t<div class=\"icon-box-text last-reset\">\n\t\t\t\t\t\t\t\t\t\n\t<div id=\"text-1486699116\" class=\"text\">\n\t\t\n<p class=\"h3 no-margin\">ACTIVACI\u00d3N<\/p>\n\t\t\n<style>\n#text-1486699116 {\n  font-size: 1.3rem;\n  text-align: left;\n  color: #003a3d;\n}\n#text-1486699116 > * {\n  color: #003a3d;\n}\n<\/style>\n\t<\/div>\n\t\n\t\t<\/div>\n\t<\/div>\n\t\n\t\n\n<div class=\"product-feature-list\">\n<p>\u2022 Retos relativos a la incorporaci\u00f3n de nuevos clientes<\/p>\n<p>\u2022 Cupones, tarjetas de regalo, cashbacks y puntos en tiempo real<\/p>\n<p>\u2022 Experiencias gamificadas<\/p>\n<\/div>\n\n\t\t<\/div>\n\t\t\t\t\n<style>\n#col-2124376567 > .col-inner {\n  padding: 30px 10px 20px 10px;\n  margin: 0px 0px 20px 0px;\n  border-radius: 30px;\n}\n@media (min-width:550px) {\n  #col-2124376567 > .col-inner {\n    padding: 30px 50px 20px 50px;\n    margin: 50px -20px 20px -20px;\n  }\n}\n<\/style>\n\t<\/div>\n\n\t\n\n\t<div id=\"col-2131989421\" class=\"col z-index-0 medium-4 small-12 large-4\"  data-animate=\"bounceIn\">\n\t\t\t\t<div class=\"col-inner box-shadow-2\" style=\"background-color:rgb(255, 255, 255);\" >\n\t\t\t\n\t\t\t\n\n\t\t<div class=\"icon-box featured-box v-align-center icon-box-left text-left\"  >\n\t\t\t\t\t<div class=\"icon-box-img\" style=\"width: 60px\">\n\t\t\t\t<div class=\"icon\">\n\t\t\t\t\t<div class=\"icon-inner\" >\n\t\t\t\t\t\t<img loading=\"lazy\" decoding=\"async\" width=\"600\" height=\"600\" src=\"https:\/\/www.moneythor.com\/wp-content\/uploads\/2024\/02\/MT_Product_Icon_Engage-0.svg\" class=\"attachment-medium size-medium\" alt=\"Icono de producto Mt Participar 0\" \/>\t\t\t\t\t<\/div>\n\t\t\t\t<\/div>\n\t\t\t<\/div>\n\t\t\t\t<div class=\"icon-box-text last-reset\">\n\t\t\t\t\t\t\t\t\t\n\t<div id=\"text-1525779752\" class=\"text\">\n\t\t\n<p class=\"h3 no-margin\">ENGAGEMENT<\/p>\n\t\t\n<style>\n#text-1525779752 {\n  font-size: 1.3rem;\n  text-align: left;\n  color: #003a3d;\n}\n#text-1525779752 > * {\n  color: #003a3d;\n}\n<\/style>\n\t<\/div>\n\t\n\t\t<\/div>\n\t<\/div>\n\t\n\t\n\n<div class=\"product-feature-list\">\n<p>\u2022 Recomendaciones, insights y nudges<\/p>\n<p>\u2022 Presupuestos de gastos, seguimiento y notificaciones de suscripciones<\/p>\n<p>\u2022 Metas de ahorro y contribuciones inteligentes automatizadas<\/p>\n<p>\u2022 Previsi\u00f3n de gastos y otros<\/p>\n<p>\u2022 Categorizaci\u00f3n y enriquecimiento de transacciones<\/p>\n<p>\u2022 Banca familiar<\/p>\n<p>\u2022 Banca isl\u00e1mica<\/p>\n<p>\u2022 Huella de carbono y perspectivas ESG<\/p>\n<p>\u2022 Servicios para clientes de gran patrimonio<\/p>\n<\/div>\n\n\t\t<\/div>\n\t\t\t\t\n<style>\n#col-2131989421 > .col-inner {\n  padding: 30px 10px 20px 10px;\n  margin: 0px 0px 20px 0px;\n  border-radius: 30px;\n}\n@media (min-width:550px) {\n  #col-2131989421 > .col-inner {\n    padding: 30px 20px 20px 35px;\n    margin: 50px 0px 20px -20px;\n  }\n}\n<\/style>\n\t<\/div>\n\n\t\n<\/div>\n<div class=\"row align-middle align-center\"  id=\"row-1347377001\">\n\n\t<div id=\"col-1292591438\" class=\"col medium-7 small-12 large-7\"  >\n\t\t\t\t<div class=\"col-inner text-center\"  >\n\t\t\t\n\t\t\t\n<h2>Crea casos de uso espec\u00edficamente adaptados a tus objetivos con el Moneythor Studio<\/h2>\n\t\t<\/div>\n\t\t\t\t\n<style>\n#col-1292591438 > .col-inner {\n  padding: 60px 0px 0px 0px;\n}\n<\/style>\n\t<\/div>\n\n\t\n<\/div>\n<div class=\"row align-middle align-center\"  id=\"row-2105633608\">\n\n\t<div id=\"col-1484532759\" class=\"col z-index-1 hide-for-small medium-6 small-12 large-6\"  data-animate=\"fadeInLeft\">\n\t\t\t\t<div class=\"col-inner\"  >\n\t\t\t\n\t\t\t\n\t<div class=\"img has-hover no-margin hide-for-small x md-x lg-x y md-y lg-y\" id=\"image_1518101478\">\n\t\t\t\t\t\t\t\t<div class=\"img-inner box-shadow-2 dark\" style=\"margin:0px -170px 0px 0px;\">\n\t\t\t<img loading=\"lazy\" decoding=\"async\" width=\"1091\" height=\"652\" src=\"https:\/\/www.moneythor.com\/wp-content\/uploads\/2024\/02\/MT_Product_Fully-Configurable.png\" class=\"attachment-original size-original\" alt=\"Producto Mt totalmente configurable\" srcset=\"https:\/\/www.moneythor.com\/wp-content\/uploads\/2024\/02\/MT_Product_Fully-Configurable.png 1091w, https:\/\/www.moneythor.com\/wp-content\/uploads\/2024\/02\/MT_Product_Fully-Configurable-1004x600.png 1004w, https:\/\/www.moneythor.com\/wp-content\/uploads\/2024\/02\/MT_Product_Fully-Configurable-1024x612.png 1024w, https:\/\/www.moneythor.com\/wp-content\/uploads\/2024\/02\/MT_Product_Fully-Configurable-768x459.png 768w\" sizes=\"auto, (max-width: 1091px) 100vw, 1091px\" \/>\t\t\t\t\t\t\n\t\t\t\t\t<\/div>\n\t\t\t\t\t\t\t\t\n<style>\n#image_1518101478 {\n  width: 100%;\n}\n<\/style>\n\t<\/div>\n\t\n\t\t<\/div>\n\t\t\t\t\n<style>\n#col-1484532759 > .col-inner {\n  padding: 15px 0px 5px 0px;\n}\n<\/style>\n\t<\/div>\n\n\t\n\n\t<div id=\"col-1816885054\" class=\"col z-index-0 medium-6 small-12 large-6\"  >\n\t\t\t\t<div class=\"col-inner dark\" style=\"background-color:#003a3d;\" >\n\t\t\t\n\t\t\t\n<h3 class=\"h2\">Soluci\u00f3n totalmente configurable<\/h3>\n<p><span class=\"OYPEnA text-decoration-none text-strikethrough-none\">Una soluci\u00f3n flexible que permite a las instituciones financieras adaptarse sin problemas a las tendencias cambiantes del mercado, los cambios regulatorios y las preferencias de los clientes.<\/span><\/p>\n\t<div class=\"img has-hover show-for-small x md-x lg-x y md-y lg-y\" id=\"image_389941975\">\n\t\t\t\t\t\t\t\t<div class=\"img-inner dark\" >\n\t\t\t<img loading=\"lazy\" decoding=\"async\" width=\"1020\" height=\"610\" src=\"https:\/\/www.moneythor.com\/wp-content\/uploads\/2024\/02\/MT_Product_Fully-Configurable-1024x612.png\" class=\"attachment-large size-large\" alt=\"Producto Mt totalmente configurable\" srcset=\"https:\/\/www.moneythor.com\/wp-content\/uploads\/2024\/02\/MT_Product_Fully-Configurable-1024x612.png 1024w, https:\/\/www.moneythor.com\/wp-content\/uploads\/2024\/02\/MT_Product_Fully-Configurable-1004x600.png 1004w, https:\/\/www.moneythor.com\/wp-content\/uploads\/2024\/02\/MT_Product_Fully-Configurable-768x459.png 768w, https:\/\/www.moneythor.com\/wp-content\/uploads\/2024\/02\/MT_Product_Fully-Configurable.png 1091w\" sizes=\"auto, (max-width: 1020px) 100vw, 1020px\" \/>\t\t\t\t\t\t\n\t\t\t\t\t<\/div>\n\t\t\t\t\t\t\t\t\n<style>\n#image_389941975 {\n  width: 100%;\n}\n<\/style>\n\t<\/div>\n\t\n\t\t<\/div>\n\t\t\t\t\n<style>\n#col-1816885054 > .col-inner {\n  padding: 30px 20px 40px 20px;\n  margin: 20px 0px 0px 0px;\n}\n@media (min-width:550px) {\n  #col-1816885054 > .col-inner {\n    padding: 120px 30px 120px 190px;\n    margin: 0px 0px -15px -15px;\n  }\n}\n<\/style>\n\t<\/div>\n\n\t\n<\/div>\n<div class=\"row align-middle align-center\"  id=\"row-968268033\">\n\n\t<div id=\"col-2093556747\" class=\"col medium-6 small-12 large-6\"  >\n\t\t\t\t<div class=\"col-inner dark\" style=\"background-color:#003a3d;\" >\n\t\t\t\n\t\t\t\n<h3 class=\"h2\">Biblioteca con<br \/>\ncientos de casos de uso predise\u00f1ados<\/h3>\n<p><span class=\"OYPEnA text-decoration-none text-strikethrough-none\">Una extensa biblioteca de casos de uso personalizados para permitir a las instituciones financieras implementar r\u00e1pidamente casos de uso espec\u00edficos que resuenen con las necesidades individuales de los clientes.<\/span><\/p>\n\t<div class=\"img has-hover show-for-small x md-x lg-x y md-y lg-y\" id=\"image_2007297494\">\n\t\t\t\t\t\t\t\t<div class=\"img-inner dark\" >\n\t\t\t<img loading=\"lazy\" decoding=\"async\" width=\"1020\" height=\"610\" src=\"https:\/\/www.moneythor.com\/wp-content\/uploads\/2024\/02\/MT_Product_Library-1024x612.png\" class=\"attachment-large size-large\" alt=\"Biblioteca de productos MT\" srcset=\"https:\/\/www.moneythor.com\/wp-content\/uploads\/2024\/02\/MT_Product_Library-1024x612.png 1024w, https:\/\/www.moneythor.com\/wp-content\/uploads\/2024\/02\/MT_Product_Library-1004x600.png 1004w, https:\/\/www.moneythor.com\/wp-content\/uploads\/2024\/02\/MT_Product_Library-768x459.png 768w, https:\/\/www.moneythor.com\/wp-content\/uploads\/2024\/02\/MT_Product_Library.png 1091w\" sizes=\"auto, (max-width: 1020px) 100vw, 1020px\" \/>\t\t\t\t\t\t\n\t\t\t\t\t<\/div>\n\t\t\t\t\t\t\t\t\n<style>\n#image_2007297494 {\n  width: 100%;\n}\n<\/style>\n\t<\/div>\n\t\n\t\t<\/div>\n\t\t\t\t\n<style>\n#col-2093556747 > .col-inner {\n  padding: 30px 20px 40px 20px;\n  margin: 30px 0px 0px 0px;\n}\n@media (min-width:550px) {\n  #col-2093556747 > .col-inner {\n    padding: 120px 190px 120px 30px;\n    margin: -15px 0px 0px 15px;\n  }\n}\n<\/style>\n\t<\/div>\n\n\t\n\n\t<div id=\"col-1010772134\" class=\"col hide-for-small medium-6 small-12 large-6\"  data-animate=\"fadeInRight\">\n\t\t\t\t<div class=\"col-inner\"  >\n\t\t\t\n\t\t\t\n\t<div class=\"img has-hover no-margin hide-for-small x md-x lg-x y md-y lg-y\" id=\"image_1691231597\">\n\t\t\t\t\t\t\t\t<div class=\"img-inner box-shadow-2 dark\" style=\"margin:0px 0px 0px -170px;\">\n\t\t\t<img loading=\"lazy\" decoding=\"async\" width=\"1091\" height=\"652\" src=\"https:\/\/www.moneythor.com\/wp-content\/uploads\/2024\/02\/MT_Product_Library.png\" class=\"attachment-original size-original\" alt=\"Biblioteca de productos MT\" srcset=\"https:\/\/www.moneythor.com\/wp-content\/uploads\/2024\/02\/MT_Product_Library.png 1091w, https:\/\/www.moneythor.com\/wp-content\/uploads\/2024\/02\/MT_Product_Library-1004x600.png 1004w, https:\/\/www.moneythor.com\/wp-content\/uploads\/2024\/02\/MT_Product_Library-1024x612.png 1024w, https:\/\/www.moneythor.com\/wp-content\/uploads\/2024\/02\/MT_Product_Library-768x459.png 768w\" sizes=\"auto, (max-width: 1091px) 100vw, 1091px\" \/>\t\t\t\t\t\t\n\t\t\t\t\t<\/div>\n\t\t\t\t\t\t\t\t\n<style>\n#image_1691231597 {\n  width: 100%;\n}\n<\/style>\n\t<\/div>\n\t\n\t\t<\/div>\n\t\t\t\t\n<style>\n#col-1010772134 > .col-inner {\n  padding: 5px 15px 15px 0px;\n}\n<\/style>\n\t<\/div>\n\n\t\n<\/div>\n\t<div id=\"gap-128650113\" class=\"gap-element clearfix\" style=\"display:block; height:auto;\">\n\t\t\n<style>\n#gap-128650113 {\n  padding-top: 50px;\n}\n<\/style>\n\t<\/div>\n\t\n\n\t<section class=\"section has-parallax\" id=\"section_1161851348\">\n\t\t<div class=\"section-bg fill\" data-parallax-container=\".section\" data-parallax-background data-parallax=\"-8\">\n\t\t\t<img loading=\"lazy\" decoding=\"async\" width=\"1920\" height=\"1054\" src=\"https:\/\/www.moneythor.com\/wp-content\/uploads\/2024\/02\/MT_Homepage_Footer-Swirl.png\" class=\"bg attachment- size-\" alt=\"Pie de p\u00e1gina de la p\u00e1gina de inicio de Mt.\" \/>\t\t\t\t\t\t\n\t\t\t\n\n\t\t<\/div>\n\n\t\t\n\n\t\t<div class=\"section-content relative\">\n\t\t\t\n<div class=\"row\"  id=\"row-1108303002\">\n\n\t<div id=\"col-1029800311\" class=\"col medium-9 small-12 large-9\"  >\n\t\t\t\t<div class=\"col-inner text-left\" style=\"background-color:rgb(255,255,255);\" >\n\t\t\t\n\t\t\t\n\t<div id=\"text-3580717950\" class=\"text\">\n\t\t\n<h2>Monetizaci\u00f3n del Open Banking<\/h2>\n<p>Podr\u00e1s ofrecer a tus clientes una vista completa de sus finanzas, independientemente de d\u00f3nde realicen sus operaciones bancarias. El Open Banking ofrece una ventaja competitiva para los bancos, mejorando la interacci\u00f3n, brindando un marketing m\u00e1s personalizado, venta cruzada con objetivos espec\u00edficos, as\u00ed como una potente diferenciaci\u00f3n en el mercado.<\/p>\n<p>Convi\u00e9rtete en el banco que ofrece una experiencia unificada a sus clientes, y les evites tener que iniciar sesi\u00f3n en m\u00faltiples bancos. Podr\u00e1s ofrecer una plataforma unificada donde los clientes puedan revisar sin esfuerzo todo su estado financiero en un solo lugar.<br \/>\n\t\t\n<style>\n#text-3580717950 {\n  color: #003a3d;\n}\n#text-3580717950 > * {\n  color: #003a3d;\n}\n<\/style>\n\t<\/div>\n\t\n<a href=\"https:\/\/www.moneythor.com\/es\/sobre-banca-abierta\/\" target=\"_blank\" class=\"button primary\" rel=\"noopener\"  style=\"border-radius:99px;\">\n\t\t<span>OBTENER M\u00c1S INFORMACI\u00d3N<\/span>\n\t<\/a>\n\n\n\t\t<\/div>\n\t\t\t\t\n<style>\n#col-1029800311 > .col-inner {\n  padding: 40px 20px 20px 20px;\n  margin: 20px 0px 0px 0px;\n  border-radius: 30px;\n}\n@media (min-width:550px) {\n  #col-1029800311 > .col-inner {\n    padding: 60px 50px 50px 50px;\n  }\n}\n<\/style>\n\t<\/div>\n\n\t\n<\/div>\n\t\t<\/div>\n\n\t\t\n<style>\n#section_1161851348 {\n  padding-top: 60px;\n  padding-bottom: 60px;\n  background-color: #94c193;\n}\n#section_1161851348 .section-bg img {\n  object-position: 88% 65%;\n}\n<\/style>\n\t<\/section>","protected":false},"excerpt":{"rendered":"","protected":false},"author":10,"featured_media":0,"parent":0,"menu_order":0,"comment_status":"closed","ping_status":"closed","template":"page-blank.php","meta":{"inline_featured_image":false,"footnotes":""},"class_list":["post-7528","page","type-page","status-publish","hentry"],"yoast_head":"<!-- This site is optimized with the Yoast SEO plugin v26.8 - https:\/\/yoast.com\/product\/yoast-seo-wordpress\/ -->\n<title>Product | Explore our Products &amp; Features | Moneythor<\/title>\n<meta name=\"description\" content=\"Complete Suite of Personalisation Solutions to Drive Measurable Business Results. Download our Product &amp; Features Guide.\" \/>\n<meta name=\"robots\" content=\"index, follow, max-snippet:-1, max-image-preview:large, max-video-preview:-1\" \/>\n<link rel=\"canonical\" href=\"https:\/\/www.moneythor.com\/es\/producto-bancario\/\" \/>\n<meta property=\"og:locale\" content=\"es_ES\" \/>\n<meta property=\"og:type\" content=\"article\" \/>\n<meta property=\"og:title\" content=\"Product | Explore our Products &amp; Features | Moneythor\" \/>\n<meta property=\"og:description\" content=\"Complete Suite of Personalisation Solutions to Drive Measurable Business Results. Download our Product &amp; Features Guide.\" \/>\n<meta property=\"og:url\" content=\"https:\/\/www.moneythor.com\/es\/producto-bancario\/\" \/>\n<meta property=\"og:site_name\" content=\"Moneythor\" \/>\n<meta property=\"article:publisher\" content=\"https:\/\/www.facebook.com\/moneythorhq\" \/>\n<meta property=\"article:modified_time\" content=\"2025-02-26T08:16:57+00:00\" \/>\n<meta property=\"og:image\" content=\"https:\/\/www.moneythor.com\/wp-content\/uploads\/2024\/06\/Templates-for-Articles-NEW-BRANDING-2.png\" \/>\n\t<meta property=\"og:image:width\" content=\"1200\" \/>\n\t<meta property=\"og:image:height\" content=\"630\" \/>\n\t<meta property=\"og:image:type\" content=\"image\/png\" \/>\n<meta name=\"twitter:card\" content=\"summary_large_image\" \/>\n<meta name=\"twitter:site\" content=\"@moneythor\" \/>\n<meta name=\"twitter:label1\" content=\"Tiempo de lectura\" \/>\n\t<meta name=\"twitter:data1\" content=\"5 minutos\" \/>\n<script type=\"application\/ld+json\" class=\"yoast-schema-graph\">{\"@context\":\"https:\/\/schema.org\",\"@graph\":[{\"@type\":\"WebPage\",\"@id\":\"https:\/\/www.moneythor.com\/banking-product\/\",\"url\":\"https:\/\/www.moneythor.com\/banking-product\/\",\"name\":\"Product | Explore our Products & Features | Moneythor\",\"isPartOf\":{\"@id\":\"https:\/\/www.moneythor.com\/#website\"},\"datePublished\":\"2024-02-08T18:03:24+00:00\",\"dateModified\":\"2025-02-26T08:16:57+00:00\",\"description\":\"Complete Suite of Personalisation Solutions to Drive Measurable Business Results. Download our Product & Features Guide.\",\"breadcrumb\":{\"@id\":\"https:\/\/www.moneythor.com\/banking-product\/#breadcrumb\"},\"inLanguage\":\"es\",\"potentialAction\":[{\"@type\":\"ReadAction\",\"target\":[\"https:\/\/www.moneythor.com\/banking-product\/\"]}]},{\"@type\":\"BreadcrumbList\",\"@id\":\"https:\/\/www.moneythor.com\/banking-product\/#breadcrumb\",\"itemListElement\":[{\"@type\":\"ListItem\",\"position\":1,\"name\":\"Home\",\"item\":\"https:\/\/www.moneythor.com\/\"},{\"@type\":\"ListItem\",\"position\":2,\"name\":\"Product\"}]},{\"@type\":\"WebSite\",\"@id\":\"https:\/\/www.moneythor.com\/#website\",\"url\":\"https:\/\/www.moneythor.com\/\",\"name\":\"Moneythor\",\"description\":\"All-in-one personalisation engine for financial services\",\"publisher\":{\"@id\":\"https:\/\/www.moneythor.com\/#organization\"},\"potentialAction\":[{\"@type\":\"SearchAction\",\"target\":{\"@type\":\"EntryPoint\",\"urlTemplate\":\"https:\/\/www.moneythor.com\/?s={search_term_string}\"},\"query-input\":{\"@type\":\"PropertyValueSpecification\",\"valueRequired\":true,\"valueName\":\"search_term_string\"}}],\"inLanguage\":\"es\"},{\"@type\":\"Organization\",\"@id\":\"https:\/\/www.moneythor.com\/#organization\",\"name\":\"Moneythor\",\"url\":\"https:\/\/www.moneythor.com\/\",\"logo\":{\"@type\":\"ImageObject\",\"inLanguage\":\"es\",\"@id\":\"https:\/\/www.moneythor.com\/#\/schema\/logo\/image\/\",\"url\":\"https:\/\/www.moneythor.com\/wp-content\/uploads\/2024\/06\/Templates-for-Articles-NEW-BRANDING-2.png\",\"contentUrl\":\"https:\/\/www.moneythor.com\/wp-content\/uploads\/2024\/06\/Templates-for-Articles-NEW-BRANDING-2.png\",\"width\":1200,\"height\":630,\"caption\":\"Moneythor\"},\"image\":{\"@id\":\"https:\/\/www.moneythor.com\/#\/schema\/logo\/image\/\"},\"sameAs\":[\"https:\/\/www.facebook.com\/moneythorhq\",\"https:\/\/x.com\/moneythor\",\"https:\/\/www.linkedin.com\/company\/moneythor\"]}]}<\/script>\n<!-- \/ Yoast SEO plugin. -->","yoast_head_json":{"title":"Producto | Explora nuestros productos y caracter\u00edsticas | Moneythor","description":"Paquete completo de soluciones de personalizaci\u00f3n para generar resultados empresariales mensurables. Descargue nuestra gu\u00eda de productos y caracter\u00edsticas.","robots":{"index":"index","follow":"follow","max-snippet":"max-snippet:-1","max-image-preview":"max-image-preview:large","max-video-preview":"max-video-preview:-1"},"canonical":"https:\/\/www.moneythor.com\/es\/producto-bancario\/","og_locale":"es_ES","og_type":"article","og_title":"Product | Explore our Products & Features | Moneythor","og_description":"Complete Suite of Personalisation Solutions to Drive Measurable Business Results. Download our Product & Features Guide.","og_url":"https:\/\/www.moneythor.com\/es\/producto-bancario\/","og_site_name":"Moneythor","article_publisher":"https:\/\/www.facebook.com\/moneythorhq","article_modified_time":"2025-02-26T08:16:57+00:00","og_image":[{"width":1200,"height":630,"url":"https:\/\/www.moneythor.com\/wp-content\/uploads\/2024\/06\/Templates-for-Articles-NEW-BRANDING-2.png","type":"image\/png"}],"twitter_card":"summary_large_image","twitter_site":"@moneythor","twitter_misc":{"Tiempo de lectura":"5 minutos"},"schema":{"@context":"https:\/\/schema.org","@graph":[{"@type":"WebPage","@id":"https:\/\/www.moneythor.com\/banking-product\/","url":"https:\/\/www.moneythor.com\/banking-product\/","name":"Producto | Explora nuestros productos y caracter\u00edsticas | Moneythor","isPartOf":{"@id":"https:\/\/www.moneythor.com\/#website"},"datePublished":"2024-02-08T18:03:24+00:00","dateModified":"2025-02-26T08:16:57+00:00","description":"Paquete completo de soluciones de personalizaci\u00f3n para generar resultados empresariales mensurables. Descargue nuestra gu\u00eda de productos y caracter\u00edsticas.","breadcrumb":{"@id":"https:\/\/www.moneythor.com\/banking-product\/#breadcrumb"},"inLanguage":"es","potentialAction":[{"@type":"ReadAction","target":["https:\/\/www.moneythor.com\/banking-product\/"]}]},{"@type":"BreadcrumbList","@id":"https:\/\/www.moneythor.com\/banking-product\/#breadcrumb","itemListElement":[{"@type":"ListItem","position":1,"name":"Home","item":"https:\/\/www.moneythor.com\/"},{"@type":"ListItem","position":2,"name":"Product"}]},{"@type":"WebSite","@id":"https:\/\/www.moneythor.com\/#website","url":"https:\/\/www.moneythor.com\/","name":"Moneythor","description":"Motor de personalizaci\u00f3n todo en uno para la banca moderna","publisher":{"@id":"https:\/\/www.moneythor.com\/#organization"},"potentialAction":[{"@type":"SearchAction","target":{"@type":"EntryPoint","urlTemplate":"https:\/\/www.moneythor.com\/?s={search_term_string}"},"query-input":{"@type":"PropertyValueSpecification","valueRequired":true,"valueName":"search_term_string"}}],"inLanguage":"es"},{"@type":"Organization","@id":"https:\/\/www.moneythor.com\/#organization","name":"Moneythor","url":"https:\/\/www.moneythor.com\/","logo":{"@type":"ImageObject","inLanguage":"es","@id":"https:\/\/www.moneythor.com\/#\/schema\/logo\/image\/","url":"https:\/\/www.moneythor.com\/wp-content\/uploads\/2024\/06\/Templates-for-Articles-NEW-BRANDING-2.png","contentUrl":"https:\/\/www.moneythor.com\/wp-content\/uploads\/2024\/06\/Templates-for-Articles-NEW-BRANDING-2.png","width":1200,"height":630,"caption":"Moneythor"},"image":{"@id":"https:\/\/www.moneythor.com\/#\/schema\/logo\/image\/"},"sameAs":["https:\/\/www.facebook.com\/moneythorhq","https:\/\/x.com\/moneythor","https:\/\/www.linkedin.com\/company\/moneythor"]}]}},"_links":{"self":[{"href":"https:\/\/www.moneythor.com\/es\/wp-json\/wp\/v2\/pages\/7528","targetHints":{"allow":["GET"]}}],"collection":[{"href":"https:\/\/www.moneythor.com\/es\/wp-json\/wp\/v2\/pages"}],"about":[{"href":"https:\/\/www.moneythor.com\/es\/wp-json\/wp\/v2\/types\/page"}],"author":[{"embeddable":true,"href":"https:\/\/www.moneythor.com\/es\/wp-json\/wp\/v2\/users\/10"}],"replies":[{"embeddable":true,"href":"https:\/\/www.moneythor.com\/es\/wp-json\/wp\/v2\/comments?post=7528"}],"version-history":[{"count":0,"href":"https:\/\/www.moneythor.com\/es\/wp-json\/wp\/v2\/pages\/7528\/revisions"}],"wp:attachment":[{"href":"https:\/\/www.moneythor.com\/es\/wp-json\/wp\/v2\/media?parent=7528"}],"curies":[{"name":"Gracias","href":"https:\/\/api.w.org\/{rel}","templated":true}]}}