{"id":4864,"date":"2021-08-18T11:55:33","date_gmt":"2021-08-18T03:55:33","guid":{"rendered":"https:\/\/www.moneythor.com\/?page_id=4864"},"modified":"2021-08-18T11:55:33","modified_gmt":"2021-08-18T03:55:33","slug":"cosecha-integrar-la-solucion-moneythor","status":"publish","type":"page","link":"https:\/\/www.moneythor.com\/es\/cosecha-integrar-la-solucion-moneythor\/","title":{"rendered":"Cosecha integrada en la soluci\u00f3n Moneythor"},"content":{"rendered":"<h1>Cosecha integrada en la soluci\u00f3n Moneythor<\/h1>\n<p><em>Harvest elige la tecnolog\u00eda innovadora de Moneythor para donar la pertinencia a la agregaci\u00f3n de cuentas propuestas por el servicio digital MoneyPitch.<\/em><\/p>\n<p>Par\u00eds, 18 de febrero de 2018 \u2013 Moneythor, el editor de l\u00f3gica especializado en la personalizaci\u00f3n y el enriquecimiento de servicios financieros en l\u00ednea, una elecci\u00f3n de Harvest, n\u00famero 1 franc\u00e9s de la edici\u00f3n de soluciones digitales para los profesionales del consejo financiero et patrimonial pour enrichir son offre de portail client.<\/p>\n<p>Esta partenariat technologique permet \u00e0 Harvest para enriquecer las funciones de an\u00e1lisis patrimonial de MoneyPitch, la nueva soluci\u00f3n BtoBtoC desarrollada por profesionales del patrimonio, bancos y empresas de seguros. Al identificar con precisi\u00f3n la estructura de las finanzas personales del cliente final, el motor anal\u00edtico Moneythor permite a los motores de c\u00e1lculo cosechar de su proponente autom\u00e1ticamente una vista enriquecida de sus cuentas y operaciones para proponer alertas patrimoniales din\u00e1micas a medida.<\/p>\n<p><img loading=\"lazy\" decoding=\"async\" class=\"wp-image-1456 size-full aligncenter\" src=\"\/wp-content\/uploads\/2018\/01\/moneypitch.jpg\" alt=\"\" width=\"525\" height=\"277\" srcset=\"https:\/\/www.moneythor.com\/wp-content\/uploads\/2018\/01\/moneypitch.jpg 525w, https:\/\/www.moneythor.com\/wp-content\/uploads\/2018\/01\/moneypitch-20x11.jpg 20w\" sizes=\"auto, (max-width: 525px) 100vw, 525px\" \/><br \/>\n\u201cNuestra soluci\u00f3n al croisement du PFM y las recomendaciones contextuales personalizadas nos permiten aplicar un an\u00e1lisis fino de las finanzas personales de los clientes patrimoniales, requisitos previos a un consejo de asignaci\u00f3n pertinente. Ce partenariat avec Harvest es una excelente oportunidad que refuerza nuestra posici\u00f3n en el mercado franc\u00e9s, particularmente en un contexto de nuevas demandas en l\u00ednea con la revisi\u00f3n de la Directiva de Servicios de Pago (DSP2)\u201d, dijo St\u00e9phane Nouy, director para Europa de Moneythor.<\/p>\n<hr \/>\n<p><strong>A prop\u00f3sito de Moneythor<\/strong><\/p>\n<p>dinerothor (<a href=\"https:\/\/www.moneythor.com\/es\/\" target=\"_blank\" rel=\"noopener\">dinerothor.com<\/a>) es un editor de l\u00f3gica basado en Par\u00eds y Singapur que permite a las instituciones financieras enriquecer sus servicios en l\u00ednea para sus clientes particulares y empresas para mejorar sus capacidades de an\u00e1lisis y marketing. La soci\u00e9t\u00e9 a \u00e9t\u00e9 r\u00e9compens\u00e9e du label Projets Innovants par le P\u00f4le de Comp\u00e9titivit\u00e9 Mondial FINANCE INNOVATION et cuenta plusieurs banques internationales parmi ses client.<\/p>\n<p><strong>A prop\u00f3sito de Cosecha<\/strong><\/p>\n<p>Cosecha (<a href=\"https:\/\/www.harvest.fr\/\" target=\"_blank\" rel=\"noopener\">cosecha.fr<\/a>) es un editor de soluciones digitales especializado en los profesionales del consejo financiero y patrimonial. Fort de plus de 25 ans d&#039;exp\u00e9rience, Harvest a su gagner la confianza de una gran clientela: r\u00e9seaux bancaires, compagnies d&#039;assurance et mutuelles, banques priv\u00e9es, CGPi, expert-comptables, avocats fiscalistes, etc. La soci\u00e9t\u00e9 est cot\u00e9e Desde el 23 de junio de 2005 en Alternext d&#039;Euronext Paris.<\/p>","protected":false},"excerpt":{"rendered":"<p>Harvest int\u00e8gre la solution Moneythor Harvest choisit la technologie innovante de Moneythor pour donner de la pertinence \u00e0 l\u2019agr\u00e9gation de comptes propos\u00e9e par son service digital MoneyPitch. Paris, le 18 F\u00e9vrier 2018 &#8211;\u00a0Moneythor, l&#8217;\u00e9diteur de logiciels sp\u00e9cialis\u00e9 dans la personnalisation et l\u2019enrichissement des services financiers en ligne, a \u00e9t\u00e9 choisi par Harvest, num\u00e9ro 1 fran\u00e7ais [&#8230;]\n","protected":false},"author":4,"featured_media":0,"parent":0,"menu_order":0,"comment_status":"closed","ping_status":"closed","template":"page-right-sidebar.php","meta":{"inline_featured_image":false,"footnotes":""},"class_list":["post-4864","page","type-page","status-publish","hentry"],"yoast_head":"<!-- This site is optimized with the Yoast SEO plugin v26.8 - https:\/\/yoast.com\/product\/yoast-seo-wordpress\/ -->\n<title>Harvest int\u00e8gre la solution Moneythor | Moneythor<\/title>\n<meta name=\"robots\" content=\"index, follow, max-snippet:-1, max-image-preview:large, max-video-preview:-1\" \/>\n<link rel=\"canonical\" href=\"https:\/\/www.moneythor.com\/es\/cosecha-integrar-la-solucion-moneythor\/\" \/>\n<meta property=\"og:locale\" content=\"es_ES\" \/>\n<meta property=\"og:type\" content=\"article\" \/>\n<meta property=\"og:title\" content=\"Harvest int\u00e8gre la solution Moneythor | Moneythor\" \/>\n<meta property=\"og:description\" content=\"Harvest int\u00e8gre la solution Moneythor Harvest choisit la technologie innovante de Moneythor pour donner de la pertinence \u00e0 l\u2019agr\u00e9gation de comptes propos\u00e9e par son service digital MoneyPitch. Paris, le 18 F\u00e9vrier 2018 &#8211;\u00a0Moneythor, l&#8217;\u00e9diteur de logiciels sp\u00e9cialis\u00e9 dans la personnalisation et l\u2019enrichissement des services financiers en ligne, a \u00e9t\u00e9 choisi par Harvest, num\u00e9ro 1 fran\u00e7ais [...]\" \/>\n<meta property=\"og:url\" content=\"https:\/\/www.moneythor.com\/es\/cosecha-integrar-la-solucion-moneythor\/\" \/>\n<meta property=\"og:site_name\" content=\"Moneythor\" \/>\n<meta property=\"article:publisher\" content=\"https:\/\/www.facebook.com\/moneythorhq\" \/>\n<meta property=\"og:image\" content=\"https:\/\/www.moneythor.com\/wp-content\/uploads\/2024\/06\/Templates-for-Articles-NEW-BRANDING-2.png\" \/>\n\t<meta property=\"og:image:width\" content=\"1200\" \/>\n\t<meta property=\"og:image:height\" content=\"630\" \/>\n\t<meta property=\"og:image:type\" content=\"image\/png\" \/>\n<meta name=\"twitter:card\" content=\"summary_large_image\" \/>\n<meta name=\"twitter:site\" content=\"@moneythor\" \/>\n<meta name=\"twitter:label1\" content=\"Tiempo de lectura\" \/>\n\t<meta name=\"twitter:data1\" content=\"2 minutos\" \/>\n<script type=\"application\/ld+json\" class=\"yoast-schema-graph\">{\"@context\":\"https:\/\/schema.org\",\"@graph\":[{\"@type\":\"WebPage\",\"@id\":\"https:\/\/www.moneythor.com\/jp\/\u53ce\u7a6b\u306f\u30bd\u30ea\u30e5\u30fc\u30b7\u30e7\u30f3\u3092\u7d71\u5408\u3059\u308bmoneythor\/\",\"url\":\"https:\/\/www.moneythor.com\/jp\/\u53ce\u7a6b\u306f\u30bd\u30ea\u30e5\u30fc\u30b7\u30e7\u30f3\u3092\u7d71\u5408\u3059\u308bmoneythor\/\",\"name\":\"Harvest int\u00e8gre la solution Moneythor | Moneythor\",\"isPartOf\":{\"@id\":\"https:\/\/www.moneythor.com\/#website\"},\"datePublished\":\"2021-08-18T03:55:33+00:00\",\"breadcrumb\":{\"@id\":\"https:\/\/www.moneythor.com\/jp\/\u53ce\u7a6b\u306f\u30bd\u30ea\u30e5\u30fc\u30b7\u30e7\u30f3\u3092\u7d71\u5408\u3059\u308bmoneythor\/#breadcrumb\"},\"inLanguage\":\"es\",\"potentialAction\":[{\"@type\":\"ReadAction\",\"target\":[\"https:\/\/www.moneythor.com\/jp\/\u53ce\u7a6b\u306f\u30bd\u30ea\u30e5\u30fc\u30b7\u30e7\u30f3\u3092\u7d71\u5408\u3059\u308bmoneythor\/\"]}]},{\"@type\":\"BreadcrumbList\",\"@id\":\"https:\/\/www.moneythor.com\/jp\/\u53ce\u7a6b\u306f\u30bd\u30ea\u30e5\u30fc\u30b7\u30e7\u30f3\u3092\u7d71\u5408\u3059\u308bmoneythor\/#breadcrumb\",\"itemListElement\":[{\"@type\":\"ListItem\",\"position\":1,\"name\":\"Home\",\"item\":\"https:\/\/www.moneythor.com\/\"},{\"@type\":\"ListItem\",\"position\":2,\"name\":\"Harvest int\u00e8gre la solution Moneythor\"}]},{\"@type\":\"WebSite\",\"@id\":\"https:\/\/www.moneythor.com\/#website\",\"url\":\"https:\/\/www.moneythor.com\/\",\"name\":\"Moneythor\",\"description\":\"All-in-one personalisation engine for financial services\",\"publisher\":{\"@id\":\"https:\/\/www.moneythor.com\/#organization\"},\"potentialAction\":[{\"@type\":\"SearchAction\",\"target\":{\"@type\":\"EntryPoint\",\"urlTemplate\":\"https:\/\/www.moneythor.com\/?s={search_term_string}\"},\"query-input\":{\"@type\":\"PropertyValueSpecification\",\"valueRequired\":true,\"valueName\":\"search_term_string\"}}],\"inLanguage\":\"es\"},{\"@type\":\"Organization\",\"@id\":\"https:\/\/www.moneythor.com\/#organization\",\"name\":\"Moneythor\",\"url\":\"https:\/\/www.moneythor.com\/\",\"logo\":{\"@type\":\"ImageObject\",\"inLanguage\":\"es\",\"@id\":\"https:\/\/www.moneythor.com\/#\/schema\/logo\/image\/\",\"url\":\"https:\/\/www.moneythor.com\/wp-content\/uploads\/2024\/06\/Templates-for-Articles-NEW-BRANDING-2.png\",\"contentUrl\":\"https:\/\/www.moneythor.com\/wp-content\/uploads\/2024\/06\/Templates-for-Articles-NEW-BRANDING-2.png\",\"width\":1200,\"height\":630,\"caption\":\"Moneythor\"},\"image\":{\"@id\":\"https:\/\/www.moneythor.com\/#\/schema\/logo\/image\/\"},\"sameAs\":[\"https:\/\/www.facebook.com\/moneythorhq\",\"https:\/\/x.com\/moneythor\",\"https:\/\/www.linkedin.com\/company\/moneythor\"]}]}<\/script>\n<!-- \/ Yoast SEO plugin. -->","yoast_head_json":{"title":"Cosecha integra la soluci\u00f3n Moneythor | dinerothor","robots":{"index":"index","follow":"follow","max-snippet":"max-snippet:-1","max-image-preview":"max-image-preview:large","max-video-preview":"max-video-preview:-1"},"canonical":"https:\/\/www.moneythor.com\/es\/cosecha-integrar-la-solucion-moneythor\/","og_locale":"es_ES","og_type":"article","og_title":"Harvest int\u00e8gre la solution Moneythor | Moneythor","og_description":"Harvest int\u00e8gre la solution Moneythor Harvest choisit la technologie innovante de Moneythor pour donner de la pertinence \u00e0 l\u2019agr\u00e9gation de comptes propos\u00e9e par son service digital MoneyPitch. Paris, le 18 F\u00e9vrier 2018 &#8211;\u00a0Moneythor, l&#8217;\u00e9diteur de logiciels sp\u00e9cialis\u00e9 dans la personnalisation et l\u2019enrichissement des services financiers en ligne, a \u00e9t\u00e9 choisi par Harvest, num\u00e9ro 1 fran\u00e7ais [...]","og_url":"https:\/\/www.moneythor.com\/es\/cosecha-integrar-la-solucion-moneythor\/","og_site_name":"Moneythor","article_publisher":"https:\/\/www.facebook.com\/moneythorhq","og_image":[{"width":1200,"height":630,"url":"https:\/\/www.moneythor.com\/wp-content\/uploads\/2024\/06\/Templates-for-Articles-NEW-BRANDING-2.png","type":"image\/png"}],"twitter_card":"summary_large_image","twitter_site":"@moneythor","twitter_misc":{"Tiempo de lectura":"2 minutos"},"schema":{"@context":"https:\/\/schema.org","@graph":[{"@type":"WebPage","@id":"https:\/\/www.moneythor.com\/jp\/\u53ce\u7a6b\u306f\u30bd\u30ea\u30e5\u30fc\u30b7\u30e7\u30f3\u3092\u7d71\u5408\u3059\u308bmoneythor\/","url":"https:\/\/www.moneythor.com\/jp\/\u53ce\u7a6b\u306f\u30bd\u30ea\u30e5\u30fc\u30b7\u30e7\u30f3\u3092\u7d71\u5408\u3059\u308bmoneythor\/","name":"Cosecha integra la soluci\u00f3n Moneythor | dinerothor","isPartOf":{"@id":"https:\/\/www.moneythor.com\/#website"},"datePublished":"2021-08-18T03:55:33+00:00","breadcrumb":{"@id":"https:\/\/www.moneythor.com\/jp\/\u53ce\u7a6b\u306f\u30bd\u30ea\u30e5\u30fc\u30b7\u30e7\u30f3\u3092\u7d71\u5408\u3059\u308bmoneythor\/#breadcrumb"},"inLanguage":"es","potentialAction":[{"@type":"ReadAction","target":["https:\/\/www.moneythor.com\/jp\/\u53ce\u7a6b\u306f\u30bd\u30ea\u30e5\u30fc\u30b7\u30e7\u30f3\u3092\u7d71\u5408\u3059\u308bmoneythor\/"]}]},{"@type":"BreadcrumbList","@id":"https:\/\/www.moneythor.com\/jp\/\u53ce\u7a6b\u306f\u30bd\u30ea\u30e5\u30fc\u30b7\u30e7\u30f3\u3092\u7d71\u5408\u3059\u308bmoneythor\/#breadcrumb","itemListElement":[{"@type":"ListItem","position":1,"name":"Home","item":"https:\/\/www.moneythor.com\/"},{"@type":"ListItem","position":2,"name":"Harvest int\u00e8gre la solution Moneythor"}]},{"@type":"WebSite","@id":"https:\/\/www.moneythor.com\/#website","url":"https:\/\/www.moneythor.com\/","name":"Moneythor","description":"Motor de personalizaci\u00f3n todo en uno para la banca moderna","publisher":{"@id":"https:\/\/www.moneythor.com\/#organization"},"potentialAction":[{"@type":"SearchAction","target":{"@type":"EntryPoint","urlTemplate":"https:\/\/www.moneythor.com\/?s={search_term_string}"},"query-input":{"@type":"PropertyValueSpecification","valueRequired":true,"valueName":"search_term_string"}}],"inLanguage":"es"},{"@type":"Organization","@id":"https:\/\/www.moneythor.com\/#organization","name":"Moneythor","url":"https:\/\/www.moneythor.com\/","logo":{"@type":"ImageObject","inLanguage":"es","@id":"https:\/\/www.moneythor.com\/#\/schema\/logo\/image\/","url":"https:\/\/www.moneythor.com\/wp-content\/uploads\/2024\/06\/Templates-for-Articles-NEW-BRANDING-2.png","contentUrl":"https:\/\/www.moneythor.com\/wp-content\/uploads\/2024\/06\/Templates-for-Articles-NEW-BRANDING-2.png","width":1200,"height":630,"caption":"Moneythor"},"image":{"@id":"https:\/\/www.moneythor.com\/#\/schema\/logo\/image\/"},"sameAs":["https:\/\/www.facebook.com\/moneythorhq","https:\/\/x.com\/moneythor","https:\/\/www.linkedin.com\/company\/moneythor"]}]}},"_links":{"self":[{"href":"https:\/\/www.moneythor.com\/es\/wp-json\/wp\/v2\/pages\/4864","targetHints":{"allow":["GET"]}}],"collection":[{"href":"https:\/\/www.moneythor.com\/es\/wp-json\/wp\/v2\/pages"}],"about":[{"href":"https:\/\/www.moneythor.com\/es\/wp-json\/wp\/v2\/types\/page"}],"author":[{"embeddable":true,"href":"https:\/\/www.moneythor.com\/es\/wp-json\/wp\/v2\/users\/4"}],"replies":[{"embeddable":true,"href":"https:\/\/www.moneythor.com\/es\/wp-json\/wp\/v2\/comments?post=4864"}],"version-history":[{"count":0,"href":"https:\/\/www.moneythor.com\/es\/wp-json\/wp\/v2\/pages\/4864\/revisions"}],"wp:attachment":[{"href":"https:\/\/www.moneythor.com\/es\/wp-json\/wp\/v2\/media?parent=4864"}],"curies":[{"name":"Gracias","href":"https:\/\/api.w.org\/{rel}","templated":true}]}}